{"id":205514,"date":"2019-01-07T16:18:48","date_gmt":"2019-01-07T16:18:48","guid":{"rendered":"http:\/\/kertepites.penyigeydesign.hu\/?page_id=205514"},"modified":"2019-02-20T09:31:50","modified_gmt":"2019-02-20T09:31:50","slug":"kivitelezes","status":"publish","type":"page","link":"https:\/\/unicumhaz.hu\/en\/kivitelezes\/","title":{"rendered":"Kivitelez\u00e9s"},"content":{"rendered":"<div id=\"fws_69e9a2635e5c0\"  data-column-margin=\"default\" data-midnight=\"light\" data-top-percent=\"13%\" data-bottom-percent=\"13%\"  class=\"wpb_row vc_row-fluid vc_row full-width-section parallax_section\"  style=\"padding-top: calc(100vw * 0.13); padding-bottom: calc(100vw * 0.13); \"><div class=\"row-bg-wrap\" data-bg-animation=\"none\" data-bg-animation-delay=\"\" data-bg-overlay=\"true\"><div class=\"inner-wrap row-bg-layer using-image\" ><div class=\"row-bg viewport-desktop using-image using-bg-color\" data-parallax-speed=\"fast\" style=\"background-position: center center; background-repeat: no-repeat; background-color: #333333; \"><\/div><\/div><div class=\"row-bg-overlay row-bg-layer\" style=\"background: #81d742; background: linear-gradient(135deg,#81d742 0%,#133f15 100%);  opacity: 0.5; \"><\/div><\/div>\n\t\t\t<div class=\"video-color-overlay row-bg-layer\" data-color=\"\"><\/div>\n\t\t\t\n\t\t\t<div class=\"nectar-video-wrap row-bg-layer\" data-bg-alignment=\"center center\">\n\t\t\t\t<div class=\"nectar-video-inner\">\n\t\t\t\t<video class=\"nectar-video-bg\" width=\"1800\" height=\"700\" preload=\"auto\" loop autoplay muted playsinline><\/video>    \t\t<\/div>\n\t\t\t <\/div>\n\n\t\t\t<div class=\"row_col_wrap_12 col span_12 light left\">\n\t<div  class=\"vc_col-sm-6 wpb_column column_container vc_column_container col no-extra-padding\"  data-padding-pos=\"all\" data-has-bg-color=\"false\" data-bg-color=\"\" data-bg-opacity=\"1\" data-animation=\"\" data-delay=\"0\" >\n\t\t<div class=\"vc_column-inner\" >\n\t\t\t<div class=\"wpb_wrapper\">\n\t\t\t\t<div class=\"nectar-split-heading\" data-align=\"default\" data-m-align=\"inherit\" data-text-effect=\"default\" data-animation-type=\"default\" data-animation-delay=\"0\" data-animation-offset=\"\" data-m-rm-animation=\"\" data-stagger=\"\" data-custom-font-size=\"false\" ><div class=\"heading-line\" > <div><h1>Kivitelez\u00e9s<\/h1> <\/div> <\/div><\/div><div id=\"fws_69e9a2636010b\" data-midnight=\"\" data-column-margin=\"default\" class=\"wpb_row vc_row-fluid vc_row inner_row\"  style=\"\"><div class=\"row-bg-wrap\"> <div class=\"row-bg\" ><\/div> <\/div><div class=\"row_col_wrap_12_inner col span_12  left\">\n\t<div  class=\"vc_col-sm-10 wpb_column column_container vc_column_container col child_column has-animation no-extra-padding\"   data-padding-pos=\"all\" data-has-bg-color=\"false\" data-bg-color=\"\" data-bg-opacity=\"1\" data-animation=\"fade-in-from-bottom\" data-delay=\"300\" >\n\t\t<div class=\"vc_column-inner\" >\n\t\t<div class=\"wpb_wrapper\">\n\t\t\t<p style=\"color: rgba(255,255,255,0.7);text-align: left\" class=\"vc_custom_heading\" >Ismerd meg munk\u00e1inkat!<\/p>\n\t\t<\/div> \n\t<\/div>\n\t<\/div> \n\n\t<div  class=\"vc_col-sm-2 wpb_column column_container vc_column_container col child_column no-extra-padding\"   data-padding-pos=\"all\" data-has-bg-color=\"false\" data-bg-color=\"\" data-bg-opacity=\"1\" data-animation=\"\" data-delay=\"0\" >\n\t\t<div class=\"vc_column-inner\" >\n\t\t<div class=\"wpb_wrapper\">\n\t\t\t\n\t\t<\/div> \n\t<\/div>\n\t<\/div> \n<\/div><\/div>\n\t\t\t<\/div> \n\t\t<\/div>\n\t<\/div> \n\n\t<div  class=\"vc_col-sm-6 wpb_column column_container vc_column_container col no-extra-padding\"  data-padding-pos=\"all\" data-has-bg-color=\"false\" data-bg-color=\"\" data-bg-opacity=\"1\" data-animation=\"\" data-delay=\"0\" >\n\t\t<div class=\"vc_column-inner\" >\n\t\t\t<div class=\"wpb_wrapper\">\n\t\t\t\t\n\t\t\t<\/div> \n\t\t<\/div>\n\t<\/div> \n<\/div><\/div>\n\t\t<div id=\"fws_69e9a26362fc7\"  data-column-margin=\"default\" data-midnight=\"dark\"  class=\"wpb_row vc_row-fluid vc_row full-width-content vc_row-o-equal-height vc_row-flex vc_row-o-content-top\"  style=\"padding-top: 0px; padding-bottom: 0px; \"><div class=\"row-bg-wrap\" data-bg-animation=\"none\" data-bg-animation-delay=\"\" data-bg-overlay=\"false\"><div class=\"inner-wrap row-bg-layer\" ><div class=\"row-bg viewport-desktop\"  style=\"\"><\/div><\/div><\/div><div class=\"row_col_wrap_12 col span_12 dark left\">\n\t<div style=\"\" class=\"vc_col-sm-6 wpb_column column_container vc_column_container col padding-5-percent\" data-using-bg=\"true\" data-padding-pos=\"all\" data-has-bg-color=\"false\" data-bg-color=\"\" data-bg-opacity=\"1\" data-animation=\"\" data-delay=\"0\" >\n\t\t<div class=\"vc_column-inner\" ><div class=\"column-image-bg-wrap column-bg-layer viewport-desktop\" data-bg-pos=\"center center\" data-bg-animation=\"none\" data-bg-overlay=\"false\"><div class=\"inner-wrap\"><div class=\"column-image-bg\" style=\"\"><\/div><\/div><\/div>\n\t\t\t<div class=\"wpb_wrapper\">\n\t\t\t\t\n\t\t\t<\/div> \n\t\t<\/div>\n\t<\/div> \n\n\t<div  class=\"vc_col-sm-6 wpb_column column_container vc_column_container col padding-7-percent\"  data-padding-pos=\"all\" data-has-bg-color=\"false\" data-bg-color=\"\" data-bg-opacity=\"1\" data-animation=\"\" data-delay=\"0\" >\n\t\t<div class=\"vc_column-inner\" >\n\t\t\t<div class=\"wpb_wrapper\">\n\t\t\t\t\n<div class=\"wpb_text_column wpb_content_element\" >\n\t<div class=\"wpb_wrapper\">\n\t\t<p><strong><em>Mag\u00e1nkertek,<\/em> <em>z\u00f6ldter\u00fcletek<\/em> <em>a<\/em><em> k\u00f6zparkok, k\u00f6zkertek, f\u00e1s\u00edtott k\u00f6zterek \u00e9s a j\u00e1tsz\u00f3terek gener\u00e1l kivitelez\u00e9st v\u00e1llaljuk, az al\u00e1bbi felsorolt munkafolyamatok elv\u00e9gz\u00e9s\u00e9vel.<\/em><\/strong><\/p>\n<ul>\n<li><em>Durva<\/em> <em>terepmunk\u00e1k<\/em><\/li>\n<li><em>Kerti<\/em><em> l\u00e9tes\u00edtm\u00e9nyek<\/em><\/li>\n<li><em>T\u00f3<\/em><em> \u00e9p\u00edt\u00e9s (\u00fasz\u00f3 t\u00f3)<\/em><\/li>\n<li><em>Burkolatok,<\/em> <em>t\u00e1mfalak<\/em> <em>\u00e9p\u00edt\u00e9se<\/em><\/li>\n<li><em>Kerti<\/em><em> pihen\u0151<\/em><\/li>\n<li><em>Kerti<\/em><em> szeg\u00e9lyek<\/em><\/li>\n<li><em>Automata<\/em> <em>\u00f6nt\u00f6z\u0151rendszerek<\/em><\/li>\n<li><em>Kerti<\/em><em> vil\u00e1g\u00edt\u00e1s a n\u00f6v\u00e9nyekre hangolva<\/em><\/li>\n<li><em>N\u00f6v\u00e9nybeszerz\u00e9s,<\/em> <em>n\u00f6v\u00e9ny\u00fcltet\u00e9s<\/em><\/li>\n<li><em>T<\/em><em>a<\/em><em>lajtakar\u00e1sok, feny\u0151k\u00e9reggel, d\u00edszkaviccsal<\/em><\/li>\n<li><em>Gyepsz\u0151nyegez\u00e9s, vakond<\/em> <em>elleni h\u00e1l\u00f3val<\/em><\/li>\n<\/ul>\n\t<\/div>\n<\/div>\n\n\n\n\n\t\t\t<\/div> \n\t\t<\/div>\n\t<\/div> \n<\/div><\/div>\n\t\t<div id=\"fws_69e9a26365a29\"  data-column-margin=\"default\" data-midnight=\"light\"  class=\"wpb_row vc_row-fluid vc_row full-width-section\"  style=\"padding-top: 0px; padding-bottom: 0px; \"><div class=\"row-bg-wrap\" data-bg-animation=\"none\" data-bg-animation-delay=\"\" data-bg-overlay=\"true\"><div class=\"inner-wrap row-bg-layer using-image\" ><div class=\"row-bg viewport-desktop using-image\"  style=\"background-position: center bottom; background-repeat: no-repeat; \"><\/div><\/div><div class=\"row-bg-overlay row-bg-layer\" style=\"background-color:#3d3d3d;  opacity: 0.8; \"><\/div><\/div><div class=\"row_col_wrap_12 col span_12 light left\">\n\t<div  class=\"vc_col-sm-12 wpb_column column_container vc_column_container col centered-text padding-7-percent\"  data-padding-pos=\"all\" data-has-bg-color=\"false\" data-bg-color=\"\" data-bg-opacity=\"1\" data-animation=\"\" data-delay=\"0\" >\n\t\t<div class=\"vc_column-inner\" >\n\t\t\t<div class=\"wpb_wrapper\">\n\t\t\t\t\n<div class=\"wpb_text_column wpb_content_element\" >\n\t<div class=\"wpb_wrapper\">\n\t\t<h2 class=\"vc_custom_heading wpb_animate_when_almost_visible wpb_fadeInUp fadeInUp animated wpb_start_animation\" style=\"text-align: center;\">Felkeltett\u00fck \u00e9rdekl\u0151d\u00e9s\u00e9t?<\/h2>\n\t<\/div>\n<\/div>\n\n\n\n<a class=\"nectar-button large see-through-2  has-icon\"  role=\"button\" style=\"border-color: #81d742; color: #81d742;\"  href=\"\/en\/kapcsolat\/\" data-color-override=\"#81d742\"  data-hover-color-override=\"#898989\" data-hover-text-color-override=\"#ffffff\"><span>Aj\u00e1nlatot k\u00e9rek!<\/span><i  class=\"fa fa-handshake-o\"><\/i><\/a>\n\t\t\t<\/div> \n\t\t<\/div>\n\t<\/div> \n<\/div><\/div>","protected":false},"excerpt":{"rendered":"Kivitelez\u00e9s Ismerd meg munk\u00e1inkat! Mag\u00e1nkertek, z\u00f6ldter\u00fcletek a k\u00f6zparkok, k\u00f6zkertek, f\u00e1s\u00edtott k\u00f6zterek \u00e9s a j\u00e1tsz\u00f3terek gener\u00e1l...","protected":false},"author":1,"featured_media":0,"parent":0,"menu_order":0,"comment_status":"closed","ping_status":"closed","template":"","meta":{"_monsterinsights_skip_tracking":false,"_monsterinsights_sitenote_active":false,"_monsterinsights_sitenote_note":"","_monsterinsights_sitenote_category":0,"footnotes":""},"class_list":["post-205514","page","type-page","status-publish"],"_links":{"self":[{"href":"https:\/\/unicumhaz.hu\/en\/wp-json\/wp\/v2\/pages\/205514","targetHints":{"allow":["GET"]}}],"collection":[{"href":"https:\/\/unicumhaz.hu\/en\/wp-json\/wp\/v2\/pages"}],"about":[{"href":"https:\/\/unicumhaz.hu\/en\/wp-json\/wp\/v2\/types\/page"}],"author":[{"embeddable":true,"href":"https:\/\/unicumhaz.hu\/en\/wp-json\/wp\/v2\/users\/1"}],"replies":[{"embeddable":true,"href":"https:\/\/unicumhaz.hu\/en\/wp-json\/wp\/v2\/comments?post=205514"}],"version-history":[{"count":25,"href":"https:\/\/unicumhaz.hu\/en\/wp-json\/wp\/v2\/pages\/205514\/revisions"}],"predecessor-version":[{"id":205767,"href":"https:\/\/unicumhaz.hu\/en\/wp-json\/wp\/v2\/pages\/205514\/revisions\/205767"}],"wp:attachment":[{"href":"https:\/\/unicumhaz.hu\/en\/wp-json\/wp\/v2\/media?parent=205514"}],"curies":[{"name":"wp","href":"https:\/\/api.w.org\/{rel}","templated":true}]}}