{"id":206042,"date":"2019-03-22T19:12:28","date_gmt":"2019-03-22T19:12:28","guid":{"rendered":"https:\/\/unicumhaz.hu\/?page_id=206042"},"modified":"2025-02-14T12:40:32","modified_gmt":"2025-02-14T12:40:32","slug":"the-zwack-story","status":"publish","type":"page","link":"https:\/\/unicumhaz.hu\/en\/the-zwack-story\/","title":{"rendered":"The Zwack Story"},"content":{"rendered":"<div id=\"fws_69ece8a6ec4aa\"  data-column-margin=\"default\" data-midnight=\"dark\" data-top-percent=\"6%\" data-bottom-percent=\"6%\"  class=\"wpb_row vc_row-fluid vc_row full-width-section\"  style=\"padding-top: calc(100vw * 0.06); padding-bottom: calc(100vw * 0.06); \"><div class=\"row-bg-wrap\" data-bg-animation=\"none\" data-bg-animation-delay=\"\" data-bg-overlay=\"true\"><div class=\"inner-wrap row-bg-layer using-image\" ><div class=\"row-bg viewport-desktop using-image lazyload\"  style=\"background-image:inherit; background-position: center center; background-repeat: no-repeat; \" data-bg-image=\"url(https:\/\/unicumhaz.hu\/wp-content\/uploads\/2019\/03\/22958738-25439812-1.png)\"><\/div><\/div><div class=\"row-bg-overlay row-bg-layer\" style=\"background-color:#0a0a0a;  opacity: 0.8; \"><\/div><\/div><div class=\"row_col_wrap_12 col span_12 dark left\">\n\t<div  class=\"vc_col-sm-12 wpb_column column_container vc_column_container col no-extra-padding inherit_tablet inherit_phone\"  data-padding-pos=\"all\" data-has-bg-color=\"false\" data-bg-color=\"\" data-bg-opacity=\"1\" data-animation=\"\" data-delay=\"0\" >\n\t\t<div class=\"vc_column-inner\" >\n\t\t\t<div class=\"wpb_wrapper\">\n\t\t\t\t\n<div class=\"wpb_text_column wpb_content_element\" >\n\t<div class=\"wpb_wrapper\">\n\t\t<h2 style=\"text-align: center;\"><span style=\"color: #d3ac6f;\">The Zwack-story<\/span><\/h2>\n\t<\/div>\n<\/div>\n\n\n\n\n\t\t\t<\/div> \n\t\t<\/div>\n\t<\/div> \n<\/div><\/div>\n\t\t<div id=\"fws_69ece8a6ed81b\"  data-column-margin=\"default\" data-midnight=\"dark\"  class=\"wpb_row vc_row-fluid vc_row full-width-section\"  style=\"padding-top: 0px; padding-bottom: 0px; \"><div class=\"row-bg-wrap\" data-bg-animation=\"none\" data-bg-animation-delay=\"\" data-bg-overlay=\"false\"><div class=\"inner-wrap row-bg-layer\" ><div class=\"row-bg viewport-desktop\"  style=\"\"><\/div><\/div><\/div><div class=\"nectar-shape-divider-wrap\" style=\" height:5px;\"  data-height=\"5\" data-front=\"\" data-style=\"curve\" data-position=\"top\" ><svg class=\"nectar-shape-divider\" aria-hidden=\"true\" fill=\"#d3ac6f\" xmlns=\"http:\/\/www.w3.org\/2000\/svg\" viewbox=\"0 0 1000 100\" preserveaspectratio=\"none\"> <path d=\"M 0 0 c 0 0 200 50 500 50 s 500 -50 500 -50 v 101 h -1000 v -100 z\"><\/path> <\/svg><\/div><div class=\"row_col_wrap_12 col span_12 dark left\">\n\t<div  class=\"vc_col-sm-12 wpb_column column_container vc_column_container col no-extra-padding inherit_tablet inherit_phone\"  data-padding-pos=\"all\" data-has-bg-color=\"false\" data-bg-color=\"\" data-bg-opacity=\"1\" data-animation=\"\" data-delay=\"0\" >\n\t\t<div class=\"vc_column-inner\" >\n\t\t\t<div class=\"wpb_wrapper\">\n\t\t\t\t\n<div class=\"wpb_text_column wpb_content_element\" >\n\t<div class=\"wpb_wrapper\">\n\t\t\t<\/div>\n<\/div>\n\n\n\n\n\t\t\t<\/div> \n\t\t<\/div>\n\t<\/div> \n<\/div><\/div>\n\t\t<div id=\"fws_69ece8a6ee796\"  data-column-margin=\"default\" data-midnight=\"dark\"  class=\"wpb_row vc_row-fluid vc_row\"  style=\"padding-top: 0px; padding-bottom: 0px; \"><div class=\"row-bg-wrap\" data-bg-animation=\"none\" data-bg-animation-delay=\"\" data-bg-overlay=\"false\"><div class=\"inner-wrap row-bg-layer\" ><div class=\"row-bg viewport-desktop\"  style=\"\"><\/div><\/div><\/div><div class=\"row_col_wrap_12 col span_12 dark left\">\n\t<div  class=\"vc_col-sm-12 wpb_column column_container vc_column_container col no-extra-padding inherit_tablet inherit_phone\"  data-padding-pos=\"all\" data-has-bg-color=\"false\" data-bg-color=\"\" data-bg-opacity=\"1\" data-animation=\"\" data-delay=\"0\" >\n\t\t<div class=\"vc_column-inner\" >\n\t\t\t<div class=\"wpb_wrapper\">\n\t\t\t\t\n<div class=\"wpb_text_column wpb_content_element\" >\n\t<div class=\"wpb_wrapper\">\n\t\t<p>Zwack Unicum is a liqueur distilled from over forty herbs from all over the world. The legend says it was invented in 1790 by one of the family\u2019s ancestors, Doctor Zwack, royal physician to the Austro Hungarian Emperor. <span style=\"color: #d3ac6f;\">\u201cDas ist ein Unicum!\u201d<\/span> Joseph II is said to have declared, thus giving this herb liqueur in its distinctive round bottle its name.<\/p>\n<p>Ever since, Unicum has been known as the national drink of Hungary, its recipe a jealously guarded family secret, aged for months in oak casks in the cellars burrowing under the distillery. In 2012 Unicum Szilva or Plum was introduced, the first herb liqueur in the world to be aged on fruit in oak. The recipe for Szilva is exactly the same as the original Unicum but, due to the dried plums on which it is aged, it has a smooth and velvety taste which in no way detracts from Unicum\u2019s strong character.<\/p>\n<p>The Zwack Company was founded in 1840 by Jozsef Zwack and in 1892 moved to its present headquarters on the banks of the Danube in Budapest. Apart from a forty five year hiatus during the Communist regime, the Company has been in family hands ever since. The fifth generation heir, Peter Zwack, returned to Hungary in 1988 and together with his partner, the Underberg family, repurchased the distillery.<\/p>\n<p>Peter Zwack died in 2012 having already relinquished his position as Chairman of the Board of Directors, which he had held since 1992, to his youngest son, Sandor, while his daughter, Izabella, is also a member of the Board.<\/p>\n<p>Unicum is exported all over the world and is particularly strong in Italy, Germany and our neighbouring countries, while it has recently been launched on the Chinese market. Zwack is the leading importer and distributor of spirits and liqueurs in Hungary. Apart from Unicum, the Zwack Company\u2019s flagship brands are F\u00fcty\u00fcl\u0151s, the famous fruit liqueur, Vilmos, a pear speciality, St. Hubertus, a bitter orange liqueur and the Zwack vodka, Kalinka.<\/p>\n\t<\/div>\n<\/div>\n\n\n\n\n\t\t\t<\/div> \n\t\t<\/div>\n\t<\/div> \n<\/div><\/div>\n\t\t<div id=\"fws_69ece8a6ef773\"  data-column-margin=\"default\" data-midnight=\"dark\"  class=\"wpb_row vc_row-fluid vc_row full-width-section\"  style=\"padding-top: 0px; padding-bottom: 0px; \"><div class=\"row-bg-wrap\" data-bg-animation=\"none\" data-bg-animation-delay=\"\" data-bg-overlay=\"false\"><div class=\"inner-wrap row-bg-layer\" ><div class=\"row-bg viewport-desktop\"  style=\"\"><\/div><\/div><\/div><div class=\"nectar-shape-divider-wrap\" style=\" height:5px;\"  data-height=\"5\" data-front=\"\" data-style=\"curve\" data-position=\"bottom\" ><svg class=\"nectar-shape-divider\" aria-hidden=\"true\" fill=\"#d3ac6f\" xmlns=\"http:\/\/www.w3.org\/2000\/svg\" viewbox=\"0 0 1000 100\" preserveaspectratio=\"none\"> <path d=\"M 0 0 c 0 0 200 50 500 50 s 500 -50 500 -50 v 101 h -1000 v -100 z\"><\/path> <\/svg><\/div><div class=\"row_col_wrap_12 col span_12 dark left\">\n\t<div  class=\"vc_col-sm-12 wpb_column column_container vc_column_container col no-extra-padding inherit_tablet inherit_phone\"  data-padding-pos=\"all\" data-has-bg-color=\"false\" data-bg-color=\"\" data-bg-opacity=\"1\" data-animation=\"\" data-delay=\"0\" >\n\t\t<div class=\"vc_column-inner\" >\n\t\t\t<div class=\"wpb_wrapper\">\n\t\t\t\t<div class=\"divider-wrap\" data-alignment=\"default\"><div style=\"height: 25px;\" class=\"divider\"><\/div><\/div>\n\t\t\t<\/div> \n\t\t<\/div>\n\t<\/div> \n<\/div><\/div>","protected":false},"excerpt":{"rendered":"The Zwack-story Zwack Unicum is a liqueur distilled from over forty herbs from all over...","protected":false},"author":1,"featured_media":0,"parent":0,"menu_order":0,"comment_status":"closed","ping_status":"closed","template":"","meta":{"_monsterinsights_skip_tracking":false,"_monsterinsights_sitenote_active":false,"_monsterinsights_sitenote_note":"","_monsterinsights_sitenote_category":0,"footnotes":""},"class_list":["post-206042","page","type-page","status-publish"],"_links":{"self":[{"href":"https:\/\/unicumhaz.hu\/en\/wp-json\/wp\/v2\/pages\/206042","targetHints":{"allow":["GET"]}}],"collection":[{"href":"https:\/\/unicumhaz.hu\/en\/wp-json\/wp\/v2\/pages"}],"about":[{"href":"https:\/\/unicumhaz.hu\/en\/wp-json\/wp\/v2\/types\/page"}],"author":[{"embeddable":true,"href":"https:\/\/unicumhaz.hu\/en\/wp-json\/wp\/v2\/users\/1"}],"replies":[{"embeddable":true,"href":"https:\/\/unicumhaz.hu\/en\/wp-json\/wp\/v2\/comments?post=206042"}],"version-history":[{"count":21,"href":"https:\/\/unicumhaz.hu\/en\/wp-json\/wp\/v2\/pages\/206042\/revisions"}],"predecessor-version":[{"id":212241,"href":"https:\/\/unicumhaz.hu\/en\/wp-json\/wp\/v2\/pages\/206042\/revisions\/212241"}],"wp:attachment":[{"href":"https:\/\/unicumhaz.hu\/en\/wp-json\/wp\/v2\/media?parent=206042"}],"curies":[{"name":"wp","href":"https:\/\/api.w.org\/{rel}","templated":true}]}}