{"id":206430,"date":"2019-04-05T06:36:00","date_gmt":"2019-04-05T06:36:00","guid":{"rendered":"https:\/\/unicumhaz.hu\/?page_id=206430"},"modified":"2025-03-07T08:22:42","modified_gmt":"2025-03-07T08:22:42","slug":"hirek","status":"publish","type":"page","link":"https:\/\/unicumhaz.hu\/en\/hirek\/","title":{"rendered":"News"},"content":{"rendered":"<div id=\"fws_69d2672243c68\"  data-column-margin=\"default\" data-midnight=\"dark\" data-bottom-percent=\"1%\"  class=\"wpb_row vc_row-fluid vc_row full-width-section\" data-using-ctc=\"true\" style=\"padding-top: 0px; padding-bottom: calc(100vw * 0.01); color: #d3ac6f; \"><div class=\"row-bg-wrap\" data-bg-animation=\"none\" data-bg-animation-delay=\"\" data-bg-overlay=\"false\"><div class=\"inner-wrap row-bg-layer\" ><div class=\"row-bg viewport-desktop using-bg-color\"  style=\"background-color: #394647; \"><\/div><\/div><\/div><div class=\"row_col_wrap_12 col span_12 custom left\">\n\t<div  class=\"vc_col-sm-12 wpb_column column_container vc_column_container col no-extra-padding inherit_tablet inherit_phone\"  data-padding-pos=\"all\" data-has-bg-color=\"false\" data-bg-color=\"\" data-bg-opacity=\"1\" data-animation=\"\" data-delay=\"0\" >\n\t\t<div class=\"vc_column-inner\" >\n\t\t\t<div class=\"wpb_wrapper\">\n\t\t\t\t<div id=\"rps_69d26722479e2\" class=\"nectar-recent-posts-single_featured nectar-recent-posts-element multiple_featured parallax_section\" data-max-width=\"default\" data-button-color=\"accent-color\" data-nav-location=\"bottom\" data-bg-overlay=\"solid_color\" data-padding=\"8%\" data-autorotate=\"9000\" data-height=\"600\" data-animate-in-effect=\"none\" data-remove-post-date=\"1\" data-remove-post-author=\"1\" data-remove-post-comment-number=\"1\" data-remove-post-nectar-love=\"1\">\n      \n      <div class=\"nectar-recent-post-slide no-bg-img active post-ref-0\">\n\n        <div class=\"row-bg using-image\" data-parallax-speed=\"fast\">\n          <div class=\"nectar-recent-post-bg lazyload\"  style=\"background-image:inherit; \" data-bg-image=\"url(https:\/\/unicumhaz.hu\/wp-content\/uploads\/2025\/08\/proba2.png)\"><\/div>\n        <\/div>\n\n        <div class=\"recent-post-container container\"><div class=\"inner-wrap\"><div class=\"grav-wrap\"><a href=\"https:\/\/unicumhaz.hu\/en\/author\/admin-2\/\"><img alt='admin' data-src='https:\/\/secure.gravatar.com\/avatar\/c6a42c3aa6d3b04fa16fe42b7617f0b6?s=70&#038;d=mm&#038;r=g' data-srcset='https:\/\/secure.gravatar.com\/avatar\/c6a42c3aa6d3b04fa16fe42b7617f0b6?s=140&#038;d=mm&#038;r=g 2x' class='avatar avatar-70 photo lazyload' height='70' width='70' src='data:image\/gif;base64,R0lGODlhAQABAAAAACH5BAEKAAEALAAAAAABAAEAAAICTAEAOw==' style='--smush-placeholder-width: 70px; --smush-placeholder-aspect-ratio: 70\/70;' \/><\/a><div class=\"text\"><span>By <a href=\"https:\/\/unicumhaz.hu\/en\/author\/admin-2\/\" rel=\"author\">admin<\/a><\/span><span> In<\/span> <a class=\"hirek\" href=\"https:\/\/unicumhaz.hu\/en\/category\/hirek\/\"><span class=\"hirek\">News<\/span><\/a><\/div><\/div><h2 class=\"large-featured-post-title post-ref-1\">          <a href=\" https:\/\/unicumhaz.hu\/en\/szabaduloszoba\/\" class=\"full-slide-link\"> Trezor Titka \u2013 Szabadul\u00f3szoba az Unicum H\u00e1zban! <\/a>\n          <\/h2>\n                    <a class=\"nectar-button large regular accent-color regular-button has-icon\" data-arrow-style=\"default\" href=\"https:\/\/unicumhaz.hu\/en\/szabaduloszoba\/\" data-color-override=\"false\" data-hover-color-override=\"false\" data-hover-text-color-override=\"#fff\" >\n            <span>Read Article<\/span>\n            <i class=\"icon-button-arrow\"><\/i>          <\/a>\n\n\n\n          <\/div><!--\/inner-wrap-->\n\n        <\/div><!--\/recent-post-container-->\n\n      <\/div><!--\/nectar-recent-post-slide-->\n\n    \n  \n      \n      <div class=\"nectar-recent-post-slide no-bg-img  post-ref-2\">\n\n        <div class=\"row-bg using-image\" data-parallax-speed=\"fast\">\n          <div class=\"nectar-recent-post-bg lazyload\"  style=\"background-image:inherit; \" data-bg-image=\"url(https:\/\/unicumhaz.hu\/wp-content\/uploads\/2024\/09\/Unicum_Haz_Immerziv_vetites_1-1.jpg)\"><\/div>\n        <\/div>\n\n        <div class=\"recent-post-container container\"><div class=\"inner-wrap\"><div class=\"grav-wrap\"><a href=\"https:\/\/unicumhaz.hu\/en\/author\/admin-2\/\"><img alt='admin' data-src='https:\/\/secure.gravatar.com\/avatar\/c6a42c3aa6d3b04fa16fe42b7617f0b6?s=70&#038;d=mm&#038;r=g' data-srcset='https:\/\/secure.gravatar.com\/avatar\/c6a42c3aa6d3b04fa16fe42b7617f0b6?s=140&#038;d=mm&#038;r=g 2x' class='avatar avatar-70 photo lazyload' height='70' width='70' src='data:image\/gif;base64,R0lGODlhAQABAAAAACH5BAEKAAEALAAAAAABAAEAAAICTAEAOw==' style='--smush-placeholder-width: 70px; --smush-placeholder-aspect-ratio: 70\/70;' \/><\/a><div class=\"text\"><span>By <a href=\"https:\/\/unicumhaz.hu\/en\/author\/admin-2\/\" rel=\"author\">admin<\/a><\/span><span> In<\/span> <a class=\"hirek\" href=\"https:\/\/unicumhaz.hu\/en\/category\/hirek\/\"><span class=\"hirek\">News<\/span><\/a><\/div><\/div><h2 class=\"large-featured-post-title post-ref-1\">          <a href=\" https:\/\/unicumhaz.hu\/en\/magaval-ragado-immerziv-vetites\/\" class=\"full-slide-link\"> A captivating immersive projection! <\/a>\n          <\/h2>\n                    <a class=\"nectar-button large regular accent-color regular-button has-icon\" data-arrow-style=\"default\" href=\"https:\/\/unicumhaz.hu\/en\/magaval-ragado-immerziv-vetites\/\" data-color-override=\"false\" data-hover-color-override=\"false\" data-hover-text-color-override=\"#fff\" >\n            <span>Read Article<\/span>\n            <i class=\"icon-button-arrow\"><\/i>          <\/a>\n\n\n\n          <\/div><!--\/inner-wrap-->\n\n        <\/div><!--\/recent-post-container-->\n\n      <\/div><!--\/nectar-recent-post-slide-->\n\n    \n  \n      \n      <div class=\"nectar-recent-post-slide no-bg-img  post-ref-2\">\n\n        <div class=\"row-bg using-image\" data-parallax-speed=\"fast\">\n          <div class=\"nectar-recent-post-bg lazyload\"  style=\"background-image:inherit; \" data-bg-image=\"url(https:\/\/unicumhaz.hu\/wp-content\/uploads\/2021\/08\/ZJbefore-scaled.jpg)\"><\/div>\n        <\/div>\n\n        <div class=\"recent-post-container container\"><div class=\"inner-wrap\"><div class=\"grav-wrap\"><a href=\"https:\/\/unicumhaz.hu\/en\/author\/admin-2\/\"><img alt='admin' data-src='https:\/\/secure.gravatar.com\/avatar\/c6a42c3aa6d3b04fa16fe42b7617f0b6?s=70&#038;d=mm&#038;r=g' data-srcset='https:\/\/secure.gravatar.com\/avatar\/c6a42c3aa6d3b04fa16fe42b7617f0b6?s=140&#038;d=mm&#038;r=g 2x' class='avatar avatar-70 photo lazyload' height='70' width='70' src='data:image\/gif;base64,R0lGODlhAQABAAAAACH5BAEKAAEALAAAAAABAAEAAAICTAEAOw==' style='--smush-placeholder-width: 70px; --smush-placeholder-aspect-ratio: 70\/70;' \/><\/a><div class=\"text\"><span>By <a href=\"https:\/\/unicumhaz.hu\/en\/author\/admin-2\/\" rel=\"author\">admin<\/a><\/span><span> In<\/span> <a class=\"hirek\" href=\"https:\/\/unicumhaz.hu\/en\/category\/hirek\/\"><span class=\"hirek\">News<\/span><\/a><\/div><\/div><h2 class=\"large-featured-post-title post-ref-1\">          <a href=\" https:\/\/unicumhaz.hu\/en\/utazz-a-vilag-korul-az-unicummal\/\" class=\"full-slide-link\"> Travel around the world with Unicum <\/a>\n          <\/h2>\n                    <a class=\"nectar-button large regular accent-color regular-button has-icon\" data-arrow-style=\"default\" href=\"https:\/\/unicumhaz.hu\/en\/utazz-a-vilag-korul-az-unicummal\/\" data-color-override=\"false\" data-hover-color-override=\"false\" data-hover-text-color-override=\"#fff\" >\n            <span>Read Article<\/span>\n            <i class=\"icon-button-arrow\"><\/i>          <\/a>\n\n\n\n          <\/div><!--\/inner-wrap-->\n\n        <\/div><!--\/recent-post-container-->\n\n      <\/div><!--\/nectar-recent-post-slide-->\n\n    \n  \n      \n      <div class=\"nectar-recent-post-slide no-bg-img  post-ref-2\">\n\n        <div class=\"row-bg using-image\" data-parallax-speed=\"fast\">\n          <div class=\"nectar-recent-post-bg lazyload\"  style=\"background-image:inherit; \" data-bg-image=\"url(https:\/\/unicumhaz.hu\/wp-content\/uploads\/2020\/09\/qr-K\u00d3D.jpg)\"><\/div>\n        <\/div>\n\n        <div class=\"recent-post-container container\"><div class=\"inner-wrap\"><div class=\"grav-wrap\"><a href=\"https:\/\/unicumhaz.hu\/en\/author\/admin-2\/\"><img alt='admin' data-src='https:\/\/secure.gravatar.com\/avatar\/c6a42c3aa6d3b04fa16fe42b7617f0b6?s=70&#038;d=mm&#038;r=g' data-srcset='https:\/\/secure.gravatar.com\/avatar\/c6a42c3aa6d3b04fa16fe42b7617f0b6?s=140&#038;d=mm&#038;r=g 2x' class='avatar avatar-70 photo lazyload' height='70' width='70' src='data:image\/gif;base64,R0lGODlhAQABAAAAACH5BAEKAAEALAAAAAABAAEAAAICTAEAOw==' style='--smush-placeholder-width: 70px; --smush-placeholder-aspect-ratio: 70\/70;' \/><\/a><div class=\"text\"><span>By <a href=\"https:\/\/unicumhaz.hu\/en\/author\/admin-2\/\" rel=\"author\">admin<\/a><\/span><span> In<\/span> <a class=\"hirek\" href=\"https:\/\/unicumhaz.hu\/en\/category\/hirek\/\"><span class=\"hirek\">News<\/span><\/a><\/div><\/div><h2 class=\"large-featured-post-title post-ref-1\">          <a href=\" https:\/\/unicumhaz.hu\/en\/digitalis-elmeny-az-unicum-hazban\/\" class=\"full-slide-link\"> Digital experience at Unicum House <\/a>\n          <\/h2>\n                    <a class=\"nectar-button large regular accent-color regular-button has-icon\" data-arrow-style=\"default\" href=\"https:\/\/unicumhaz.hu\/en\/digitalis-elmeny-az-unicum-hazban\/\" data-color-override=\"false\" data-hover-color-override=\"false\" data-hover-text-color-override=\"#fff\" >\n            <span>Read Article<\/span>\n            <i class=\"icon-button-arrow\"><\/i>          <\/a>\n\n\n\n          <\/div><!--\/inner-wrap-->\n\n        <\/div><!--\/recent-post-container-->\n\n      <\/div><!--\/nectar-recent-post-slide-->\n\n    \n  <\/div>\n\t\t\t<\/div> \n\t\t<\/div>\n\t<\/div> \n<\/div><\/div>","protected":false},"excerpt":{"rendered":"Unicum: Magyarorsz\u00e1g nemzeti ital\u00e1nak rendk\u00edv\u00fcli t\u00f6rt\u00e9nete \u201eLegyen sz\u00f3 ak\u00e1r egy kocsm\u00e1r\u00f3l, ahol k\u00e9zm\u0171ves s\u00f6r\u00f6ket fogyaszthat,...","protected":false},"author":1,"featured_media":0,"parent":0,"menu_order":0,"comment_status":"closed","ping_status":"closed","template":"","meta":{"_monsterinsights_skip_tracking":false,"_monsterinsights_sitenote_active":false,"_monsterinsights_sitenote_note":"","_monsterinsights_sitenote_category":0,"footnotes":""},"class_list":["post-206430","page","type-page","status-publish"],"_links":{"self":[{"href":"https:\/\/unicumhaz.hu\/en\/wp-json\/wp\/v2\/pages\/206430","targetHints":{"allow":["GET"]}}],"collection":[{"href":"https:\/\/unicumhaz.hu\/en\/wp-json\/wp\/v2\/pages"}],"about":[{"href":"https:\/\/unicumhaz.hu\/en\/wp-json\/wp\/v2\/types\/page"}],"author":[{"embeddable":true,"href":"https:\/\/unicumhaz.hu\/en\/wp-json\/wp\/v2\/users\/1"}],"replies":[{"embeddable":true,"href":"https:\/\/unicumhaz.hu\/en\/wp-json\/wp\/v2\/comments?post=206430"}],"version-history":[{"count":9,"href":"https:\/\/unicumhaz.hu\/en\/wp-json\/wp\/v2\/pages\/206430\/revisions"}],"predecessor-version":[{"id":212356,"href":"https:\/\/unicumhaz.hu\/en\/wp-json\/wp\/v2\/pages\/206430\/revisions\/212356"}],"wp:attachment":[{"href":"https:\/\/unicumhaz.hu\/en\/wp-json\/wp\/v2\/media?parent=206430"}],"curies":[{"name":"wp","href":"https:\/\/api.w.org\/{rel}","templated":true}]}}