{"id":206722,"date":"2019-04-11T16:56:30","date_gmt":"2019-04-11T16:56:30","guid":{"rendered":"https:\/\/unicumhaz.hu\/?page_id=206722"},"modified":"2021-03-11T09:18:51","modified_gmt":"2021-03-11T09:18:51","slug":"mesel-a-zwack-csalad-minerva-utca","status":"publish","type":"page","link":"https:\/\/unicumhaz.hu\/en\/mesel-a-zwack-csalad-minerva-utca\/","title":{"rendered":"Zwack family story &#8211; Minerva street"},"content":{"rendered":"<div id=\"fws_69d6589d614d3\"  data-column-margin=\"default\" data-midnight=\"dark\" data-top-percent=\"6%\" data-bottom-percent=\"6%\"  class=\"wpb_row vc_row-fluid vc_row full-width-section\"  style=\"padding-top: calc(100vw * 0.06); padding-bottom: calc(100vw * 0.06); \"><div class=\"row-bg-wrap\" data-bg-animation=\"none\" data-bg-animation-delay=\"\" data-bg-overlay=\"true\"><div class=\"inner-wrap row-bg-layer using-image\" ><div class=\"row-bg viewport-desktop using-image lazyload\"  style=\"background-image:inherit; background-position: center center; background-repeat: no-repeat; \" data-bg-image=\"url(https:\/\/unicumhaz.hu\/wp-content\/uploads\/2020\/03\/minervautca.png)\"><\/div><\/div><div class=\"row-bg-overlay row-bg-layer\" style=\"background-color:#0a0a0a;  opacity: 0.8; \"><\/div><\/div><div class=\"row_col_wrap_12 col span_12 dark left\">\n\t<div  class=\"vc_col-sm-12 wpb_column column_container vc_column_container col no-extra-padding\"  data-padding-pos=\"all\" data-has-bg-color=\"false\" data-bg-color=\"\" data-bg-opacity=\"1\" data-animation=\"\" data-delay=\"0\" >\n\t\t<div class=\"vc_column-inner\" >\n\t\t\t<div class=\"wpb_wrapper\">\n\t\t\t\t\n<div class=\"wpb_text_column wpb_content_element\" >\n\t<div class=\"wpb_wrapper\">\n\t\t<h2 style=\"text-align: center;\"><span style=\"color: #d3ac6f;\">Zwack csal\u00e1d &#8211; Minerva utca<\/span><\/h2>\n<h2 style=\"text-align: center;\"><span style=\"color: #d3ac6f;\">Zwack family and Minerva street<\/span><\/h2>\n\t<\/div>\n<\/div>\n\n\n\n\n\t\t\t<\/div> \n\t\t<\/div>\n\t<\/div> \n<\/div><\/div>\n\t\t<div id=\"fws_69d6589d631de\"  data-column-margin=\"default\" data-midnight=\"dark\"  class=\"wpb_row vc_row-fluid vc_row full-width-section\"  style=\"padding-top: 0px; padding-bottom: 0px; \"><div class=\"row-bg-wrap\" data-bg-animation=\"none\" data-bg-animation-delay=\"\" data-bg-overlay=\"false\"><div class=\"inner-wrap row-bg-layer\" ><div class=\"row-bg viewport-desktop\"  style=\"\"><\/div><\/div><\/div><div class=\"nectar-shape-divider-wrap\" style=\" height:5px;\"  data-height=\"5\" data-front=\"\" data-style=\"curve\" data-position=\"top\" ><svg class=\"nectar-shape-divider\" aria-hidden=\"true\" fill=\"#d3ac6f\" xmlns=\"http:\/\/www.w3.org\/2000\/svg\" viewbox=\"0 0 1000 100\" preserveaspectratio=\"none\"> <path d=\"M 0 0 c 0 0 200 50 500 50 s 500 -50 500 -50 v 101 h -1000 v -100 z\"><\/path> <\/svg><\/div><div class=\"row_col_wrap_12 col span_12 dark left\">\n\t<div  class=\"vc_col-sm-12 wpb_column column_container vc_column_container col no-extra-padding\"  data-padding-pos=\"all\" data-has-bg-color=\"false\" data-bg-color=\"\" data-bg-opacity=\"1\" data-animation=\"\" data-delay=\"0\" >\n\t\t<div class=\"vc_column-inner\" >\n\t\t\t<div class=\"wpb_wrapper\">\n\t\t\t\t<div class=\"divider-wrap\" data-alignment=\"default\"><div style=\"height: 25px;\" class=\"divider\"><\/div><\/div>\n\t\t\t<\/div> \n\t\t<\/div>\n\t<\/div> \n<\/div><\/div>\n\t\t<div id=\"fws_69d6589d648c2\"  data-column-margin=\"default\" data-midnight=\"dark\"  class=\"wpb_row vc_row-fluid vc_row\"  style=\"padding-top: 0px; padding-bottom: 0px; \"><div class=\"row-bg-wrap\" data-bg-animation=\"none\" data-bg-animation-delay=\"\" data-bg-overlay=\"false\"><div class=\"inner-wrap row-bg-layer\" ><div class=\"row-bg viewport-desktop\"  style=\"\"><\/div><\/div><\/div><div class=\"row_col_wrap_12 col span_12 dark left\">\n\t<div  class=\"vc_col-sm-12 wpb_column column_container vc_column_container col no-extra-padding\"  data-padding-pos=\"all\" data-has-bg-color=\"false\" data-bg-color=\"\" data-bg-opacity=\"1\" data-animation=\"\" data-delay=\"0\" >\n\t\t<div class=\"vc_column-inner\" >\n\t\t\t<div class=\"wpb_wrapper\">\n\t\t\t\t<div class=\"img-with-aniamtion-wrap\" data-max-width=\"100%\" data-max-width-mobile=\"100%\" data-shadow=\"none\" data-animation=\"none\" >\n      <div class=\"inner\">\n        <div class=\"hover-wrap\"> \n          <div class=\"hover-wrap-inner\">\n            <a href=\"https:\/\/unicumhaz.hu\/wp-content\/uploads\/2020\/04\/engMinervautca.mp4?_=1\" target=\"_self\" class=\"\">\n              <img decoding=\"async\" class=\"img-with-animation skip-lazy\" data-delay=\"0\" height=\"725\" width=\"1199\" data-animation=\"none\" src=\"https:\/\/unicumhaz.hu\/wp-content\/uploads\/2020\/11\/New-Project-15.jpg\" alt=\"\" srcset=\"https:\/\/unicumhaz.hu\/wp-content\/uploads\/2020\/11\/New-Project-15.jpg 1199w, https:\/\/unicumhaz.hu\/wp-content\/uploads\/2020\/11\/New-Project-15-300x181.jpg 300w, https:\/\/unicumhaz.hu\/wp-content\/uploads\/2020\/11\/New-Project-15-1024x619.jpg 1024w, https:\/\/unicumhaz.hu\/wp-content\/uploads\/2020\/11\/New-Project-15-768x464.jpg 768w\" sizes=\"(max-width: 1199px) 100vw, 1199px\" \/>\n            <\/a>\n          <\/div>\n        <\/div>\n      <\/div>\n      <\/div>\n\t\t\t<\/div> \n\t\t<\/div>\n\t<\/div> \n<\/div><\/div>\n\t\t<div id=\"fws_69d6589d66852\"  data-column-margin=\"default\" data-midnight=\"dark\"  class=\"wpb_row vc_row-fluid vc_row\"  style=\"padding-top: 0px; padding-bottom: 0px; \"><div class=\"row-bg-wrap\" data-bg-animation=\"none\" data-bg-animation-delay=\"\" data-bg-overlay=\"false\"><div class=\"inner-wrap row-bg-layer\" ><div class=\"row-bg viewport-desktop\"  style=\"\"><\/div><\/div><\/div><div class=\"row_col_wrap_12 col span_12 dark left\">\n\t<div  class=\"vc_col-sm-12 wpb_column column_container vc_column_container col no-extra-padding\"  data-padding-pos=\"all\" data-has-bg-color=\"false\" data-bg-color=\"\" data-bg-opacity=\"1\" data-animation=\"\" data-delay=\"0\" >\n\t\t<div class=\"vc_column-inner\" >\n\t\t\t<div class=\"wpb_wrapper\">\n\t\t\t\t\n<div class=\"wpb_text_column wpb_content_element\" >\n\t<div class=\"wpb_wrapper\">\n\t\t<h3 style=\"text-align: center;\">Minerva \u00fat<\/h3>\n<h3 style=\"text-align: center;\">Machlup Henrik<\/h3>\n<h3 style=\"text-align: center;\">(Zwack Mici) vill\u00e1ja<\/h3>\n<p>A vill\u00e1r\u00f3l mind\u00f6ssze ezt a h\u00e1rom k\u00e9pet tal\u00e1ltam a Kecskem\u00e9ti Fot\u00f3 M\u00fazeumban. Sajnos Zwack P\u00e9terrel nem siker\u00fclt besz\u00e9lnem, hogy kider\u00edtsem a pontos rokoni sz\u00e1lakat; azt hiszem, Zwack Mici, aki a pesti bankigazgat\u00f3, Machlup Henrik feles\u00e9ge volt, a nagyn\u00e9nje lehetett. Ady Mylitt\u00e1nak nevezte \u0151t, \u00e9s t\u00f6bb szerelmes verset \u00edrt a kiv\u00e9teles sz\u00e9ps\u00e9g\u0171 asszonyhoz, aki \u00e1ll\u00edt\u00f3lag mindennap tizenegy \u00f3ra k\u00f6r\u00fcl ivott egy korty Unicumot, \u00e9s ez\u00e9rt \u00e9lt kilencvennyolc \u00e9vig. A csal\u00e1d r\u00f3la nevezte el egyik h\u00edres bor\u00e1t. A gell\u00e9rthegyi villa a felv\u00e9telek alapj\u00e1n \u00f3ri\u00e1si lehetett. A h\u00e1z a m\u00e1sodik vil\u00e1gh\u00e1bor\u00faban megsemmis\u00fclt. Az I. k\u00e9pen Zwack Micit l\u00e1tjuk, amint hajkef\u00e9vel a kez\u00e9ben toalettasztal\u00e1t\u00f3l fordul vissza. Val\u00f3sz\u00edn\u0171leg ez a k\u00e9p nem hivat\u00e1sos fot\u00f3s m\u0171ve, ahhoz t\u00fal intim a jelenet. Ez vonatkozik a 3. k\u00e9pen l\u00e1that\u00f3 \u00e1br\u00e1zol\u00e1sra is: a k\u00fcl\u00f6n\u00f6s hangulat\u00fa fot\u00f3n a k\u00f6lt\u0151n\u0151 macsk\u00e1val az \u00f6l\u00e9ben \u00e9s egy jovi\u00e1lis \u00far- feltehet\u0151leg a f\u00e9rj &#8211; t\u00e1rsas\u00e1g\u00e1ban a nagy bolt\u00edves ablakok el\u0151tt \u00fcl. Az eg\u00e9sz k\u00e9p a megel\u00e9gedett, finom \u00fari j\u00f3m\u00f3d hangulat\u00e1t \u00e1rasztja, amely soka t\u00f6bb\u00e9 nem t\u00e9r vissza. A 2. k\u00e9p a hall egy r\u00e9szlet\u00e9t mutatja. Az eg\u00e9sz h\u00e1zra jellemz\u0151 volt a sok egyszer\u0171 faburkolat, amely igen f\u00e9rfias jelleget adhatott az enteri\u0151r\u00f6knek \u2013 legal\u00e1bbis ahogy ez a h\u00e1rom k\u00e9p alapj\u00e1n meg\u00edt\u00e9lhet\u0151.<\/p>\n\t<\/div>\n<\/div>\n\n\n\n<div class=\"img-with-aniamtion-wrap center\" data-max-width=\"100%\" data-max-width-mobile=\"100%\" data-border-radius=\"20px\" data-shadow=\"none\" data-animation=\"none\" >\n      <div class=\"inner\">\n        <div class=\"hover-wrap\"> \n          <div class=\"hover-wrap-inner\">\n            <img decoding=\"async\" class=\"img-with-animation skip-lazy\" data-delay=\"0\" height=\"655\" width=\"467\" data-animation=\"none\" src=\"https:\/\/unicumhaz.hu\/wp-content\/uploads\/2021\/03\/minerva1.jpg\" alt=\"\" srcset=\"https:\/\/unicumhaz.hu\/wp-content\/uploads\/2021\/03\/minerva1.jpg 467w, https:\/\/unicumhaz.hu\/wp-content\/uploads\/2021\/03\/minerva1-214x300.jpg 214w\" sizes=\"(max-width: 467px) 100vw, 467px\" \/>\n          <\/div>\n        <\/div>\n      <\/div>\n    <\/div>\n\t\t\t<\/div> \n\t\t<\/div>\n\t<\/div> \n<\/div><\/div>\n\t\t<div id=\"fws_69d6589d68d9e\"  data-column-margin=\"default\" data-midnight=\"dark\"  class=\"wpb_row vc_row-fluid vc_row\"  style=\"padding-top: 0px; padding-bottom: 0px; \"><div class=\"row-bg-wrap\" data-bg-animation=\"none\" data-bg-animation-delay=\"\" data-bg-overlay=\"false\"><div class=\"inner-wrap row-bg-layer\" ><div class=\"row-bg viewport-desktop\"  style=\"\"><\/div><\/div><\/div><div class=\"row_col_wrap_12 col span_12 dark left\">\n\t<div  class=\"vc_col-sm-12 wpb_column column_container vc_column_container col no-extra-padding\"  data-padding-pos=\"all\" data-has-bg-color=\"false\" data-bg-color=\"\" data-bg-opacity=\"1\" data-animation=\"\" data-delay=\"0\" >\n\t\t<div class=\"vc_column-inner\" >\n\t\t\t<div class=\"wpb_wrapper\">\n\t\t\t\t<div class=\"img-with-aniamtion-wrap\" data-max-width=\"100%\" data-max-width-mobile=\"100%\" data-border-radius=\"20px\" data-shadow=\"none\" data-animation=\"fade-in\" >\n      <div class=\"inner\">\n        <div class=\"hover-wrap\"> \n          <div class=\"hover-wrap-inner\">\n            <img decoding=\"async\" class=\"img-with-animation skip-lazy\" data-delay=\"0\" height=\"639\" width=\"641\" data-animation=\"fade-in\" src=\"https:\/\/unicumhaz.hu\/wp-content\/uploads\/2021\/03\/minerva2.jpg\" alt=\"\" srcset=\"https:\/\/unicumhaz.hu\/wp-content\/uploads\/2021\/03\/minerva2.jpg 641w, https:\/\/unicumhaz.hu\/wp-content\/uploads\/2021\/03\/minerva2-300x300.jpg 300w, https:\/\/unicumhaz.hu\/wp-content\/uploads\/2021\/03\/minerva2-150x150.jpg 150w, https:\/\/unicumhaz.hu\/wp-content\/uploads\/2021\/03\/minerva2-100x100.jpg 100w, https:\/\/unicumhaz.hu\/wp-content\/uploads\/2021\/03\/minerva2-140x140.jpg 140w, https:\/\/unicumhaz.hu\/wp-content\/uploads\/2021\/03\/minerva2-350x350.jpg 350w\" sizes=\"(max-width: 641px) 100vw, 641px\" \/>\n          <\/div>\n        <\/div>\n      <\/div>\n    <\/div>\n\t\t\t<\/div> \n\t\t<\/div>\n\t<\/div> \n<\/div><\/div>\n\t\t<div id=\"fws_69d6589d6ad4a\"  data-column-margin=\"default\" data-midnight=\"dark\"  class=\"wpb_row vc_row-fluid vc_row\"  style=\"padding-top: 0px; padding-bottom: 0px; \"><div class=\"row-bg-wrap\" data-bg-animation=\"none\" data-bg-animation-delay=\"\" data-bg-overlay=\"false\"><div class=\"inner-wrap row-bg-layer\" ><div class=\"row-bg viewport-desktop\"  style=\"\"><\/div><\/div><\/div><div class=\"row_col_wrap_12 col span_12 dark left\">\n\t<div  class=\"vc_col-sm-12 wpb_column column_container vc_column_container col no-extra-padding\"  data-padding-pos=\"all\" data-has-bg-color=\"false\" data-bg-color=\"\" data-bg-opacity=\"1\" data-animation=\"\" data-delay=\"0\" >\n\t\t<div class=\"vc_column-inner\" >\n\t\t\t<div class=\"wpb_wrapper\">\n\t\t\t\t<div class=\"img-with-aniamtion-wrap\" data-max-width=\"100%\" data-max-width-mobile=\"100%\" data-border-radius=\"20px\" data-shadow=\"none\" data-animation=\"fade-in\" >\n      <div class=\"inner\">\n        <div class=\"hover-wrap\"> \n          <div class=\"hover-wrap-inner\">\n            <img decoding=\"async\" class=\"img-with-animation skip-lazy\" data-delay=\"0\" height=\"720\" width=\"776\" data-animation=\"fade-in\" src=\"https:\/\/unicumhaz.hu\/wp-content\/uploads\/2021\/03\/minerva3.jpg\" alt=\"\" srcset=\"https:\/\/unicumhaz.hu\/wp-content\/uploads\/2021\/03\/minerva3.jpg 776w, https:\/\/unicumhaz.hu\/wp-content\/uploads\/2021\/03\/minerva3-300x278.jpg 300w, https:\/\/unicumhaz.hu\/wp-content\/uploads\/2021\/03\/minerva3-768x713.jpg 768w\" sizes=\"(max-width: 776px) 100vw, 776px\" \/>\n          <\/div>\n        <\/div>\n      <\/div>\n    <\/div>\n\t\t\t<\/div> \n\t\t<\/div>\n\t<\/div> \n<\/div><\/div>\n\t\t<div id=\"fws_69d6589d6cdb2\"  data-column-margin=\"default\" data-midnight=\"dark\"  class=\"wpb_row vc_row-fluid vc_row\"  style=\"padding-top: 0px; padding-bottom: 0px; \"><div class=\"row-bg-wrap\" data-bg-animation=\"none\" data-bg-animation-delay=\"\" data-bg-overlay=\"false\"><div class=\"inner-wrap row-bg-layer\" ><div class=\"row-bg viewport-desktop\"  style=\"\"><\/div><\/div><\/div><div class=\"row_col_wrap_12 col span_12 dark left\">\n\t<div  class=\"vc_col-sm-12 wpb_column column_container vc_column_container col no-extra-padding\"  data-padding-pos=\"all\" data-has-bg-color=\"false\" data-bg-color=\"\" data-bg-opacity=\"1\" data-animation=\"\" data-delay=\"0\" >\n\t\t<div class=\"vc_column-inner\" >\n\t\t\t<div class=\"wpb_wrapper\">\n\t\t\t\t\n<div class=\"wpb_text_column wpb_content_element\" >\n\t<div class=\"wpb_wrapper\">\n\t\t<p>Forr\u00e1s:<\/p>\n<p><em>Somlai Tibor: <strong>Volt \u00e9s Nincs<\/strong>: Nagypolg\u00e1ri \u00e9s Arisztokrata enteri\u0151r\u00f6k 1900-1945<\/em><\/p>\n<p><em>Corvina 2012<\/em><\/p>\n\t<\/div>\n<\/div>\n\n\n\n\n\t\t\t<\/div> \n\t\t<\/div>\n\t<\/div> \n<\/div><\/div>\n\t\t<div id=\"fws_69d6589d6e2de\"  data-column-margin=\"default\" data-midnight=\"dark\"  class=\"wpb_row vc_row-fluid vc_row full-width-section\"  style=\"padding-top: 0px; padding-bottom: 0px; \"><div class=\"row-bg-wrap\" data-bg-animation=\"none\" data-bg-animation-delay=\"\" data-bg-overlay=\"false\"><div class=\"inner-wrap row-bg-layer\" ><div class=\"row-bg viewport-desktop\"  style=\"\"><\/div><\/div><\/div><div class=\"nectar-shape-divider-wrap\" style=\" height:5px;\"  data-height=\"5\" data-front=\"\" data-style=\"curve\" data-position=\"bottom\" ><svg class=\"nectar-shape-divider\" aria-hidden=\"true\" fill=\"#d3ac6f\" xmlns=\"http:\/\/www.w3.org\/2000\/svg\" viewbox=\"0 0 1000 100\" preserveaspectratio=\"none\"> <path d=\"M 0 0 c 0 0 200 50 500 50 s 500 -50 500 -50 v 101 h -1000 v -100 z\"><\/path> <\/svg><\/div><div class=\"row_col_wrap_12 col span_12 dark left\">\n\t<div  class=\"vc_col-sm-12 wpb_column column_container vc_column_container col no-extra-padding\"  data-padding-pos=\"all\" data-has-bg-color=\"false\" data-bg-color=\"\" data-bg-opacity=\"1\" data-animation=\"\" data-delay=\"0\" >\n\t\t<div class=\"vc_column-inner\" >\n\t\t\t<div class=\"wpb_wrapper\">\n\t\t\t\t<div class=\"divider-wrap\" data-alignment=\"default\"><div style=\"height: 25px;\" class=\"divider\"><\/div><\/div>\n\t\t\t<\/div> \n\t\t<\/div>\n\t<\/div> \n<\/div><\/div>","protected":false},"excerpt":{"rendered":"Zwack csal\u00e1d - Minerva utca Zwack family and Minerva street Minerva \u00fat Machlup Henrik (Zwack...","protected":false},"author":1,"featured_media":0,"parent":0,"menu_order":0,"comment_status":"closed","ping_status":"closed","template":"","meta":{"_monsterinsights_skip_tracking":false,"_monsterinsights_sitenote_active":false,"_monsterinsights_sitenote_note":"","_monsterinsights_sitenote_category":0,"footnotes":""},"class_list":["post-206722","page","type-page","status-publish"],"_links":{"self":[{"href":"https:\/\/unicumhaz.hu\/en\/wp-json\/wp\/v2\/pages\/206722","targetHints":{"allow":["GET"]}}],"collection":[{"href":"https:\/\/unicumhaz.hu\/en\/wp-json\/wp\/v2\/pages"}],"about":[{"href":"https:\/\/unicumhaz.hu\/en\/wp-json\/wp\/v2\/types\/page"}],"author":[{"embeddable":true,"href":"https:\/\/unicumhaz.hu\/en\/wp-json\/wp\/v2\/users\/1"}],"replies":[{"embeddable":true,"href":"https:\/\/unicumhaz.hu\/en\/wp-json\/wp\/v2\/comments?post=206722"}],"version-history":[{"count":24,"href":"https:\/\/unicumhaz.hu\/en\/wp-json\/wp\/v2\/pages\/206722\/revisions"}],"predecessor-version":[{"id":208388,"href":"https:\/\/unicumhaz.hu\/en\/wp-json\/wp\/v2\/pages\/206722\/revisions\/208388"}],"wp:attachment":[{"href":"https:\/\/unicumhaz.hu\/en\/wp-json\/wp\/v2\/media?parent=206722"}],"curies":[{"name":"wp","href":"https:\/\/api.w.org\/{rel}","templated":true}]}}