{"id":206755,"date":"2019-04-11T19:55:09","date_gmt":"2019-04-11T19:55:09","guid":{"rendered":"https:\/\/unicumhaz.hu\/?page_id=206755"},"modified":"2021-02-09T14:42:37","modified_gmt":"2021-02-09T14:42:37","slug":"gonczi-ambrus-interju","status":"publish","type":"page","link":"https:\/\/unicumhaz.hu\/en\/gonczi-ambrus-interju\/","title":{"rendered":"G\u00f6nczi Ambrus interj\u00fa"},"content":{"rendered":"<div id=\"fws_69e0621101400\"  data-column-margin=\"default\" data-midnight=\"dark\" data-top-percent=\"6%\" data-bottom-percent=\"6%\"  class=\"wpb_row vc_row-fluid vc_row full-width-section\"  style=\"padding-top: calc(100vw * 0.06); padding-bottom: calc(100vw * 0.06); \"><div class=\"row-bg-wrap\" data-bg-animation=\"none\" data-bg-animation-delay=\"\" data-bg-overlay=\"true\"><div class=\"inner-wrap row-bg-layer using-image\" ><div class=\"row-bg viewport-desktop using-image lazyload\"  style=\"background-image:inherit; background-position: center top; background-repeat: no-repeat; \" data-bg-image=\"url(https:\/\/unicumhaz.hu\/wp-content\/uploads\/2019\/04\/let\u00f6lt\u00e9s.png)\"><\/div><\/div><div class=\"row-bg-overlay row-bg-layer\" style=\"background-color:#0a0a0a;  opacity: 0.95; \"><\/div><\/div><div class=\"row_col_wrap_12 col span_12 dark left\">\n\t<div  class=\"vc_col-sm-12 wpb_column column_container vc_column_container col no-extra-padding\"  data-padding-pos=\"all\" data-has-bg-color=\"false\" data-bg-color=\"\" data-bg-opacity=\"1\" data-animation=\"\" data-delay=\"0\" >\n\t\t<div class=\"vc_column-inner\" >\n\t\t\t<div class=\"wpb_wrapper\">\n\t\t\t\t\n<div class=\"wpb_text_column wpb_content_element\" >\n\t<div class=\"wpb_wrapper\">\n\t\t<h2 style=\"text-align: center;\"><span style=\"color: #d3ac6f;\">9.TV Ferencv\u00e1rosi s\u00e9t\u00e1k &#8211; A Zwack csal\u00e1d<\/span><\/h2>\n<h2 style=\"text-align: center;\"><span style=\"color: #d3ac6f;\">Interview with Ambrus Gonczi<\/span><\/h2>\n\t<\/div>\n<\/div>\n\n\n\n\n\t\t\t<\/div> \n\t\t<\/div>\n\t<\/div> \n<\/div><\/div>\n\t\t<div id=\"fws_69e06211024c1\"  data-column-margin=\"default\" data-midnight=\"dark\"  class=\"wpb_row vc_row-fluid vc_row full-width-section\"  style=\"padding-top: 0px; padding-bottom: 0px; \"><div class=\"row-bg-wrap\" data-bg-animation=\"none\" data-bg-animation-delay=\"\" data-bg-overlay=\"false\"><div class=\"inner-wrap row-bg-layer\" ><div class=\"row-bg viewport-desktop\"  style=\"\"><\/div><\/div><\/div><div class=\"nectar-shape-divider-wrap\" style=\" height:5px;\"  data-height=\"5\" data-front=\"\" data-style=\"curve\" data-position=\"top\" ><svg class=\"nectar-shape-divider\" aria-hidden=\"true\" fill=\"#d3ac6f\" xmlns=\"http:\/\/www.w3.org\/2000\/svg\" viewbox=\"0 0 1000 100\" preserveaspectratio=\"none\"> <path d=\"M 0 0 c 0 0 200 50 500 50 s 500 -50 500 -50 v 101 h -1000 v -100 z\"><\/path> <\/svg><\/div><div class=\"row_col_wrap_12 col span_12 dark left\">\n\t<div  class=\"vc_col-sm-12 wpb_column column_container vc_column_container col no-extra-padding\"  data-padding-pos=\"all\" data-has-bg-color=\"false\" data-bg-color=\"\" data-bg-opacity=\"1\" data-animation=\"\" data-delay=\"0\" >\n\t\t<div class=\"vc_column-inner\" >\n\t\t\t<div class=\"wpb_wrapper\">\n\t\t\t\t<div class=\"divider-wrap\" data-alignment=\"default\"><div style=\"height: 25px;\" class=\"divider\"><\/div><\/div>\n\t\t\t<\/div> \n\t\t<\/div>\n\t<\/div> \n<\/div><\/div>\n\t\t<div id=\"fws_69e0621103191\"  data-column-margin=\"default\" data-midnight=\"dark\"  class=\"wpb_row vc_row-fluid vc_row\"  style=\"padding-top: 0px; padding-bottom: 0px; \"><div class=\"row-bg-wrap\" data-bg-animation=\"none\" data-bg-animation-delay=\"\" data-bg-overlay=\"false\"><div class=\"inner-wrap row-bg-layer\" ><div class=\"row-bg viewport-desktop\"  style=\"\"><\/div><\/div><\/div><div class=\"row_col_wrap_12 col span_12 dark left\">\n\t<div  class=\"vc_col-sm-12 wpb_column column_container vc_column_container col no-extra-padding\"  data-padding-pos=\"all\" data-has-bg-color=\"false\" data-bg-color=\"\" data-bg-opacity=\"1\" data-animation=\"\" data-delay=\"0\" >\n\t\t<div class=\"vc_column-inner\" >\n\t\t\t<div class=\"wpb_wrapper\">\n\t\t\t\t<div class=\"img-with-aniamtion-wrap center\" data-max-width=\"100%\" data-max-width-mobile=\"100%\" data-border-radius=\"20px\" data-shadow=\"none\" data-animation=\"none\" >\n      <div class=\"inner\">\n        <div class=\"hover-wrap\"> \n          <div class=\"hover-wrap-inner\">\n            <a href=\"\/wp-content\/uploads\/2020\/04\/UJfeliratos_Gonczi_Ambrus9.TV-Ferencv\u00e1rosi-s\u00e9t\u00e1k-A-ZWACK-csal\u00e1d.mp4\" target=\"_self\" class=\"center\">\n              <img decoding=\"async\" class=\"img-with-animation skip-lazy\" data-delay=\"0\" height=\"725\" width=\"1199\" data-animation=\"none\" src=\"https:\/\/unicumhaz.hu\/wp-content\/uploads\/2020\/11\/GoncziAmbursInterju.jpg\" alt=\"\" srcset=\"https:\/\/unicumhaz.hu\/wp-content\/uploads\/2020\/11\/GoncziAmbursInterju.jpg 1199w, https:\/\/unicumhaz.hu\/wp-content\/uploads\/2020\/11\/GoncziAmbursInterju-300x181.jpg 300w, https:\/\/unicumhaz.hu\/wp-content\/uploads\/2020\/11\/GoncziAmbursInterju-1024x619.jpg 1024w, https:\/\/unicumhaz.hu\/wp-content\/uploads\/2020\/11\/GoncziAmbursInterju-768x464.jpg 768w\" sizes=\"(max-width: 1199px) 100vw, 1199px\" \/>\n            <\/a>\n          <\/div>\n        <\/div>\n      <\/div>\n      <\/div>\n\t\t\t<\/div> \n\t\t<\/div>\n\t<\/div> \n<\/div><\/div>\n\t\t<div id=\"fws_69e0621104813\"  data-column-margin=\"default\" data-midnight=\"dark\"  class=\"wpb_row vc_row-fluid vc_row\"  style=\"padding-top: 0px; padding-bottom: 0px; \"><div class=\"row-bg-wrap\" data-bg-animation=\"none\" data-bg-animation-delay=\"\" data-bg-overlay=\"false\"><div class=\"inner-wrap row-bg-layer\" ><div class=\"row-bg viewport-desktop\"  style=\"\"><\/div><\/div><\/div><div class=\"row_col_wrap_12 col span_12 dark left\">\n\t<div  class=\"vc_col-sm-12 wpb_column column_container vc_column_container col no-extra-padding\"  data-padding-pos=\"all\" data-has-bg-color=\"false\" data-bg-color=\"\" data-bg-opacity=\"1\" data-animation=\"\" data-delay=\"0\" >\n\t\t<div class=\"vc_column-inner\" >\n\t\t\t<div class=\"wpb_wrapper\">\n\t\t\t\t\n<div class=\"wpb_text_column wpb_content_element\" >\n\t<div class=\"wpb_wrapper\">\n\t\t<h2 style=\"text-align: center;\">English interview below<\/h2>\n\t<\/div>\n<\/div>\n\n\n\n\n\t\t\t<\/div> \n\t\t<\/div>\n\t<\/div> \n<\/div><\/div>\n\t\t<div id=\"fws_69e0621105463\"  data-column-margin=\"default\" data-midnight=\"dark\"  class=\"wpb_row vc_row-fluid vc_row\"  style=\"padding-top: 0px; padding-bottom: 0px; \"><div class=\"row-bg-wrap\" data-bg-animation=\"none\" data-bg-animation-delay=\"\" data-bg-overlay=\"false\"><div class=\"inner-wrap row-bg-layer\" ><div class=\"row-bg viewport-desktop\"  style=\"\"><\/div><\/div><\/div><div class=\"row_col_wrap_12 col span_12 dark left\">\n\t<div  class=\"vc_col-sm-12 wpb_column column_container vc_column_container col no-extra-padding\"  data-padding-pos=\"all\" data-has-bg-color=\"false\" data-bg-color=\"\" data-bg-opacity=\"1\" data-animation=\"\" data-delay=\"0\" >\n\t\t<div class=\"vc_column-inner\" >\n\t\t\t<div class=\"wpb_wrapper\">\n\t\t\t\t\n\t\t\t<\/div> \n\t\t<\/div>\n\t<\/div> \n<\/div><\/div>\n\t\t<div id=\"fws_69e0621105df2\"  data-column-margin=\"default\" data-midnight=\"dark\"  class=\"wpb_row vc_row-fluid vc_row\"  style=\"padding-top: 0px; padding-bottom: 0px; \"><div class=\"row-bg-wrap\" data-bg-animation=\"none\" data-bg-animation-delay=\"\" data-bg-overlay=\"false\"><div class=\"inner-wrap row-bg-layer\" ><div class=\"row-bg viewport-desktop\"  style=\"\"><\/div><\/div><\/div><div class=\"row_col_wrap_12 col span_12 dark left\">\n\t<div  class=\"vc_col-sm-12 wpb_column column_container vc_column_container col no-extra-padding\"  data-padding-pos=\"all\" data-has-bg-color=\"false\" data-bg-color=\"\" data-bg-opacity=\"1\" data-animation=\"\" data-delay=\"0\" >\n\t\t<div class=\"vc_column-inner\" >\n\t\t\t<div class=\"wpb_wrapper\">\n\t\t\t\t\n<div class=\"wpb_text_column wpb_content_element\" >\n\t<div class=\"wpb_wrapper\">\n\t\t<p><span style=\"color: #d3ac6f;\"><em>What is the story behind Unicum, how did it born?<\/em><\/span><\/p>\n<p>The legend goes like this: Around the end of the 18th century, in the beginning of 1790. It was invented in 1790 by one of the family\u2019s ancestors, Doctor Zwack, royal physician to the Austro Hungarian Emperor. \u201cDas ist ein Unicum!\u201d Joseph II is said to have declared, thus giving this herb liqueur in its distinctive round bottle its name. Unfortunately we do not have any documents about this, but either way whether its true or not, It was a really good marketing even back in the days and it\u2019s still is.<\/p>\n<p>&nbsp;<\/p>\n<p><span style=\"color: #d3ac6f;\"><em>Who was the founder of the company?<\/em><\/span><\/p>\n<p>He was a fantastic, very noble hard-working man, He was called Zwack Joseph, who was granted the permission to settle down in Pest in 1840. He was producing different kind of alcoholic beverages in 1846 under Erzsebet square 15. This location was called the \u201eMoroccan court\u201d.<\/p>\n<p>&nbsp;<\/p>\n<p><span style=\"color: #d3ac6f;\"><em>So the plant moved to the Soroksari street after that?<\/em><\/span><\/p>\n<p>Not yet. Its a way longer story. First he expanded the factory with another building and then it slowly outgrew the plantside during the second half of the century. The company had to find another\u00a0 even bigger location, and\u00a0 Zwack Joseph chose Ferencv\u00e1ros because it was a heavily industrial part of the city, but we are still not talking about the current location of the company. between 1880 and 1892, the distillery was at number 19 \u00dcll\u0151i \u00fat.<\/p>\n<p>&nbsp;<\/p>\n<p><em><span style=\"color: #d3ac6f;\">Why do you think Ferencvaros was the most sympathic location to him?<\/span><\/em><\/p>\n<p>There were many empty sites around that part of town, and it could be seen that this part of the town is going to be an industrial node. It was not a random choice. Ferencv\u00e1ros was already a node of the food industry back then. That is why Zwack Joseph thought that it was worth a try, and that is why he built the next factory location at number 19 \u00dcll\u0151i \u00fat and this is where the company stayed for almost 20 years, but the interest for the drinks grew exponentially, that is why the company had to relocate to an even bigger location, and Zwack Joseph knew that he do not have to look further, he wanted to stay in Ferencv\u00e1ros, that is why be bought a site on the corner of Haller street and Soroksari street and built the factory there in 1892. And that can be seen to this day.<\/p>\n<p>&nbsp;<\/p>\n<p><em><span style=\"color: #d3ac6f;\">How many kind of drinks were they producing back then?<\/span><\/em><\/p>\n<p>Dozens of drinks were being sold,of course the most famous brand of the company was the Unicum, which has been registered in the Trademark Registry in 1883. But other than Unicum several other kind of drinks has been on the market such as all kind of Palinkas and Liqueurs, and different kind of liqueurs based on herbs. I would like to talk about Unicum a bit more. Because it is such a unique drink not just because it was invented in 1790 but because it is based on a very secret receipe which is only known by the family members. Zwack Joseph had to keep it a secret that is why he also ordered kind of herbs that are not even part of the receipe. and this tradition still happens. That is how he tried to confuse his competitors.<\/p>\n<p>&nbsp;<\/p>\n<p><em><span style=\"color: #d3ac6f;\">He played a joke on them<\/span><\/em><\/p>\n<p>Yes he did , but the receipt was only known by HIM and one close family member , and as far as I know that is still how it works. So the formula of Unicum which became famous worldwide more than 200 years ago is only known by two family members even to this day. They stick to this rule so seriously that, even when this two member of the family travels somewhere together, they are not allowed to travel by the same vehicle in case something bad happens during there travel and the receipt gets lost.<\/p>\n<p>&nbsp;<\/p>\n<p><em><span style=\"color: #d3ac6f;\">So this means there are two family members now<\/span><\/em>?<\/p>\n<p>Zwack Peter has deceased in 2012. Currently his two children Zwack Isabella and Zwack Sandor knows the secret receipe<\/p>\n<p>&nbsp;<\/p>\n<p><em><span style=\"color: #d3ac6f;\">What happened to the family and the company during the war?<\/span><\/em><\/p>\n<p>Their fate took a turn because after the second world war the communist state took over the company, and most of the ancestors of the family had to migrate, including Zwack Peter who was the youngest\u00a0 in the family who knew the secret receipe<\/p>\n<p>&nbsp;<\/p>\n<p><em><span style=\"color: #d3ac6f;\">Did it all happen during the world war 2?<\/span><\/em><\/p>\n<p>Exactly, right after world war II. During the war the company remained family owned, but then during the socialization of the company, the family decided to continue their life in the USA.<\/p>\n<p>They registered Unicum in the Trademark Registry in Italy and in the States as well. So this means \u00a0\u00a0even though the factory was State owned, they were not allowed to distribute Unicum abroad. Obviously they were able to do it inland.<\/p>\n<p>They\u00a0 restarted the production of Unicum in Italy and in USA as well. Unfortunately those Unicums did not make it to Hungary. and then the\u00a0 regime that took place in 89\/90 was another milestone for the Zwack family. Zwack Peter has returned to Hungary, and as far as I know he was the only one in the country who was able to repurchase the company and the factory that he had to leave ,from the state. Since then the Zwack Company is a leading firm in Hungary. This company are one of the few remaining buildings in Ferencv\u00e1ros that has the same purpose that it had when it was built in 1892.<\/p>\n<p>This means the family connects to Ferencv\u00e1ros for 143 years now<\/p>\n\t<\/div>\n<\/div>\n\n\n\n\n\t\t\t<\/div> \n\t\t<\/div>\n\t<\/div> \n<\/div><\/div>\n\t\t<div id=\"fws_69e0621106a8d\"  data-column-margin=\"default\" data-midnight=\"dark\"  class=\"wpb_row vc_row-fluid vc_row full-width-section\"  style=\"padding-top: 0px; padding-bottom: 0px; \"><div class=\"row-bg-wrap\" data-bg-animation=\"none\" data-bg-animation-delay=\"\" data-bg-overlay=\"false\"><div class=\"inner-wrap row-bg-layer\" ><div class=\"row-bg viewport-desktop\"  style=\"\"><\/div><\/div><\/div><div class=\"nectar-shape-divider-wrap\" style=\" height:5px;\"  data-height=\"5\" data-front=\"\" data-style=\"curve\" data-position=\"bottom\" ><svg class=\"nectar-shape-divider\" aria-hidden=\"true\" fill=\"#d3ac6f\" xmlns=\"http:\/\/www.w3.org\/2000\/svg\" viewbox=\"0 0 1000 100\" preserveaspectratio=\"none\"> <path d=\"M 0 0 c 0 0 200 50 500 50 s 500 -50 500 -50 v 101 h -1000 v -100 z\"><\/path> <\/svg><\/div><div class=\"row_col_wrap_12 col span_12 dark left\">\n\t<div  class=\"vc_col-sm-12 wpb_column column_container vc_column_container col no-extra-padding\"  data-padding-pos=\"all\" data-has-bg-color=\"false\" data-bg-color=\"\" data-bg-opacity=\"1\" data-animation=\"\" data-delay=\"0\" >\n\t\t<div class=\"vc_column-inner\" >\n\t\t\t<div class=\"wpb_wrapper\">\n\t\t\t\t<div class=\"divider-wrap\" data-alignment=\"default\"><div style=\"height: 25px;\" class=\"divider\"><\/div><\/div>\n\t\t\t<\/div> \n\t\t<\/div>\n\t<\/div> \n<\/div><\/div>","protected":false},"excerpt":{"rendered":"9.TV Ferencv\u00e1rosi s\u00e9t\u00e1k - A Zwack csal\u00e1d Interview with Ambrus Gonczi English interview below What...","protected":false},"author":1,"featured_media":0,"parent":0,"menu_order":0,"comment_status":"closed","ping_status":"closed","template":"","meta":{"_monsterinsights_skip_tracking":false,"_monsterinsights_sitenote_active":false,"_monsterinsights_sitenote_note":"","_monsterinsights_sitenote_category":0,"footnotes":""},"class_list":["post-206755","page","type-page","status-publish"],"_links":{"self":[{"href":"https:\/\/unicumhaz.hu\/en\/wp-json\/wp\/v2\/pages\/206755","targetHints":{"allow":["GET"]}}],"collection":[{"href":"https:\/\/unicumhaz.hu\/en\/wp-json\/wp\/v2\/pages"}],"about":[{"href":"https:\/\/unicumhaz.hu\/en\/wp-json\/wp\/v2\/types\/page"}],"author":[{"embeddable":true,"href":"https:\/\/unicumhaz.hu\/en\/wp-json\/wp\/v2\/users\/1"}],"replies":[{"embeddable":true,"href":"https:\/\/unicumhaz.hu\/en\/wp-json\/wp\/v2\/comments?post=206755"}],"version-history":[{"count":33,"href":"https:\/\/unicumhaz.hu\/en\/wp-json\/wp\/v2\/pages\/206755\/revisions"}],"predecessor-version":[{"id":208324,"href":"https:\/\/unicumhaz.hu\/en\/wp-json\/wp\/v2\/pages\/206755\/revisions\/208324"}],"wp:attachment":[{"href":"https:\/\/unicumhaz.hu\/en\/wp-json\/wp\/v2\/media?parent=206755"}],"curies":[{"name":"wp","href":"https:\/\/api.w.org\/{rel}","templated":true}]}}