{"id":207451,"date":"2020-04-10T09:52:05","date_gmt":"2020-04-10T09:52:05","guid":{"rendered":"https:\/\/unicumhaz.hu\/?page_id=207451"},"modified":"2021-06-28T13:38:47","modified_gmt":"2021-06-28T13:38:47","slug":"elvis-presley-es-az-56-os-forradalom","status":"publish","type":"page","link":"https:\/\/unicumhaz.hu\/en\/elvis-presley-es-az-56-os-forradalom\/","title":{"rendered":"Elvis Presley \u00e9s az &#8217;56-os forradalom"},"content":{"rendered":"<div id=\"fws_69f602b12db4f\"  data-column-margin=\"default\" data-midnight=\"dark\" data-top-percent=\"6%\" data-bottom-percent=\"6%\"  class=\"wpb_row vc_row-fluid vc_row full-width-section\"  style=\"padding-top: calc(100vw * 0.06); padding-bottom: calc(100vw * 0.06); \"><div class=\"row-bg-wrap\" data-bg-animation=\"none\" data-bg-animation-delay=\"\" data-bg-overlay=\"true\"><div class=\"inner-wrap row-bg-layer using-image\" ><div class=\"row-bg viewport-desktop using-image lazyload\"  style=\"background-image:inherit; background-position: center top; background-repeat: no-repeat; \" data-bg-image=\"url(https:\/\/unicumhaz.hu\/wp-content\/uploads\/2020\/04\/elvis2.jpg)\"><\/div><\/div><div class=\"row-bg-overlay row-bg-layer\" style=\"background-color:#191919;  opacity: 0.8; \"><\/div><\/div><div class=\"row_col_wrap_12 col span_12 dark left\">\n\t<div  class=\"vc_col-sm-12 wpb_column column_container vc_column_container col no-extra-padding\"  data-padding-pos=\"all\" data-has-bg-color=\"false\" data-bg-color=\"\" data-bg-opacity=\"1\" data-animation=\"\" data-delay=\"0\" >\n\t\t<div class=\"vc_column-inner\" >\n\t\t\t<div class=\"wpb_wrapper\">\n\t\t\t\t\n<div class=\"wpb_text_column wpb_content_element\" >\n\t<div class=\"wpb_wrapper\">\n\t\t<h2 style=\"text-align: center;\"><span style=\"color: #d3ac6f;\">Elvis Presley \u00e9s az &#8217;56-os forradalom<\/span><\/h2>\n<h2 style=\"text-align: center;\"><span style=\"color: #d3ac6f;\">Elvis Presley and the Hungarian revolution<\/span><\/h2>\n\t<\/div>\n<\/div>\n\n\n\n\n\t\t\t<\/div> \n\t\t<\/div>\n\t<\/div> \n<\/div><\/div>\n\t\t<div id=\"fws_69f602b12ea9b\"  data-column-margin=\"default\" data-midnight=\"dark\"  class=\"wpb_row vc_row-fluid vc_row full-width-section\"  style=\"padding-top: 0px; padding-bottom: 0px; \"><div class=\"row-bg-wrap\" data-bg-animation=\"none\" data-bg-animation-delay=\"\" data-bg-overlay=\"false\"><div class=\"inner-wrap row-bg-layer\" ><div class=\"row-bg viewport-desktop\"  style=\"\"><\/div><\/div><\/div><div class=\"nectar-shape-divider-wrap\" style=\" height:5px;\"  data-height=\"5\" data-front=\"\" data-style=\"curve\" data-position=\"top\" ><svg class=\"nectar-shape-divider\" aria-hidden=\"true\" fill=\"#d3ac6f\" xmlns=\"http:\/\/www.w3.org\/2000\/svg\" viewbox=\"0 0 1000 100\" preserveaspectratio=\"none\"> <path d=\"M 0 0 c 0 0 200 50 500 50 s 500 -50 500 -50 v 101 h -1000 v -100 z\"><\/path> <\/svg><\/div><div class=\"row_col_wrap_12 col span_12 dark left\">\n\t<div  class=\"vc_col-sm-12 wpb_column column_container vc_column_container col no-extra-padding\"  data-padding-pos=\"all\" data-has-bg-color=\"false\" data-bg-color=\"\" data-bg-opacity=\"1\" data-animation=\"\" data-delay=\"0\" >\n\t\t<div class=\"vc_column-inner\" >\n\t\t\t<div class=\"wpb_wrapper\">\n\t\t\t\t<div class=\"divider-wrap\" data-alignment=\"default\"><div style=\"height: 25px;\" class=\"divider\"><\/div><\/div>\n\t\t\t<\/div> \n\t\t<\/div>\n\t<\/div> \n<\/div><\/div>\n\t\t<div id=\"fws_69f602b12f73b\"  data-column-margin=\"default\" data-midnight=\"dark\"  class=\"wpb_row vc_row-fluid vc_row\"  style=\"padding-top: 0px; padding-bottom: 0px; \"><div class=\"row-bg-wrap\" data-bg-animation=\"none\" data-bg-animation-delay=\"\" data-bg-overlay=\"false\"><div class=\"inner-wrap row-bg-layer\" ><div class=\"row-bg viewport-desktop\"  style=\"\"><\/div><\/div><\/div><div class=\"row_col_wrap_12 col span_12 dark left\">\n\t<div  class=\"vc_col-sm-12 wpb_column column_container vc_column_container col no-extra-padding\"  data-padding-pos=\"all\" data-has-bg-color=\"false\" data-bg-color=\"\" data-bg-opacity=\"1\" data-animation=\"\" data-delay=\"0\" >\n\t\t<div class=\"vc_column-inner\" >\n\t\t\t<div class=\"wpb_wrapper\">\n\t\t\t\t\n<div class=\"wpb_text_column wpb_content_element\" >\n\t<div class=\"wpb_wrapper\">\n\t\t<p><em>Elvis asked the American people to donate for the Hungarian revolution in 1956. He sings Peace in the valley. This action is the reason why he is being made an honourary citizen of Budapest and why they&#8217;ll name a square after Elvis Presley. Thanks to Elvis nearly 25 million Swiss Franc was collected.<\/em><\/p>\n<p>1956 okt\u00f3ber\u00e9ben mag\u00e1ra hagyta a vil\u00e1g Magyarorsz\u00e1got, egyed\u00fcl sz\u00e1llt szembe az akkori hatalommal szabads\u00e1g\u00e9rt ki\u00e1ltvaB\u00e1r k\u00f6zvetlen seg\u00edts\u00e9g nem \u00e9rkezett haz\u00e1nkba, sokakat meg\u00e9rintett a vil\u00e1gban a magyarok b\u00e1tors\u00e1ga, hogy szembe mertek sz\u00e1llni a Szovjetuni\u00f3val \u00e9s a kommunizmus helyett a szabads\u00e1got v\u00e1lasztott\u00e1k. A n\u00e9pszer\u0171 m\u0171sorvezet\u0151 elmondta, hogy Elvis a\u00a0<span style=\"color: #d3ac6f;\"><strong>Peace in the Valley<\/strong><\/span>\u00a0(B\u00e9ke a V\u00f6lgyben) c\u00edm\u0171 gospellel szeretne tisztelegni a magyar n\u00e9p el\u0151tt. Az \u00e9nekes k\u00e9r\u00e9s\u00e9re Ed Sullivan felsz\u00f3l\u00edtotta a k\u00f6z\u00f6ns\u00e9get, ha van r\u00e1 lehet\u0151s\u00e9g\u00fck, adom\u00e1nyaikkal seg\u00edts\u00e9k a magyarokat. A seg\u00e9lyakci\u00f3nak k\u00f6sz\u00f6nhet\u0151en k\u00f6zel 25 milli\u00f3 sv\u00e1jci frank gy\u0171lt \u00f6ssze.<\/p>\n\t<\/div>\n<\/div>\n\n\n\n\n\t\t\t<\/div> \n\t\t<\/div>\n\t<\/div> \n<\/div><\/div>\n\t\t<div id=\"fws_69f602b1303a9\"  data-column-margin=\"default\" data-midnight=\"dark\"  class=\"wpb_row vc_row-fluid vc_row\"  style=\"padding-top: 0px; padding-bottom: 0px; \"><div class=\"row-bg-wrap\" data-bg-animation=\"none\" data-bg-animation-delay=\"\" data-bg-overlay=\"false\"><div class=\"inner-wrap row-bg-layer\" ><div class=\"row-bg viewport-desktop\"  style=\"\"><\/div><\/div><\/div><div class=\"row_col_wrap_12 col span_12 dark left\">\n\t<div  class=\"vc_col-sm-12 wpb_column column_container vc_column_container col no-extra-padding\"  data-padding-pos=\"all\" data-has-bg-color=\"false\" data-bg-color=\"\" data-bg-opacity=\"1\" data-animation=\"\" data-delay=\"0\" >\n\t\t<div class=\"vc_column-inner\" >\n\t\t\t<div class=\"wpb_wrapper\">\n\t\t\t\t<div class=\"img-with-aniamtion-wrap\" data-max-width=\"100%\" data-max-width-mobile=\"100%\" data-border-radius=\"20px\" data-shadow=\"none\" data-animation=\"none\" >\n      <div class=\"inner\">\n        <div class=\"hover-wrap\"> \n          <div class=\"hover-wrap-inner\">\n            <a href=\"https:\/\/unicumhaz.hu\/videok\/ujsbtElvisPresleyEltitkoltdal.mp4\" target=\"_self\" class=\"\">\n              <img decoding=\"async\" class=\"img-with-animation skip-lazy\" data-delay=\"0\" height=\"725\" width=\"1199\" data-animation=\"none\" src=\"https:\/\/unicumhaz.hu\/wp-content\/uploads\/2020\/11\/New-Project-17.jpg\" alt=\"\" srcset=\"https:\/\/unicumhaz.hu\/wp-content\/uploads\/2020\/11\/New-Project-17.jpg 1199w, https:\/\/unicumhaz.hu\/wp-content\/uploads\/2020\/11\/New-Project-17-300x181.jpg 300w, https:\/\/unicumhaz.hu\/wp-content\/uploads\/2020\/11\/New-Project-17-1024x619.jpg 1024w, https:\/\/unicumhaz.hu\/wp-content\/uploads\/2020\/11\/New-Project-17-768x464.jpg 768w\" sizes=\"(max-width: 1199px) 100vw, 1199px\" \/>\n            <\/a>\n          <\/div>\n        <\/div>\n      <\/div>\n      <\/div>\n\t\t\t<\/div> \n\t\t<\/div>\n\t<\/div> \n<\/div><\/div>\n\t\t<div id=\"fws_69f602b1317e5\"  data-column-margin=\"default\" data-midnight=\"dark\"  class=\"wpb_row vc_row-fluid vc_row\"  style=\"padding-top: 0px; padding-bottom: 0px; \"><div class=\"row-bg-wrap\" data-bg-animation=\"none\" data-bg-animation-delay=\"\" data-bg-overlay=\"false\"><div class=\"inner-wrap row-bg-layer\" ><div class=\"row-bg viewport-desktop\"  style=\"\"><\/div><\/div><\/div><div class=\"row_col_wrap_12 col span_12 dark left\">\n\t<div  class=\"vc_col-sm-12 wpb_column column_container vc_column_container col no-extra-padding\"  data-padding-pos=\"all\" data-has-bg-color=\"false\" data-bg-color=\"\" data-bg-opacity=\"1\" data-animation=\"\" data-delay=\"0\" >\n\t\t<div class=\"vc_column-inner\" >\n\t\t\t<div class=\"wpb_wrapper\">\n\t\t\t\t\n<div class=\"wpb_text_column wpb_content_element\" >\n\t<div class=\"wpb_wrapper\">\n\t\t<p style=\"text-align: center;\">&#8222;F\u00e1radt vagyok \u00e9s elcsig\u00e1zott<\/p>\n<p style=\"text-align: center;\">Mag\u00e1nyosan utam v\u00e9g\u00e9n j\u00e1rok<\/p>\n<p style=\"text-align: center;\">M\u00edg az \u00dar nem sz\u00f3l\u00edt mag\u00e1hoz<\/p>\n<p style=\"text-align: center;\">B\u00e1r a reggel csupa f\u00e9ny<\/p>\n<p style=\"text-align: center;\">De a l\u00e1mp\u00e1s mindig \u00e9g<\/p>\n<p style=\"text-align: center;\">Mert az \u00e9j, mint tenger, oly s\u00f6t\u00e9t<\/p>\n<p style=\"text-align: center;\">B\u00e9ke v\u00e1r a v\u00f6lgyben r\u00e1m<\/p>\n<p style=\"text-align: center;\">\u00d6r\u00f6k b\u00e9ke nemsok\u00e1<\/p>\n<p style=\"text-align: center;\">B\u00e9ke a v\u00f6lgyben, s az \u00dar v\u00e1r r\u00e1m<\/p>\n<p style=\"text-align: center;\">Nincs t\u00f6bb baj \u00e9s szomor\u00fas\u00e1g,<\/p>\n<p style=\"text-align: center;\">A f\u00e1jdalom t\u00e1vol j\u00e1r<\/p>\n<p style=\"text-align: center;\">B\u00e9ke v\u00e1r a v\u00f6lgyben r\u00e1m<\/p>\n<p style=\"text-align: center;\">\u00d6r\u00f6k b\u00e9ke, nemsok\u00e1&#8221;<\/p>\n<p>&nbsp;<\/p>\n<p>Forr\u00e1s: https:\/\/www.szeretlekmagyarorszag.hu\/elvis-presley-56-os-dala-es-ami-valojaban-tortent\/<\/p>\n\t<\/div>\n<\/div>\n\n\n\n\n\t\t\t<\/div> \n\t\t<\/div>\n\t<\/div> \n<\/div><\/div>\n\t\t<div id=\"fws_69f602b1324ac\"  data-column-margin=\"default\" data-midnight=\"dark\"  class=\"wpb_row vc_row-fluid vc_row full-width-section\"  style=\"padding-top: 0px; padding-bottom: 0px; \"><div class=\"row-bg-wrap\" data-bg-animation=\"none\" data-bg-animation-delay=\"\" data-bg-overlay=\"false\"><div class=\"inner-wrap row-bg-layer\" ><div class=\"row-bg viewport-desktop\"  style=\"\"><\/div><\/div><\/div><div class=\"nectar-shape-divider-wrap\" style=\" height:5px;\"  data-height=\"5\" data-front=\"\" data-style=\"curve\" data-position=\"bottom\" ><svg class=\"nectar-shape-divider\" aria-hidden=\"true\" fill=\"#d3ac6f\" xmlns=\"http:\/\/www.w3.org\/2000\/svg\" viewbox=\"0 0 1000 100\" preserveaspectratio=\"none\"> <path d=\"M 0 0 c 0 0 200 50 500 50 s 500 -50 500 -50 v 101 h -1000 v -100 z\"><\/path> <\/svg><\/div><div class=\"row_col_wrap_12 col span_12 dark left\">\n\t<div  class=\"vc_col-sm-12 wpb_column column_container vc_column_container col no-extra-padding\"  data-padding-pos=\"all\" data-has-bg-color=\"false\" data-bg-color=\"\" data-bg-opacity=\"1\" data-animation=\"\" data-delay=\"0\" >\n\t\t<div class=\"vc_column-inner\" >\n\t\t\t<div class=\"wpb_wrapper\">\n\t\t\t\t<div class=\"divider-wrap\" data-alignment=\"default\"><div style=\"height: 25px;\" class=\"divider\"><\/div><\/div>\n\t\t\t<\/div> \n\t\t<\/div>\n\t<\/div> \n<\/div><\/div>","protected":false},"excerpt":{"rendered":"Elvis Presley \u00e9s az '56-os forradalom Elvis Presley and the Hungarian revolution Elvis asked the...","protected":false},"author":3,"featured_media":0,"parent":0,"menu_order":0,"comment_status":"closed","ping_status":"closed","template":"","meta":{"_monsterinsights_skip_tracking":false,"_monsterinsights_sitenote_active":false,"_monsterinsights_sitenote_note":"","_monsterinsights_sitenote_category":0,"footnotes":""},"class_list":["post-207451","page","type-page","status-publish"],"_links":{"self":[{"href":"https:\/\/unicumhaz.hu\/en\/wp-json\/wp\/v2\/pages\/207451","targetHints":{"allow":["GET"]}}],"collection":[{"href":"https:\/\/unicumhaz.hu\/en\/wp-json\/wp\/v2\/pages"}],"about":[{"href":"https:\/\/unicumhaz.hu\/en\/wp-json\/wp\/v2\/types\/page"}],"author":[{"embeddable":true,"href":"https:\/\/unicumhaz.hu\/en\/wp-json\/wp\/v2\/users\/3"}],"replies":[{"embeddable":true,"href":"https:\/\/unicumhaz.hu\/en\/wp-json\/wp\/v2\/comments?post=207451"}],"version-history":[{"count":14,"href":"https:\/\/unicumhaz.hu\/en\/wp-json\/wp\/v2\/pages\/207451\/revisions"}],"predecessor-version":[{"id":208864,"href":"https:\/\/unicumhaz.hu\/en\/wp-json\/wp\/v2\/pages\/207451\/revisions\/208864"}],"wp:attachment":[{"href":"https:\/\/unicumhaz.hu\/en\/wp-json\/wp\/v2\/media?parent=207451"}],"curies":[{"name":"wp","href":"https:\/\/api.w.org\/{rel}","templated":true}]}}