{"id":207484,"date":"2020-04-11T08:11:23","date_gmt":"2020-04-11T08:11:23","guid":{"rendered":"https:\/\/unicumhaz.hu\/?page_id=207484"},"modified":"2021-03-11T09:24:40","modified_gmt":"2021-03-11T09:24:40","slug":"zwack-naplo-uri-utca","status":"publish","type":"page","link":"https:\/\/unicumhaz.hu\/en\/zwack-naplo-uri-utca\/","title":{"rendered":"Zwack Napl\u00f3 &#8211; Uri \u00fatca"},"content":{"rendered":"<div id=\"fws_69f25e729f517\"  data-column-margin=\"default\" data-midnight=\"dark\" data-top-percent=\"6%\" data-bottom-percent=\"6%\"  class=\"wpb_row vc_row-fluid vc_row full-width-section\"  style=\"padding-top: calc(100vw * 0.06); padding-bottom: calc(100vw * 0.06); \"><div class=\"row-bg-wrap\" data-bg-animation=\"none\" data-bg-animation-delay=\"\" data-bg-overlay=\"true\"><div class=\"inner-wrap row-bg-layer using-image\" ><div class=\"row-bg viewport-desktop using-image lazyload\"  style=\"background-image:inherit; background-position: center top; background-repeat: no-repeat; \" data-bg-image=\"url(https:\/\/unicumhaz.hu\/wp-content\/uploads\/2020\/04\/11Untitled-1.png)\"><\/div><\/div><div class=\"row-bg-overlay row-bg-layer\" style=\"background-color:#0a0a0a;  opacity: 0.8; \"><\/div><\/div><div class=\"row_col_wrap_12 col span_12 dark left\">\n\t<div  class=\"vc_col-sm-12 wpb_column column_container vc_column_container col no-extra-padding\"  data-padding-pos=\"all\" data-has-bg-color=\"false\" data-bg-color=\"\" data-bg-opacity=\"1\" data-animation=\"\" data-delay=\"0\" >\n\t\t<div class=\"vc_column-inner\" >\n\t\t\t<div class=\"wpb_wrapper\">\n\t\t\t\t\n<div class=\"wpb_text_column wpb_content_element\" >\n\t<div class=\"wpb_wrapper\">\n\t\t<h2 style=\"text-align: center;\"><span style=\"color: #d3ac6f;\">Zwack Napl\u00f3 &#8211; \u00dari utca<\/span><\/h2>\n<h2 style=\"text-align: center;\"><span style=\"color: #d3ac6f;\">Zwack Diary &#8211; \u00dari street<\/span><\/h2>\n\t<\/div>\n<\/div>\n\n\n\n\n\t\t\t<\/div> \n\t\t<\/div>\n\t<\/div> \n<\/div><\/div>\n\t\t<div id=\"fws_69f25e72a0612\"  data-column-margin=\"default\" data-midnight=\"dark\"  class=\"wpb_row vc_row-fluid vc_row full-width-section\"  style=\"padding-top: 0px; padding-bottom: 0px; \"><div class=\"row-bg-wrap\" data-bg-animation=\"none\" data-bg-animation-delay=\"\" data-bg-overlay=\"false\"><div class=\"inner-wrap row-bg-layer\" ><div class=\"row-bg viewport-desktop\"  style=\"\"><\/div><\/div><\/div><div class=\"nectar-shape-divider-wrap\" style=\" height:5px;\"  data-height=\"5\" data-front=\"\" data-style=\"curve\" data-position=\"top\" ><svg class=\"nectar-shape-divider\" aria-hidden=\"true\" fill=\"#d3ac6f\" xmlns=\"http:\/\/www.w3.org\/2000\/svg\" viewbox=\"0 0 1000 100\" preserveaspectratio=\"none\"> <path d=\"M 0 0 c 0 0 200 50 500 50 s 500 -50 500 -50 v 101 h -1000 v -100 z\"><\/path> <\/svg><\/div><div class=\"row_col_wrap_12 col span_12 dark left\">\n\t<div  class=\"vc_col-sm-12 wpb_column column_container vc_column_container col no-extra-padding\"  data-padding-pos=\"all\" data-has-bg-color=\"false\" data-bg-color=\"\" data-bg-opacity=\"1\" data-animation=\"\" data-delay=\"0\" >\n\t\t<div class=\"vc_column-inner\" >\n\t\t\t<div class=\"wpb_wrapper\">\n\t\t\t\t<div class=\"divider-wrap\" data-alignment=\"default\"><div style=\"height: 25px;\" class=\"divider\"><\/div><\/div>\n\t\t\t<\/div> \n\t\t<\/div>\n\t<\/div> \n<\/div><\/div>\n\t\t<div id=\"fws_69f25e72a12c1\"  data-column-margin=\"default\" data-midnight=\"dark\"  class=\"wpb_row vc_row-fluid vc_row\"  style=\"padding-top: 0px; padding-bottom: 0px; \"><div class=\"row-bg-wrap\" data-bg-animation=\"none\" data-bg-animation-delay=\"\" data-bg-overlay=\"false\"><div class=\"inner-wrap row-bg-layer\" ><div class=\"row-bg viewport-desktop\"  style=\"\"><\/div><\/div><\/div><div class=\"row_col_wrap_12 col span_12 dark left\">\n\t<div  class=\"vc_col-sm-12 wpb_column column_container vc_column_container col no-extra-padding\"  data-padding-pos=\"all\" data-has-bg-color=\"false\" data-bg-color=\"\" data-bg-opacity=\"1\" data-animation=\"\" data-delay=\"0\" >\n\t\t<div class=\"vc_column-inner\" >\n\t\t\t<div class=\"wpb_wrapper\">\n\t\t\t\t<div class=\"img-with-aniamtion-wrap\" data-max-width=\"100%\" data-max-width-mobile=\"100%\" data-shadow=\"none\" data-animation=\"none\" >\n      <div class=\"inner\">\n        <div class=\"hover-wrap\"> \n          <div class=\"hover-wrap-inner\">\n            <a href=\"\/wp-content\/uploads\/2020\/04\/feliratosZwack-Napl\u00f3-\u2013-\u00dari-utca.mp4\" target=\"_self\" class=\"\">\n              <img decoding=\"async\" class=\"img-with-animation skip-lazy\" data-delay=\"0\" height=\"725\" width=\"1199\" data-animation=\"none\" src=\"https:\/\/unicumhaz.hu\/wp-content\/uploads\/2020\/11\/New-Project-14.jpg\" alt=\"\" srcset=\"https:\/\/unicumhaz.hu\/wp-content\/uploads\/2020\/11\/New-Project-14.jpg 1199w, https:\/\/unicumhaz.hu\/wp-content\/uploads\/2020\/11\/New-Project-14-300x181.jpg 300w, https:\/\/unicumhaz.hu\/wp-content\/uploads\/2020\/11\/New-Project-14-1024x619.jpg 1024w, https:\/\/unicumhaz.hu\/wp-content\/uploads\/2020\/11\/New-Project-14-768x464.jpg 768w\" sizes=\"(max-width: 1199px) 100vw, 1199px\" \/>\n            <\/a>\n          <\/div>\n        <\/div>\n      <\/div>\n      <\/div>\n\t\t\t<\/div> \n\t\t<\/div>\n\t<\/div> \n<\/div><\/div>\n\t\t<div id=\"fws_69f25e72a30e3\"  data-column-margin=\"default\" data-midnight=\"dark\"  class=\"wpb_row vc_row-fluid vc_row\"  style=\"padding-top: 0px; padding-bottom: 0px; \"><div class=\"row-bg-wrap\" data-bg-animation=\"none\" data-bg-animation-delay=\"\" data-bg-overlay=\"false\"><div class=\"inner-wrap row-bg-layer\" ><div class=\"row-bg viewport-desktop\"  style=\"\"><\/div><\/div><\/div><div class=\"row_col_wrap_12 col span_12 dark left\">\n\t<div  class=\"vc_col-sm-12 wpb_column column_container vc_column_container col no-extra-padding\"  data-padding-pos=\"all\" data-has-bg-color=\"false\" data-bg-color=\"\" data-bg-opacity=\"1\" data-animation=\"\" data-delay=\"0\" >\n\t\t<div class=\"vc_column-inner\" >\n\t\t\t<div class=\"wpb_wrapper\">\n\t\t\t\t\n<div class=\"wpb_text_column wpb_content_element\" >\n\t<div class=\"wpb_wrapper\">\n\t\t<h3 style=\"text-align: center;\">\u00dari utca 45.<\/h3>\n<h3 style=\"text-align: center;\">Zwack J\u00e1nosn\u00e9 h\u00e1za<\/h3>\n<p>&nbsp;<\/p>\n<p>A h\u00e1z egy tipikus, k\u00f6z\u00e9pkori alapokra \u00e9p\u00fclt, a sz\u00e1zadok folyam\u00e1n t\u00f6bbsz\u00f6r \u00e1t\u00e9p\u00edtett kis lak\u00f3h\u00e1z volt a V\u00e1rhegyen. K\u00fcl\u00f6nlegess\u00e9ge hangulat\u00e1ban rejlett, mert a m\u00e9retei t\u00e1volr\u00f3l sem voltak impoz\u00e1nsnak mondhat\u00f3k. Az I. k\u00e9pen a bolt\u00edves el\u0151t\u00e9rb\u0151l n\u00e9z\u00fcnk kifel\u00e9 az \u00dari utc\u00e1ba. A jobb oldali falon kis harang l\u00e1that\u00f3, amivel feltehet\u0151leg a h\u00e1z lak\u00f3it h\u00edvt\u00e1k, ha az eb\u00e9d t\u00e1lalva volt. A faliharang el\u0151tt egy sz\u00e9p be\u00e9p\u00edtett kis szekr\u00e9ny tal\u00e1lhat\u00f3; sajnos a funkci\u00f3j\u00e1t nem siker\u00fclt kider\u00edtenem.<\/p>\n<p>Az el\u0151t\u00e9rb\u0151l jobbra egy hall ny\u00edlt (3. k\u00e9p), sz\u00e9p barokk l\u00e1d\u00e1val \u00e9s R\u00e1k\u00f3czi-sz\u00e9kekkel. K\u00e9t l\u00e9pcs\u0151fokkal feljebb egy szalon volt, \u00e9rdekes art deco st\u00edlus\u00fa nagy k\u0151kandall\u00f3val (4. k\u00e9p). A szalont finom polg\u00e1ri \u00edzl\u00e9ssel rendezt\u00e9k be, minden k\u00fcl\u00f6n\u00f6sebb luxus n\u00e9lk\u00fcl. Tal\u00e1n csak a hall nagy aubusson sz\u0151nyege \u00e1rulkodott a h\u00e1ziak j\u00f3m\u00f3dj\u00e1r\u00f3l. A szalon bolt\u00edves teraszajt\u00f3val a k\u00fcl\u00f6n\u00f6sen hangulatos bels\u0151 kertre ny\u00edlt. A hallb\u00f3l balra, egy l\u00e9pcs\u0151fokkal lel\u00e9pve egy szerv\u00edzfolyos\u00f3 ny\u00edlt a konyha fel\u00e9. (2. k\u00e9p).<\/p>\n<p>Az emeleten l\u00e9v\u0151 kis hangulatos szob\u00e1kb\u00f3l kett\u0151t l\u00e1thatunk. Az 5.k\u00e9p finom biedermeier \u00e9s empire b\u00fatorokkal berendezett szob\u00e1t, m\u00edg a 6.k\u00e9p egy emeleti kis dolgoz\u00f3szob\u00e1t mutat, szint\u00e9n finom r\u00e9gi b\u00fatorokkal. A kockaintarzi\u00e1s Louis XVI. \u00edr\u00f3asztalon a modern l\u00e1mpa \u00e9s a szanasz\u00e9t hagyott k\u00f6nyvek azt a l\u00e1tszatott keltik, hogy a tulajdonos csak egy p\u00e1r percre hagyta abba a munk\u00e1t, m\u00edg a felv\u00e9tel elk\u00e9sz\u00fclt.<\/p>\n\t<\/div>\n<\/div>\n\n\n\n\n\t\t\t<\/div> \n\t\t<\/div>\n\t<\/div> \n<\/div><\/div>\n\t\t<div id=\"fws_69f25e72a3cf8\"  data-column-margin=\"default\" data-midnight=\"dark\"  class=\"wpb_row vc_row-fluid vc_row\"  style=\"padding-top: 0px; padding-bottom: 0px; \"><div class=\"row-bg-wrap\" data-bg-animation=\"none\" data-bg-animation-delay=\"\" data-bg-overlay=\"false\"><div class=\"inner-wrap row-bg-layer\" ><div class=\"row-bg viewport-desktop\"  style=\"\"><\/div><\/div><\/div><div class=\"row_col_wrap_12 col span_12 dark left\">\n\t<div  class=\"vc_col-sm-12 wpb_column column_container vc_column_container col no-extra-padding\"  data-padding-pos=\"all\" data-has-bg-color=\"false\" data-bg-color=\"\" data-bg-opacity=\"1\" data-animation=\"\" data-delay=\"0\" >\n\t\t<div class=\"vc_column-inner\" >\n\t\t\t<div class=\"wpb_wrapper\">\n\t\t\t\t<div class=\"img-with-aniamtion-wrap\" data-max-width=\"100%\" data-max-width-mobile=\"100%\" data-shadow=\"none\" data-animation=\"fade-in\" >\n      <div class=\"inner\">\n        <div class=\"hover-wrap\"> \n          <div class=\"hover-wrap-inner\">\n            <img decoding=\"async\" class=\"img-with-animation skip-lazy\" data-delay=\"0\" height=\"646\" width=\"797\" data-animation=\"fade-in\" src=\"https:\/\/unicumhaz.hu\/wp-content\/uploads\/2021\/03\/Uri3.jpg\" alt=\"\" srcset=\"https:\/\/unicumhaz.hu\/wp-content\/uploads\/2021\/03\/Uri3.jpg 797w, https:\/\/unicumhaz.hu\/wp-content\/uploads\/2021\/03\/Uri3-300x243.jpg 300w, https:\/\/unicumhaz.hu\/wp-content\/uploads\/2021\/03\/Uri3-768x622.jpg 768w\" sizes=\"(max-width: 797px) 100vw, 797px\" \/>\n          <\/div>\n        <\/div>\n      <\/div>\n    <\/div>\n\t\t\t<\/div> \n\t\t<\/div>\n\t<\/div> \n<\/div><\/div>\n\t\t<div id=\"fws_69f25e72a4f19\"  data-column-margin=\"default\" data-midnight=\"dark\"  class=\"wpb_row vc_row-fluid vc_row\"  style=\"padding-top: 0px; padding-bottom: 0px; \"><div class=\"row-bg-wrap\" data-bg-animation=\"none\" data-bg-animation-delay=\"\" data-bg-overlay=\"false\"><div class=\"inner-wrap row-bg-layer\" ><div class=\"row-bg viewport-desktop\"  style=\"\"><\/div><\/div><\/div><div class=\"row_col_wrap_12 col span_12 dark left\">\n\t<div  class=\"vc_col-sm-12 wpb_column column_container vc_column_container col no-extra-padding\"  data-padding-pos=\"all\" data-has-bg-color=\"false\" data-bg-color=\"\" data-bg-opacity=\"1\" data-animation=\"\" data-delay=\"0\" >\n\t\t<div class=\"vc_column-inner\" >\n\t\t\t<div class=\"wpb_wrapper\">\n\t\t\t\t<div class=\"img-with-aniamtion-wrap\" data-max-width=\"100%\" data-max-width-mobile=\"100%\" data-shadow=\"none\" data-animation=\"fade-in\" >\n      <div class=\"inner\">\n        <div class=\"hover-wrap\"> \n          <div class=\"hover-wrap-inner\">\n            <img decoding=\"async\" class=\"img-with-animation skip-lazy\" data-delay=\"0\" height=\"680\" width=\"908\" data-animation=\"fade-in\" src=\"https:\/\/unicumhaz.hu\/wp-content\/uploads\/2021\/03\/URi1.jpg\" alt=\"\" srcset=\"https:\/\/unicumhaz.hu\/wp-content\/uploads\/2021\/03\/URi1.jpg 908w, https:\/\/unicumhaz.hu\/wp-content\/uploads\/2021\/03\/URi1-300x225.jpg 300w, https:\/\/unicumhaz.hu\/wp-content\/uploads\/2021\/03\/URi1-768x575.jpg 768w\" sizes=\"(max-width: 908px) 100vw, 908px\" \/>\n          <\/div>\n        <\/div>\n      <\/div>\n    <\/div>\n\t\t\t<\/div> \n\t\t<\/div>\n\t<\/div> \n<\/div><\/div>\n\t\t<div id=\"fws_69f25e72a6161\"  data-column-margin=\"default\" data-midnight=\"dark\"  class=\"wpb_row vc_row-fluid vc_row\"  style=\"padding-top: 0px; padding-bottom: 0px; \"><div class=\"row-bg-wrap\" data-bg-animation=\"none\" data-bg-animation-delay=\"\" data-bg-overlay=\"false\"><div class=\"inner-wrap row-bg-layer\" ><div class=\"row-bg viewport-desktop\"  style=\"\"><\/div><\/div><\/div><div class=\"row_col_wrap_12 col span_12 dark left\">\n\t<div  class=\"vc_col-sm-12 wpb_column column_container vc_column_container col no-extra-padding\"  data-padding-pos=\"all\" data-has-bg-color=\"false\" data-bg-color=\"\" data-bg-opacity=\"1\" data-animation=\"\" data-delay=\"0\" >\n\t\t<div class=\"vc_column-inner\" >\n\t\t\t<div class=\"wpb_wrapper\">\n\t\t\t\t<div class=\"img-with-aniamtion-wrap\" data-max-width=\"100%\" data-max-width-mobile=\"100%\" data-shadow=\"none\" data-animation=\"fade-in\" >\n      <div class=\"inner\">\n        <div class=\"hover-wrap\"> \n          <div class=\"hover-wrap-inner\">\n            <img decoding=\"async\" class=\"img-with-animation skip-lazy\" data-delay=\"0\" height=\"670\" width=\"642\" data-animation=\"fade-in\" src=\"https:\/\/unicumhaz.hu\/wp-content\/uploads\/2021\/03\/Uri2.jpg\" alt=\"\" srcset=\"https:\/\/unicumhaz.hu\/wp-content\/uploads\/2021\/03\/Uri2.jpg 642w, https:\/\/unicumhaz.hu\/wp-content\/uploads\/2021\/03\/Uri2-287x300.jpg 287w\" sizes=\"(max-width: 642px) 100vw, 642px\" \/>\n          <\/div>\n        <\/div>\n      <\/div>\n    <\/div>\n\t\t\t<\/div> \n\t\t<\/div>\n\t<\/div> \n<\/div><\/div>\n\t\t<div id=\"fws_69f25e72a71f3\"  data-column-margin=\"default\" data-midnight=\"dark\"  class=\"wpb_row vc_row-fluid vc_row\"  style=\"padding-top: 0px; padding-bottom: 0px; \"><div class=\"row-bg-wrap\" data-bg-animation=\"none\" data-bg-animation-delay=\"\" data-bg-overlay=\"false\"><div class=\"inner-wrap row-bg-layer\" ><div class=\"row-bg viewport-desktop\"  style=\"\"><\/div><\/div><\/div><div class=\"row_col_wrap_12 col span_12 dark left\">\n\t<div  class=\"vc_col-sm-12 wpb_column column_container vc_column_container col no-extra-padding\"  data-padding-pos=\"all\" data-has-bg-color=\"false\" data-bg-color=\"\" data-bg-opacity=\"1\" data-animation=\"\" data-delay=\"0\" >\n\t\t<div class=\"vc_column-inner\" >\n\t\t\t<div class=\"wpb_wrapper\">\n\t\t\t\t<div class=\"img-with-aniamtion-wrap\" data-max-width=\"100%\" data-max-width-mobile=\"100%\" data-shadow=\"none\" data-animation=\"fade-in\" >\n      <div class=\"inner\">\n        <div class=\"hover-wrap\"> \n          <div class=\"hover-wrap-inner\">\n            <img decoding=\"async\" class=\"img-with-animation skip-lazy\" data-delay=\"0\" height=\"710\" width=\"884\" data-animation=\"fade-in\" src=\"https:\/\/unicumhaz.hu\/wp-content\/uploads\/2021\/03\/Uri4.jpg\" alt=\"\" srcset=\"https:\/\/unicumhaz.hu\/wp-content\/uploads\/2021\/03\/Uri4.jpg 884w, https:\/\/unicumhaz.hu\/wp-content\/uploads\/2021\/03\/Uri4-300x241.jpg 300w, https:\/\/unicumhaz.hu\/wp-content\/uploads\/2021\/03\/Uri4-768x617.jpg 768w\" sizes=\"(max-width: 884px) 100vw, 884px\" \/>\n          <\/div>\n        <\/div>\n      <\/div>\n    <\/div>\n\t\t\t<\/div> \n\t\t<\/div>\n\t<\/div> \n<\/div><\/div>\n\t\t<div id=\"fws_69f25e72a8261\"  data-column-margin=\"default\" data-midnight=\"dark\"  class=\"wpb_row vc_row-fluid vc_row\"  style=\"padding-top: 0px; padding-bottom: 0px; \"><div class=\"row-bg-wrap\" data-bg-animation=\"none\" data-bg-animation-delay=\"\" data-bg-overlay=\"false\"><div class=\"inner-wrap row-bg-layer\" ><div class=\"row-bg viewport-desktop\"  style=\"\"><\/div><\/div><\/div><div class=\"row_col_wrap_12 col span_12 dark left\">\n\t<div  class=\"vc_col-sm-12 wpb_column column_container vc_column_container col no-extra-padding\"  data-padding-pos=\"all\" data-has-bg-color=\"false\" data-bg-color=\"\" data-bg-opacity=\"1\" data-animation=\"\" data-delay=\"0\" >\n\t\t<div class=\"vc_column-inner\" >\n\t\t\t<div class=\"wpb_wrapper\">\n\t\t\t\t<div class=\"img-with-aniamtion-wrap\" data-max-width=\"100%\" data-max-width-mobile=\"100%\" data-shadow=\"none\" data-animation=\"fade-in\" >\n      <div class=\"inner\">\n        <div class=\"hover-wrap\"> \n          <div class=\"hover-wrap-inner\">\n            <img decoding=\"async\" class=\"img-with-animation skip-lazy\" data-delay=\"0\" height=\"652\" width=\"673\" data-animation=\"fade-in\" src=\"https:\/\/unicumhaz.hu\/wp-content\/uploads\/2021\/03\/uri5.jpg\" alt=\"\" srcset=\"https:\/\/unicumhaz.hu\/wp-content\/uploads\/2021\/03\/uri5.jpg 673w, https:\/\/unicumhaz.hu\/wp-content\/uploads\/2021\/03\/uri5-300x291.jpg 300w\" sizes=\"(max-width: 673px) 100vw, 673px\" \/>\n          <\/div>\n        <\/div>\n      <\/div>\n    <\/div>\n\t\t\t<\/div> \n\t\t<\/div>\n\t<\/div> \n<\/div><\/div>\n\t\t<div id=\"fws_69f25e72a92ba\"  data-column-margin=\"default\" data-midnight=\"dark\"  class=\"wpb_row vc_row-fluid vc_row\"  style=\"padding-top: 0px; padding-bottom: 0px; \"><div class=\"row-bg-wrap\" data-bg-animation=\"none\" data-bg-animation-delay=\"\" data-bg-overlay=\"false\"><div class=\"inner-wrap row-bg-layer\" ><div class=\"row-bg viewport-desktop\"  style=\"\"><\/div><\/div><\/div><div class=\"row_col_wrap_12 col span_12 dark left\">\n\t<div  class=\"vc_col-sm-12 wpb_column column_container vc_column_container col no-extra-padding\"  data-padding-pos=\"all\" data-has-bg-color=\"false\" data-bg-color=\"\" data-bg-opacity=\"1\" data-animation=\"\" data-delay=\"0\" >\n\t\t<div class=\"vc_column-inner\" >\n\t\t\t<div class=\"wpb_wrapper\">\n\t\t\t\t<div class=\"img-with-aniamtion-wrap\" data-max-width=\"100%\" data-max-width-mobile=\"100%\" data-shadow=\"none\" data-animation=\"fade-in\" >\n      <div class=\"inner\">\n        <div class=\"hover-wrap\"> \n          <div class=\"hover-wrap-inner\">\n            <img decoding=\"async\" class=\"img-with-animation skip-lazy\" data-delay=\"0\" height=\"640\" width=\"781\" data-animation=\"fade-in\" src=\"https:\/\/unicumhaz.hu\/wp-content\/uploads\/2021\/03\/uri6.jpg\" alt=\"\" srcset=\"https:\/\/unicumhaz.hu\/wp-content\/uploads\/2021\/03\/uri6.jpg 781w, https:\/\/unicumhaz.hu\/wp-content\/uploads\/2021\/03\/uri6-300x246.jpg 300w, https:\/\/unicumhaz.hu\/wp-content\/uploads\/2021\/03\/uri6-768x629.jpg 768w\" sizes=\"(max-width: 781px) 100vw, 781px\" \/>\n          <\/div>\n        <\/div>\n      <\/div>\n    <\/div>\n\t\t\t<\/div> \n\t\t<\/div>\n\t<\/div> \n<\/div><\/div>\n\t\t<div id=\"fws_69f25e72aa320\"  data-column-margin=\"default\" data-midnight=\"dark\"  class=\"wpb_row vc_row-fluid vc_row\"  style=\"padding-top: 0px; padding-bottom: 0px; \"><div class=\"row-bg-wrap\" data-bg-animation=\"none\" data-bg-animation-delay=\"\" data-bg-overlay=\"false\"><div class=\"inner-wrap row-bg-layer\" ><div class=\"row-bg viewport-desktop\"  style=\"\"><\/div><\/div><\/div><div class=\"row_col_wrap_12 col span_12 dark left\">\n\t<div  class=\"vc_col-sm-12 wpb_column column_container vc_column_container col no-extra-padding\"  data-padding-pos=\"all\" data-has-bg-color=\"false\" data-bg-color=\"\" data-bg-opacity=\"1\" data-animation=\"\" data-delay=\"0\" >\n\t\t<div class=\"vc_column-inner\" >\n\t\t\t<div class=\"wpb_wrapper\">\n\t\t\t\t\n<div class=\"wpb_text_column wpb_content_element\" >\n\t<div class=\"wpb_wrapper\">\n\t\t<p>Forr\u00e1s:<\/p>\n<p><em>Somlai Tibor: <strong>Volt \u00e9s Nincs<\/strong>: Nagypolg\u00e1ri \u00e9s Arisztokrata enteri\u0151r\u00f6k 1900-1945<\/em><\/p>\n<p><em>Corvina 2012<\/em><\/p>\n\t<\/div>\n<\/div>\n\n\n\n\n\t\t\t<\/div> \n\t\t<\/div>\n\t<\/div> \n<\/div><\/div>\n\t\t<div id=\"fws_69f25e72aaeea\"  data-column-margin=\"default\" data-midnight=\"dark\"  class=\"wpb_row vc_row-fluid vc_row full-width-section\"  style=\"padding-top: 0px; padding-bottom: 0px; \"><div class=\"row-bg-wrap\" data-bg-animation=\"none\" data-bg-animation-delay=\"\" data-bg-overlay=\"false\"><div class=\"inner-wrap row-bg-layer\" ><div class=\"row-bg viewport-desktop\"  style=\"\"><\/div><\/div><\/div><div class=\"nectar-shape-divider-wrap\" style=\" height:5px;\"  data-height=\"5\" data-front=\"\" data-style=\"curve\" data-position=\"bottom\" ><svg class=\"nectar-shape-divider\" aria-hidden=\"true\" fill=\"#d3ac6f\" xmlns=\"http:\/\/www.w3.org\/2000\/svg\" viewbox=\"0 0 1000 100\" preserveaspectratio=\"none\"> <path d=\"M 0 0 c 0 0 200 50 500 50 s 500 -50 500 -50 v 101 h -1000 v -100 z\"><\/path> <\/svg><\/div><div class=\"row_col_wrap_12 col span_12 dark left\">\n\t<div  class=\"vc_col-sm-12 wpb_column column_container vc_column_container col no-extra-padding\"  data-padding-pos=\"all\" data-has-bg-color=\"false\" data-bg-color=\"\" data-bg-opacity=\"1\" data-animation=\"\" data-delay=\"0\" >\n\t\t<div class=\"vc_column-inner\" >\n\t\t\t<div class=\"wpb_wrapper\">\n\t\t\t\t<div class=\"divider-wrap\" data-alignment=\"default\"><div style=\"height: 25px;\" class=\"divider\"><\/div><\/div>\n\t\t\t<\/div> \n\t\t<\/div>\n\t<\/div> \n<\/div><\/div>","protected":false},"excerpt":{"rendered":"Zwack Napl\u00f3 - \u00dari utca Zwack Diary - \u00dari street \u00dari utca 45. Zwack J\u00e1nosn\u00e9...","protected":false},"author":3,"featured_media":0,"parent":0,"menu_order":0,"comment_status":"closed","ping_status":"closed","template":"","meta":{"_monsterinsights_skip_tracking":false,"_monsterinsights_sitenote_active":false,"_monsterinsights_sitenote_note":"","_monsterinsights_sitenote_category":0,"footnotes":""},"class_list":["post-207484","page","type-page","status-publish"],"_links":{"self":[{"href":"https:\/\/unicumhaz.hu\/en\/wp-json\/wp\/v2\/pages\/207484","targetHints":{"allow":["GET"]}}],"collection":[{"href":"https:\/\/unicumhaz.hu\/en\/wp-json\/wp\/v2\/pages"}],"about":[{"href":"https:\/\/unicumhaz.hu\/en\/wp-json\/wp\/v2\/types\/page"}],"author":[{"embeddable":true,"href":"https:\/\/unicumhaz.hu\/en\/wp-json\/wp\/v2\/users\/3"}],"replies":[{"embeddable":true,"href":"https:\/\/unicumhaz.hu\/en\/wp-json\/wp\/v2\/comments?post=207484"}],"version-history":[{"count":7,"href":"https:\/\/unicumhaz.hu\/en\/wp-json\/wp\/v2\/pages\/207484\/revisions"}],"predecessor-version":[{"id":208395,"href":"https:\/\/unicumhaz.hu\/en\/wp-json\/wp\/v2\/pages\/207484\/revisions\/208395"}],"wp:attachment":[{"href":"https:\/\/unicumhaz.hu\/en\/wp-json\/wp\/v2\/media?parent=207484"}],"curies":[{"name":"wp","href":"https:\/\/api.w.org\/{rel}","templated":true}]}}