{"id":207579,"date":"2020-04-12T14:19:00","date_gmt":"2020-04-12T14:19:00","guid":{"rendered":"https:\/\/unicumhaz.hu\/?page_id=207579"},"modified":"2025-03-04T15:59:25","modified_gmt":"2025-03-04T15:59:25","slug":"fotok","status":"publish","type":"page","link":"https:\/\/unicumhaz.hu\/en\/gallery\/fotok\/","title":{"rendered":"Photos"},"content":{"rendered":"<div id=\"fws_69d1d84e63d95\"  data-column-margin=\"default\" data-midnight=\"dark\" data-top-percent=\"2%\"  class=\"wpb_row vc_row-fluid vc_row\"  style=\"padding-top: calc(100vw * 0.02); padding-bottom: 0px; \"><div class=\"row-bg-wrap\" data-bg-animation=\"none\" data-bg-animation-delay=\"\" data-bg-overlay=\"false\"><div class=\"inner-wrap row-bg-layer\" ><div class=\"row-bg viewport-desktop\"  style=\"\"><\/div><\/div><\/div><div class=\"row_col_wrap_12 col span_12 dark left\">\n\t<div  class=\"vc_col-sm-6 wpb_column column_container vc_column_container col centered-text has-animation no-extra-padding inherit_tablet inherit_phone\"  data-border-radius=\"10px\" data-shadow=\"small_depth\" data-padding-pos=\"all\" data-has-bg-color=\"false\" data-bg-color=\"\" data-bg-opacity=\"1\" data-animation=\"slight-fade-in-from-bottom\" data-delay=\"0\" >\n\t\t<div class=\"vc_column-inner\" ><div class=\"column-bg-overlay-wrap column-bg-layer\" data-bg-animation=\"none\"><div class=\"column-bg-overlay\"><\/div><\/div>\n\t\t\t<div class=\"wpb_wrapper\">\n\t\t\t\t\n\t<div class=\"wpb_gallery wpb_content_element clearfix\">\n\t\t<div class=\"wpb_wrapper\"><div class=\"wpb_gallery_slidesnectarslider_style\" data-onclick=\"link_image\" data-interval=\"5\"><div class=\"nectar-slider-wrap\" style=\"height: 450px\" data-flexible-height=\"\" data-overall_style=\"classic\" data-button-styling=\"btn_with_count\" data-fullscreen=\"false\"  data-full-width=\"false\" data-parallax=\"false\" data-autorotate=\"5500\" id=\"ns-id-69d1d84e64f27\"><div class=\"swiper-container\" style=\"height: 450px\"  data-loop=\"false\" data-height=\"450\" data-bullets=\"\" data-bullet_style=\"see_through\" data-arrows=\"true\" data-desktop-swipe=\"false\" data-settings=\"\"><div class=\"swiper-wrapper\"><div class=\"swiper-slide\" data-bg-alignment=\"center\" data-color-scheme=\"light\" data-x-pos=\"centered\" data-y-pos=\"middle\"><div class=\"image-bg lazyload\" style=\"background-image:inherit;\" data-bg-image=\"url(https:\/\/unicumhaz.hu\/wp-content\/uploads\/2019\/03\/gal-9472860-1.jpg)\">  &nbsp; <\/div><a class=\"entire-slide-link\"  href=\"https:\/\/unicumhaz.hu\/wp-content\/uploads\/2019\/03\/gal-9472860-1.jpg\"><\/a><span class=\"ie-fix\"><\/span> <\/div><!--\/swiper-slide--><div class=\"swiper-slide\" data-bg-alignment=\"center\" data-color-scheme=\"light\" data-x-pos=\"centered\" data-y-pos=\"middle\"><div class=\"image-bg lazyload\" style=\"background-image:inherit;\" data-bg-image=\"url(https:\/\/unicumhaz.hu\/wp-content\/uploads\/2019\/03\/gal-9472878.jpg)\">  &nbsp; <\/div><a class=\"entire-slide-link\"  href=\"https:\/\/unicumhaz.hu\/wp-content\/uploads\/2019\/03\/gal-9472878.jpg\"><\/a><span class=\"ie-fix\"><\/span> <\/div><!--\/swiper-slide--><div class=\"swiper-slide\" data-bg-alignment=\"center\" data-color-scheme=\"light\" data-x-pos=\"centered\" data-y-pos=\"middle\"><div class=\"image-bg lazyload\" style=\"background-image:inherit;\" data-bg-image=\"url(https:\/\/unicumhaz.hu\/wp-content\/uploads\/2019\/03\/gal-8138123.jpg)\">  &nbsp; <\/div><a class=\"entire-slide-link\"  href=\"https:\/\/unicumhaz.hu\/wp-content\/uploads\/2019\/03\/gal-8138123.jpg\"><\/a><span class=\"ie-fix\"><\/span> <\/div><!--\/swiper-slide--><div class=\"swiper-slide\" data-bg-alignment=\"center\" data-color-scheme=\"light\" data-x-pos=\"centered\" data-y-pos=\"middle\"><div class=\"image-bg lazyload\" style=\"background-image:inherit;\" data-bg-image=\"url(https:\/\/unicumhaz.hu\/wp-content\/uploads\/2019\/03\/gal-8138128-1.jpg)\">  &nbsp; <\/div><a class=\"entire-slide-link\"  href=\"https:\/\/unicumhaz.hu\/wp-content\/uploads\/2019\/03\/gal-8138128-1.jpg\"><\/a><span class=\"ie-fix\"><\/span> <\/div><!--\/swiper-slide--><\/div><a href=\"\" class=\"slider-prev\"><i class=\"icon-salient-left-arrow\"><\/i> <div class=\"slide-count\"> <span class=\"slide-current\">1<\/span> <i class=\"icon-salient-right-line\"><\/i> <span class=\"slide-total\"><\/span> <\/div> <\/a>\n\t\t\t     \t\t<a href=\"\" class=\"slider-next\"><i class=\"icon-salient-right-arrow\"><\/i> <div class=\"slide-count\"> <span class=\"slide-current\">1<\/span> <i class=\"icon-salient-right-line\"><\/i> <span class=\"slide-total\"><\/span> <\/div> <\/a><div class=\"nectar-slider-loading\"><\/div><\/div><\/div><\/div>\n\t\t<\/div> \n\t<\/div> \n<div class=\"wpb_text_column wpb_content_element\" >\n\t<div class=\"wpb_wrapper\">\n\t\t<h3 style=\"text-align: center;\"><strong>Museum<\/strong><\/h3>\n\t<\/div>\n<\/div>\n\n\n\n\n\t\t\t<\/div> \n\t\t<\/div>\n\t<\/div> \n\n\t<div  class=\"vc_col-sm-6 wpb_column column_container vc_column_container col centered-text has-animation no-extra-padding inherit_tablet inherit_phone\"  data-border-radius=\"10px\" data-shadow=\"small_depth\" data-padding-pos=\"all\" data-has-bg-color=\"false\" data-bg-color=\"\" data-bg-opacity=\"1\" data-animation=\"fade-in-from-bottom\" data-delay=\"0\" >\n\t\t<div class=\"vc_column-inner\" ><div class=\"column-bg-overlay-wrap column-bg-layer\" data-bg-animation=\"none\"><div class=\"column-bg-overlay\"><\/div><\/div>\n\t\t\t<div class=\"wpb_wrapper\">\n\t\t\t\t\n\t<div class=\"wpb_gallery wpb_content_element clearfix\">\n\t\t<div class=\"wpb_wrapper\"><div class=\"wpb_gallery_slidesnectarslider_style\" data-onclick=\"link_image\" data-interval=\"5\"><div class=\"nectar-slider-wrap\" style=\"height: 450px\" data-flexible-height=\"\" data-overall_style=\"classic\" data-button-styling=\"btn_with_count\" data-fullscreen=\"false\"  data-full-width=\"false\" data-parallax=\"false\" data-autorotate=\"5500\" id=\"ns-id-69d1d84e67ad6\"><div class=\"swiper-container\" style=\"height: 450px\"  data-loop=\"false\" data-height=\"450\" data-bullets=\"\" data-bullet_style=\"see_through\" data-arrows=\"true\" data-desktop-swipe=\"false\" data-settings=\"\"><div class=\"swiper-wrapper\"><div class=\"swiper-slide\" data-bg-alignment=\"center\" data-color-scheme=\"light\" data-x-pos=\"centered\" data-y-pos=\"middle\"><div class=\"image-bg lazyload\" style=\"background-image:inherit;\" data-bg-image=\"url(https:\/\/unicumhaz.hu\/wp-content\/uploads\/2019\/03\/gal-9472910.jpg)\">  &nbsp; <\/div><a class=\"entire-slide-link\"  href=\"https:\/\/unicumhaz.hu\/wp-content\/uploads\/2019\/03\/gal-9472910.jpg\"><\/a><span class=\"ie-fix\"><\/span> <\/div><!--\/swiper-slide--><div class=\"swiper-slide\" data-bg-alignment=\"center\" data-color-scheme=\"light\" data-x-pos=\"centered\" data-y-pos=\"middle\"><div class=\"image-bg lazyload\" style=\"background-image:inherit;\" data-bg-image=\"url(https:\/\/unicumhaz.hu\/wp-content\/uploads\/2019\/03\/gal-9472908.jpg)\">  &nbsp; <\/div><a class=\"entire-slide-link\"  href=\"https:\/\/unicumhaz.hu\/wp-content\/uploads\/2019\/03\/gal-9472908.jpg\"><\/a><span class=\"ie-fix\"><\/span> <\/div><!--\/swiper-slide--><div class=\"swiper-slide\" data-bg-alignment=\"center\" data-color-scheme=\"light\" data-x-pos=\"centered\" data-y-pos=\"middle\"><div class=\"image-bg lazyload\" style=\"background-image:inherit;\" data-bg-image=\"url(https:\/\/unicumhaz.hu\/wp-content\/uploads\/2019\/03\/gal-9472907.jpg)\">  &nbsp; <\/div><a class=\"entire-slide-link\"  href=\"https:\/\/unicumhaz.hu\/wp-content\/uploads\/2019\/03\/gal-9472907.jpg\"><\/a><span class=\"ie-fix\"><\/span> <\/div><!--\/swiper-slide--><div class=\"swiper-slide\" data-bg-alignment=\"center\" data-color-scheme=\"light\" data-x-pos=\"centered\" data-y-pos=\"middle\"><div class=\"image-bg lazyload\" style=\"background-image:inherit;\" data-bg-image=\"url(https:\/\/unicumhaz.hu\/wp-content\/uploads\/2019\/03\/gal-8109675.jpg)\">  &nbsp; <\/div><a class=\"entire-slide-link\"  href=\"https:\/\/unicumhaz.hu\/wp-content\/uploads\/2019\/03\/gal-8109675.jpg\"><\/a><span class=\"ie-fix\"><\/span> <\/div><!--\/swiper-slide--><div class=\"swiper-slide\" data-bg-alignment=\"center\" data-color-scheme=\"light\" data-x-pos=\"centered\" data-y-pos=\"middle\"><div class=\"image-bg lazyload\" style=\"background-image:inherit;\" data-bg-image=\"url(https:\/\/unicumhaz.hu\/wp-content\/uploads\/2019\/03\/gal-8138176.jpg)\">  &nbsp; <\/div><a class=\"entire-slide-link\"  href=\"https:\/\/unicumhaz.hu\/wp-content\/uploads\/2019\/03\/gal-8138176.jpg\"><\/a><span class=\"ie-fix\"><\/span> <\/div><!--\/swiper-slide--><div class=\"swiper-slide\" data-bg-alignment=\"center\" data-color-scheme=\"light\" data-x-pos=\"centered\" data-y-pos=\"middle\"><div class=\"image-bg lazyload\" style=\"background-image:inherit;\" data-bg-image=\"url(https:\/\/unicumhaz.hu\/wp-content\/uploads\/2019\/03\/gal-9472909.jpg)\">  &nbsp; <\/div><a class=\"entire-slide-link\"  href=\"https:\/\/unicumhaz.hu\/wp-content\/uploads\/2019\/03\/gal-9472909.jpg\"><\/a><span class=\"ie-fix\"><\/span> <\/div><!--\/swiper-slide--><\/div><a href=\"\" class=\"slider-prev\"><i class=\"icon-salient-left-arrow\"><\/i> <div class=\"slide-count\"> <span class=\"slide-current\">1<\/span> <i class=\"icon-salient-right-line\"><\/i> <span class=\"slide-total\"><\/span> <\/div> <\/a>\n\t\t\t     \t\t<a href=\"\" class=\"slider-next\"><i class=\"icon-salient-right-arrow\"><\/i> <div class=\"slide-count\"> <span class=\"slide-current\">1<\/span> <i class=\"icon-salient-right-line\"><\/i> <span class=\"slide-total\"><\/span> <\/div> <\/a><div class=\"nectar-slider-loading\"><\/div><\/div><\/div><\/div>\n\t\t<\/div> \n\t<\/div> \n<div class=\"wpb_text_column wpb_content_element\" >\n\t<div class=\"wpb_wrapper\">\n\t\t<h3 style=\"text-align: center;\"><strong>Distillery<\/strong><\/h3>\n\t<\/div>\n<\/div>\n\n\n\n\n\t\t\t<\/div> \n\t\t<\/div>\n\t<\/div> \n<\/div><\/div>\n\t\t<div id=\"fws_69d1d84e6a6a1\"  data-column-margin=\"default\" data-midnight=\"dark\" data-top-percent=\"2%\"  class=\"wpb_row vc_row-fluid vc_row\"  style=\"padding-top: calc(100vw * 0.02); padding-bottom: 0px; \"><div class=\"row-bg-wrap\" data-bg-animation=\"none\" data-bg-animation-delay=\"\" data-bg-overlay=\"false\"><div class=\"inner-wrap row-bg-layer\" ><div class=\"row-bg viewport-desktop\"  style=\"\"><\/div><\/div><\/div><div class=\"row_col_wrap_12 col span_12 dark left\">\n\t<div  class=\"vc_col-sm-6 wpb_column column_container vc_column_container col centered-text has-animation no-extra-padding inherit_tablet inherit_phone\"  data-border-radius=\"10px\" data-shadow=\"small_depth\" data-padding-pos=\"all\" data-has-bg-color=\"false\" data-bg-color=\"\" data-bg-opacity=\"1\" data-animation=\"slight-fade-in-from-bottom\" data-delay=\"0\" >\n\t\t<div class=\"vc_column-inner\" ><div class=\"column-bg-overlay-wrap column-bg-layer\" data-bg-animation=\"none\"><div class=\"column-bg-overlay\"><\/div><\/div>\n\t\t\t<div class=\"wpb_wrapper\">\n\t\t\t\t\n\t<div class=\"wpb_gallery wpb_content_element clearfix\">\n\t\t<div class=\"wpb_wrapper\"><div class=\"wpb_gallery_slidesnectarslider_style\" data-onclick=\"link_image\" data-interval=\"5\"><div class=\"nectar-slider-wrap\" style=\"height: 450px\" data-flexible-height=\"\" data-overall_style=\"classic\" data-button-styling=\"btn_with_count\" data-fullscreen=\"false\"  data-full-width=\"false\" data-parallax=\"false\" data-autorotate=\"5500\" id=\"ns-id-69d1d84e6b353\"><div class=\"swiper-container\" style=\"height: 450px\"  data-loop=\"false\" data-height=\"450\" data-bullets=\"\" data-bullet_style=\"see_through\" data-arrows=\"true\" data-desktop-swipe=\"false\" data-settings=\"\"><div class=\"swiper-wrapper\"><div class=\"swiper-slide\" data-bg-alignment=\"center\" data-color-scheme=\"light\" data-x-pos=\"centered\" data-y-pos=\"middle\"><div class=\"image-bg lazyload\" style=\"background-image:inherit;\" data-bg-image=\"url(https:\/\/unicumhaz.hu\/wp-content\/uploads\/2025\/01\/DSC_8700-scaled.jpg)\">  &nbsp; <\/div><a class=\"entire-slide-link\"  href=\"https:\/\/unicumhaz.hu\/wp-content\/uploads\/2025\/01\/DSC_8700-scaled.jpg\"><\/a><span class=\"ie-fix\"><\/span> <\/div><!--\/swiper-slide--><div class=\"swiper-slide\" data-bg-alignment=\"center\" data-color-scheme=\"light\" data-x-pos=\"centered\" data-y-pos=\"middle\"><div class=\"image-bg lazyload\" style=\"background-image:inherit;\" data-bg-image=\"url(https:\/\/unicumhaz.hu\/wp-content\/uploads\/2025\/01\/DSC_8426-scaled.jpg)\">  &nbsp; <\/div><a class=\"entire-slide-link\"  href=\"https:\/\/unicumhaz.hu\/wp-content\/uploads\/2025\/01\/DSC_8426-scaled.jpg\"><\/a><span class=\"ie-fix\"><\/span> <\/div><!--\/swiper-slide--><div class=\"swiper-slide\" data-bg-alignment=\"center\" data-color-scheme=\"light\" data-x-pos=\"centered\" data-y-pos=\"middle\"><div class=\"image-bg lazyload\" style=\"background-image:inherit;\" data-bg-image=\"url(https:\/\/unicumhaz.hu\/wp-content\/uploads\/2019\/03\/gal-8109677.jpg)\">  &nbsp; <\/div><a class=\"entire-slide-link\"  href=\"https:\/\/unicumhaz.hu\/wp-content\/uploads\/2019\/03\/gal-8109677.jpg\"><\/a><span class=\"ie-fix\"><\/span> <\/div><!--\/swiper-slide--><div class=\"swiper-slide\" data-bg-alignment=\"center\" data-color-scheme=\"light\" data-x-pos=\"centered\" data-y-pos=\"middle\"><div class=\"image-bg lazyload\" style=\"background-image:inherit;\" data-bg-image=\"url(https:\/\/unicumhaz.hu\/wp-content\/uploads\/2025\/01\/IMG_2264-scaled.jpg)\">  &nbsp; <\/div><a class=\"entire-slide-link\"  href=\"https:\/\/unicumhaz.hu\/wp-content\/uploads\/2025\/01\/IMG_2264-scaled.jpg\"><\/a><span class=\"ie-fix\"><\/span> <\/div><!--\/swiper-slide--><\/div><a href=\"\" class=\"slider-prev\"><i class=\"icon-salient-left-arrow\"><\/i> <div class=\"slide-count\"> <span class=\"slide-current\">1<\/span> <i class=\"icon-salient-right-line\"><\/i> <span class=\"slide-total\"><\/span> <\/div> <\/a>\n\t\t\t     \t\t<a href=\"\" class=\"slider-next\"><i class=\"icon-salient-right-arrow\"><\/i> <div class=\"slide-count\"> <span class=\"slide-current\">1<\/span> <i class=\"icon-salient-right-line\"><\/i> <span class=\"slide-total\"><\/span> <\/div> <\/a><div class=\"nectar-slider-loading\"><\/div><\/div><\/div><\/div>\n\t\t<\/div> \n\t<\/div> \n<div class=\"wpb_text_column wpb_content_element\" >\n\t<div class=\"wpb_wrapper\">\n\t\t<h3 style=\"text-align: center;\"><strong>Cellar<\/strong><\/h3>\n\t<\/div>\n<\/div>\n\n\n\n\n\t\t\t<\/div> \n\t\t<\/div>\n\t<\/div> \n\n\t<div  class=\"vc_col-sm-6 wpb_column column_container vc_column_container col centered-text has-animation no-extra-padding inherit_tablet inherit_phone\"  data-border-radius=\"10px\" data-shadow=\"small_depth\" data-padding-pos=\"all\" data-has-bg-color=\"false\" data-bg-color=\"\" data-bg-opacity=\"1\" data-animation=\"fade-in-from-bottom\" data-delay=\"0\" >\n\t\t<div class=\"vc_column-inner\" ><div class=\"column-bg-overlay-wrap column-bg-layer\" data-bg-animation=\"none\"><div class=\"column-bg-overlay\"><\/div><\/div>\n\t\t\t<div class=\"wpb_wrapper\">\n\t\t\t\t\n\t<div class=\"wpb_gallery wpb_content_element clearfix\">\n\t\t<div class=\"wpb_wrapper\"><div class=\"wpb_gallery_slidesnectarslider_style\" data-onclick=\"link_image\" data-interval=\"5\"><div class=\"nectar-slider-wrap\" style=\"height: 450px\" data-flexible-height=\"\" data-overall_style=\"classic\" data-button-styling=\"btn_with_count\" data-fullscreen=\"false\"  data-full-width=\"false\" data-parallax=\"false\" data-autorotate=\"5500\" id=\"ns-id-69d1d84e6dc2b\"><div class=\"swiper-container\" style=\"height: 450px\"  data-loop=\"false\" data-height=\"450\" data-bullets=\"\" data-bullet_style=\"see_through\" data-arrows=\"true\" data-desktop-swipe=\"false\" data-settings=\"\"><div class=\"swiper-wrapper\"><div class=\"swiper-slide\" data-bg-alignment=\"center\" data-color-scheme=\"light\" data-x-pos=\"centered\" data-y-pos=\"middle\"><div class=\"image-bg lazyload\" style=\"background-image:inherit;\" data-bg-image=\"url(https:\/\/unicumhaz.hu\/wp-content\/uploads\/2019\/03\/gal-9472932.jpg)\">  &nbsp; <\/div><a class=\"entire-slide-link\"  href=\"https:\/\/unicumhaz.hu\/wp-content\/uploads\/2019\/03\/gal-9472932.jpg\"><\/a><span class=\"ie-fix\"><\/span> <\/div><!--\/swiper-slide--><div class=\"swiper-slide\" data-bg-alignment=\"center\" data-color-scheme=\"light\" data-x-pos=\"centered\" data-y-pos=\"middle\"><div class=\"image-bg lazyload\" style=\"background-image:inherit;\" data-bg-image=\"url(https:\/\/unicumhaz.hu\/wp-content\/uploads\/2019\/03\/gal-8138271.jpg)\">  &nbsp; <\/div><a class=\"entire-slide-link\"  href=\"https:\/\/unicumhaz.hu\/wp-content\/uploads\/2019\/03\/gal-8138271.jpg\"><\/a><span class=\"ie-fix\"><\/span> <\/div><!--\/swiper-slide--><div class=\"swiper-slide\" data-bg-alignment=\"center\" data-color-scheme=\"light\" data-x-pos=\"centered\" data-y-pos=\"middle\"><div class=\"image-bg lazyload\" style=\"background-image:inherit;\" data-bg-image=\"url(https:\/\/unicumhaz.hu\/wp-content\/uploads\/2019\/03\/gal-9472931.jpg)\">  &nbsp; <\/div><a class=\"entire-slide-link\"  href=\"https:\/\/unicumhaz.hu\/wp-content\/uploads\/2019\/03\/gal-9472931.jpg\"><\/a><span class=\"ie-fix\"><\/span> <\/div><!--\/swiper-slide--><\/div><a href=\"\" class=\"slider-prev\"><i class=\"icon-salient-left-arrow\"><\/i> <div class=\"slide-count\"> <span class=\"slide-current\">1<\/span> <i class=\"icon-salient-right-line\"><\/i> <span class=\"slide-total\"><\/span> <\/div> <\/a>\n\t\t\t     \t\t<a href=\"\" class=\"slider-next\"><i class=\"icon-salient-right-arrow\"><\/i> <div class=\"slide-count\"> <span class=\"slide-current\">1<\/span> <i class=\"icon-salient-right-line\"><\/i> <span class=\"slide-total\"><\/span> <\/div> <\/a><div class=\"nectar-slider-loading\"><\/div><\/div><\/div><\/div>\n\t\t<\/div> \n\t<\/div> \n<div class=\"wpb_text_column wpb_content_element\" >\n\t<div class=\"wpb_wrapper\">\n\t\t<h3 style=\"text-align: center;\"><strong>Shop<\/strong><\/h3>\n\t<\/div>\n<\/div>\n\n\n\n\n\t\t\t<\/div> \n\t\t<\/div>\n\t<\/div> \n<\/div><\/div>\n\t\t<div id=\"fws_69d1d84e6f7c0\"  data-column-margin=\"default\" data-midnight=\"dark\" data-top-percent=\"2%\"  class=\"wpb_row vc_row-fluid vc_row\"  style=\"padding-top: calc(100vw * 0.02); padding-bottom: 0px; \"><div class=\"row-bg-wrap\" data-bg-animation=\"none\" data-bg-animation-delay=\"\" data-bg-overlay=\"false\"><div class=\"inner-wrap row-bg-layer\" ><div class=\"row-bg viewport-desktop\"  style=\"\"><\/div><\/div><\/div><div class=\"row_col_wrap_12 col span_12 dark left\">\n\t<div  class=\"vc_col-sm-6 wpb_column column_container vc_column_container col centered-text has-animation no-extra-padding inherit_tablet inherit_phone\"  data-border-radius=\"10px\" data-shadow=\"small_depth\" data-padding-pos=\"all\" data-has-bg-color=\"false\" data-bg-color=\"\" data-bg-opacity=\"1\" data-animation=\"slight-fade-in-from-bottom\" data-delay=\"0\" >\n\t\t<div class=\"vc_column-inner\" ><div class=\"column-bg-overlay-wrap column-bg-layer\" data-bg-animation=\"none\"><div class=\"column-bg-overlay\"><\/div><\/div>\n\t\t\t<div class=\"wpb_wrapper\">\n\t\t\t\t\n\t<div class=\"wpb_gallery wpb_content_element clearfix\">\n\t\t<div class=\"wpb_wrapper\"><div class=\"wpb_gallery_slidesnectarslider_style\" data-onclick=\"link_image\" data-interval=\"5\"><div class=\"nectar-slider-wrap\" style=\"height: 450px\" data-flexible-height=\"\" data-overall_style=\"classic\" data-button-styling=\"btn_with_count\" data-fullscreen=\"false\"  data-full-width=\"false\" data-parallax=\"false\" data-autorotate=\"5500\" id=\"ns-id-69d1d84e704ca\"><div class=\"swiper-container\" style=\"height: 450px\"  data-loop=\"false\" data-height=\"450\" data-bullets=\"\" data-bullet_style=\"see_through\" data-arrows=\"true\" data-desktop-swipe=\"false\" data-settings=\"\"><div class=\"swiper-wrapper\"><div class=\"swiper-slide\" data-bg-alignment=\"center\" data-color-scheme=\"light\" data-x-pos=\"centered\" data-y-pos=\"middle\"><div class=\"image-bg lazyload\" style=\"background-image:inherit;\" data-bg-image=\"url(https:\/\/unicumhaz.hu\/wp-content\/uploads\/2019\/03\/gal-8138825.jpg)\">  &nbsp; <\/div><a class=\"entire-slide-link\"  href=\"https:\/\/unicumhaz.hu\/wp-content\/uploads\/2019\/03\/gal-8138825.jpg\"><\/a><span class=\"ie-fix\"><\/span> <\/div><!--\/swiper-slide--><div class=\"swiper-slide\" data-bg-alignment=\"center\" data-color-scheme=\"light\" data-x-pos=\"centered\" data-y-pos=\"middle\"><div class=\"image-bg lazyload\" style=\"background-image:inherit;\" data-bg-image=\"url(https:\/\/unicumhaz.hu\/wp-content\/uploads\/2019\/03\/gal-8138826.jpg)\">  &nbsp; <\/div><a class=\"entire-slide-link\"  href=\"https:\/\/unicumhaz.hu\/wp-content\/uploads\/2019\/03\/gal-8138826.jpg\"><\/a><span class=\"ie-fix\"><\/span> <\/div><!--\/swiper-slide--><div class=\"swiper-slide\" data-bg-alignment=\"center\" data-color-scheme=\"light\" data-x-pos=\"centered\" data-y-pos=\"middle\"><div class=\"image-bg lazyload\" style=\"background-image:inherit;\" data-bg-image=\"url(https:\/\/unicumhaz.hu\/wp-content\/uploads\/2019\/03\/gal-8138821.jpg)\">  &nbsp; <\/div><a class=\"entire-slide-link\"  href=\"https:\/\/unicumhaz.hu\/wp-content\/uploads\/2019\/03\/gal-8138821.jpg\"><\/a><span class=\"ie-fix\"><\/span> <\/div><!--\/swiper-slide--><div class=\"swiper-slide\" data-bg-alignment=\"center\" data-color-scheme=\"light\" data-x-pos=\"centered\" data-y-pos=\"middle\"><div class=\"image-bg lazyload\" style=\"background-image:inherit;\" data-bg-image=\"url(https:\/\/unicumhaz.hu\/wp-content\/uploads\/2019\/03\/gal-8138824.jpg)\">  &nbsp; <\/div><a class=\"entire-slide-link\"  href=\"https:\/\/unicumhaz.hu\/wp-content\/uploads\/2019\/03\/gal-8138824.jpg\"><\/a><span class=\"ie-fix\"><\/span> <\/div><!--\/swiper-slide--><div class=\"swiper-slide\" data-bg-alignment=\"center\" data-color-scheme=\"light\" data-x-pos=\"centered\" data-y-pos=\"middle\"><div class=\"image-bg lazyload\" style=\"background-image:inherit;\" data-bg-image=\"url(https:\/\/unicumhaz.hu\/wp-content\/uploads\/2019\/03\/gal-8138822.jpg)\">  &nbsp; <\/div><a class=\"entire-slide-link\"  href=\"https:\/\/unicumhaz.hu\/wp-content\/uploads\/2019\/03\/gal-8138822.jpg\"><\/a><span class=\"ie-fix\"><\/span> <\/div><!--\/swiper-slide--><div class=\"swiper-slide\" data-bg-alignment=\"center\" data-color-scheme=\"light\" data-x-pos=\"centered\" data-y-pos=\"middle\"><div class=\"image-bg lazyload\" style=\"background-image:inherit;\" data-bg-image=\"url(https:\/\/unicumhaz.hu\/wp-content\/uploads\/2019\/03\/gal-8138823.jpg)\">  &nbsp; <\/div><a class=\"entire-slide-link\"  href=\"https:\/\/unicumhaz.hu\/wp-content\/uploads\/2019\/03\/gal-8138823.jpg\"><\/a><span class=\"ie-fix\"><\/span> <\/div><!--\/swiper-slide--><div class=\"swiper-slide\" data-bg-alignment=\"center\" data-color-scheme=\"light\" data-x-pos=\"centered\" data-y-pos=\"middle\"><div class=\"image-bg lazyload\" style=\"background-image:inherit;\" data-bg-image=\"url(https:\/\/unicumhaz.hu\/wp-content\/uploads\/2019\/03\/gal-8138820.jpg)\">  &nbsp; <\/div><a class=\"entire-slide-link\"  href=\"https:\/\/unicumhaz.hu\/wp-content\/uploads\/2019\/03\/gal-8138820.jpg\"><\/a><span class=\"ie-fix\"><\/span> <\/div><!--\/swiper-slide--><\/div><a href=\"\" class=\"slider-prev\"><i class=\"icon-salient-left-arrow\"><\/i> <div class=\"slide-count\"> <span class=\"slide-current\">1<\/span> <i class=\"icon-salient-right-line\"><\/i> <span class=\"slide-total\"><\/span> <\/div> <\/a>\n\t\t\t     \t\t<a href=\"\" class=\"slider-next\"><i class=\"icon-salient-right-arrow\"><\/i> <div class=\"slide-count\"> <span class=\"slide-current\">1<\/span> <i class=\"icon-salient-right-line\"><\/i> <span class=\"slide-total\"><\/span> <\/div> <\/a><div class=\"nectar-slider-loading\"><\/div><\/div><\/div><\/div>\n\t\t<\/div> \n\t<\/div> \n<div class=\"wpb_text_column wpb_content_element\" >\n\t<div class=\"wpb_wrapper\">\n\t\t<h3 style=\"text-align: center;\"><strong>Herb Bar<\/strong><\/h3>\n\t<\/div>\n<\/div>\n\n\n\n\n\t\t\t<\/div> \n\t\t<\/div>\n\t<\/div> \n\n\t<div  class=\"vc_col-sm-6 wpb_column column_container vc_column_container col centered-text has-animation no-extra-padding inherit_tablet inherit_phone\"  data-border-radius=\"10px\" data-shadow=\"small_depth\" data-padding-pos=\"all\" data-has-bg-color=\"false\" data-bg-color=\"\" data-bg-opacity=\"1\" data-animation=\"fade-in-from-bottom\" data-delay=\"0\" >\n\t\t<div class=\"vc_column-inner\" ><div class=\"column-bg-overlay-wrap column-bg-layer\" data-bg-animation=\"none\"><div class=\"column-bg-overlay\"><\/div><\/div>\n\t\t\t<div class=\"wpb_wrapper\">\n\t\t\t\t<div class=\"img-with-aniamtion-wrap\" data-max-width=\"100%\" data-max-width-mobile=\"default\" data-shadow=\"none\" data-animation=\"fade-in\" >\n      <div class=\"inner\">\n        <div class=\"hover-wrap\"> \n          <div class=\"hover-wrap-inner\">\n            <a href=\"http:\/\/unicumhaz.hu\/en\/gallery\/regen-es-most\/\" target=\"_self\" class=\"\">\n              <img decoding=\"async\" class=\"img-with-animation skip-lazy\" data-delay=\"0\" height=\"854\" width=\"1280\" data-animation=\"fade-in\" src=\"https:\/\/unicumhaz.hu\/wp-content\/uploads\/2020\/03\/distilelryGALLERYBA.png\" alt=\"\" srcset=\"https:\/\/unicumhaz.hu\/wp-content\/uploads\/2020\/03\/distilelryGALLERYBA.png 1280w, https:\/\/unicumhaz.hu\/wp-content\/uploads\/2020\/03\/distilelryGALLERYBA-300x200.png 300w, https:\/\/unicumhaz.hu\/wp-content\/uploads\/2020\/03\/distilelryGALLERYBA-1024x683.png 1024w, https:\/\/unicumhaz.hu\/wp-content\/uploads\/2020\/03\/distilelryGALLERYBA-768x512.png 768w, https:\/\/unicumhaz.hu\/wp-content\/uploads\/2020\/03\/distilelryGALLERYBA-900x600.png 900w\" sizes=\"(max-width: 1280px) 100vw, 1280px\" \/>\n            <\/a>\n          <\/div>\n        <\/div>\n      <\/div>\n      <\/div>\n<div class=\"wpb_text_column wpb_content_element\" >\n\t<div class=\"wpb_wrapper\">\n\t\t<h3 style=\"text-align: center;\"><strong>Then and now<\/strong><\/h3>\n\t<\/div>\n<\/div>\n\n\n\n\n\t\t\t<\/div> \n\t\t<\/div>\n\t<\/div> \n<\/div><\/div>","protected":false},"excerpt":{"rendered":"&nbsp; &nbsp; &nbsp; &nbsp; 1 1 Ki\u00e1ll\u00edt\u00f3t\u00e9r &nbsp; &nbsp; &nbsp; &nbsp; &nbsp; &nbsp; 1 1...","protected":false},"author":3,"featured_media":0,"parent":206427,"menu_order":0,"comment_status":"closed","ping_status":"closed","template":"","meta":{"_monsterinsights_skip_tracking":false,"_monsterinsights_sitenote_active":false,"_monsterinsights_sitenote_note":"","_monsterinsights_sitenote_category":0,"footnotes":""},"class_list":["post-207579","page","type-page","status-publish"],"_links":{"self":[{"href":"https:\/\/unicumhaz.hu\/en\/wp-json\/wp\/v2\/pages\/207579","targetHints":{"allow":["GET"]}}],"collection":[{"href":"https:\/\/unicumhaz.hu\/en\/wp-json\/wp\/v2\/pages"}],"about":[{"href":"https:\/\/unicumhaz.hu\/en\/wp-json\/wp\/v2\/types\/page"}],"author":[{"embeddable":true,"href":"https:\/\/unicumhaz.hu\/en\/wp-json\/wp\/v2\/users\/3"}],"replies":[{"embeddable":true,"href":"https:\/\/unicumhaz.hu\/en\/wp-json\/wp\/v2\/comments?post=207579"}],"version-history":[{"count":10,"href":"https:\/\/unicumhaz.hu\/en\/wp-json\/wp\/v2\/pages\/207579\/revisions"}],"predecessor-version":[{"id":212324,"href":"https:\/\/unicumhaz.hu\/en\/wp-json\/wp\/v2\/pages\/207579\/revisions\/212324"}],"up":[{"embeddable":true,"href":"https:\/\/unicumhaz.hu\/en\/wp-json\/wp\/v2\/pages\/206427"}],"wp:attachment":[{"href":"https:\/\/unicumhaz.hu\/en\/wp-json\/wp\/v2\/media?parent=207579"}],"curies":[{"name":"wp","href":"https:\/\/api.w.org\/{rel}","templated":true}]}}