{"id":207671,"date":"2020-04-14T10:05:08","date_gmt":"2020-04-14T10:05:08","guid":{"rendered":"https:\/\/unicumhaz.hu\/?page_id=207671"},"modified":"2025-05-20T07:04:03","modified_gmt":"2025-05-20T07:04:03","slug":"fuves-bar-berendezesi-lehetosegek","status":"publish","type":"page","link":"https:\/\/unicumhaz.hu\/en\/fuves-bar-berendezesi-lehetosegek\/","title":{"rendered":"F\u00fcves B\u00e1r Berendez\u00e9si lehet\u0151s\u00e9gek"},"content":{"rendered":"<div id=\"fws_69e75f027ca0f\"  data-column-margin=\"default\" data-midnight=\"dark\" data-top-percent=\"6%\" data-bottom-percent=\"6%\"  class=\"wpb_row vc_row-fluid vc_row full-width-section\"  style=\"padding-top: calc(100vw * 0.06); padding-bottom: calc(100vw * 0.06); \"><div class=\"row-bg-wrap\" data-bg-animation=\"none\" data-bg-animation-delay=\"\" data-bg-overlay=\"true\"><div class=\"inner-wrap row-bg-layer using-image\" ><div class=\"row-bg viewport-desktop using-image lazyload\"  style=\"background-image:inherit; background-position: center center; background-repeat: no-repeat; \" data-bg-image=\"url(https:\/\/unicumhaz.hu\/wp-content\/uploads\/2020\/04\/Zwack_16.jpg)\"><\/div><\/div><div class=\"row-bg-overlay row-bg-layer\" style=\"background-color:#0a0a0a;  opacity: 0.5; \"><\/div><\/div><div class=\"row_col_wrap_12 col span_12 dark left\">\n\t<div  class=\"vc_col-sm-12 wpb_column column_container vc_column_container col no-extra-padding inherit_tablet inherit_phone\"  data-padding-pos=\"all\" data-has-bg-color=\"false\" data-bg-color=\"\" data-bg-opacity=\"1\" data-animation=\"\" data-delay=\"0\" >\n\t\t<div class=\"vc_column-inner\" >\n\t\t\t<div class=\"wpb_wrapper\">\n\t\t\t\t\n<div class=\"wpb_text_column wpb_content_element\" >\n\t<div class=\"wpb_wrapper\">\n\t\t<h2 style=\"text-align: center;\"><span style=\"color: #d3ac6f;\">Equipment options<\/span><\/h2>\n\t<\/div>\n<\/div>\n\n\n\n\n\t\t\t<\/div> \n\t\t<\/div>\n\t<\/div> \n<\/div><\/div>\n\t\t<div id=\"fws_69e75f027dbf5\"  data-column-margin=\"default\" data-midnight=\"dark\"  class=\"wpb_row vc_row-fluid vc_row full-width-section\"  style=\"padding-top: 0px; padding-bottom: 0px; \"><div class=\"row-bg-wrap\" data-bg-animation=\"none\" data-bg-animation-delay=\"\" data-bg-overlay=\"false\"><div class=\"inner-wrap row-bg-layer\" ><div class=\"row-bg viewport-desktop\"  style=\"\"><\/div><\/div><\/div><div class=\"nectar-shape-divider-wrap\" style=\" height:5px;\"  data-height=\"5\" data-front=\"\" data-style=\"curve\" data-position=\"top\" ><svg class=\"nectar-shape-divider\" aria-hidden=\"true\" fill=\"#d3ac6f\" xmlns=\"http:\/\/www.w3.org\/2000\/svg\" viewbox=\"0 0 1000 100\" preserveaspectratio=\"none\"> <path d=\"M 0 0 c 0 0 200 50 500 50 s 500 -50 500 -50 v 101 h -1000 v -100 z\"><\/path> <\/svg><\/div><div class=\"row_col_wrap_12 col span_12 dark left\">\n\t<div  class=\"vc_col-sm-12 wpb_column column_container vc_column_container col no-extra-padding inherit_tablet inherit_phone\"  data-padding-pos=\"all\" data-has-bg-color=\"false\" data-bg-color=\"\" data-bg-opacity=\"1\" data-animation=\"\" data-delay=\"0\" >\n\t\t<div class=\"vc_column-inner\" >\n\t\t\t<div class=\"wpb_wrapper\">\n\t\t\t\t<div class=\"divider-wrap\" data-alignment=\"default\"><div style=\"height: 25px;\" class=\"divider\"><\/div><\/div>\n\t\t\t<\/div> \n\t\t<\/div>\n\t<\/div> \n<\/div><\/div>\n\t\t<div id=\"fws_69e75f027e9f9\"  data-column-margin=\"default\" data-midnight=\"dark\"  class=\"wpb_row vc_row-fluid vc_row\"  style=\"padding-top: 0px; padding-bottom: 0px; \"><div class=\"row-bg-wrap\" data-bg-animation=\"none\" data-bg-animation-delay=\"\" data-bg-overlay=\"false\"><div class=\"inner-wrap row-bg-layer\" ><div class=\"row-bg viewport-desktop\"  style=\"\"><\/div><\/div><\/div><div class=\"row_col_wrap_12 col span_12 dark left\">\n\t<div  class=\"vc_col-sm-6 wpb_column column_container vc_column_container col no-extra-padding inherit_tablet inherit_phone\"  data-padding-pos=\"all\" data-has-bg-color=\"false\" data-bg-color=\"\" data-bg-opacity=\"1\" data-animation=\"\" data-delay=\"0\" >\n\t\t<div class=\"vc_column-inner\" >\n\t\t\t<div class=\"wpb_wrapper\">\n\t\t\t\t\n<div class=\"wpb_text_column wpb_content_element\" >\n\t<div class=\"wpb_wrapper\">\n\t\t<h2 style=\"text-align: center;\"><span style=\"color: #d3ac6f;\">Bar layout<\/span><\/h2>\n\t<\/div>\n<\/div>\n\n\n\n<div class=\"img-with-aniamtion-wrap center\" data-max-width=\"50%\" data-max-width-mobile=\"default\" data-border-radius=\"5px\" data-shadow=\"none\" data-animation=\"none\" >\n      <div class=\"inner\">\n        <div class=\"hover-wrap\"> \n          <div class=\"hover-wrap-inner\">\n            <a href=\"https:\/\/unicumhaz.hu\/wp-content\/uploads\/2020\/04\/F\u00fcves-B\u00e1r-B\u00e1relrendez\u00e9s.jpg\" class=\"pp center\">\n              <img decoding=\"async\" class=\"img-with-animation skip-lazy\" data-delay=\"0\" height=\"1556\" width=\"1000\" data-animation=\"none\" src=\"https:\/\/unicumhaz.hu\/wp-content\/uploads\/2020\/04\/F\u00fcves-B\u00e1r-B\u00e1relrendez\u00e9s.jpg\" alt=\"\" srcset=\"https:\/\/unicumhaz.hu\/wp-content\/uploads\/2020\/04\/F\u00fcves-B\u00e1r-B\u00e1relrendez\u00e9s.jpg 1000w, https:\/\/unicumhaz.hu\/wp-content\/uploads\/2020\/04\/F\u00fcves-B\u00e1r-B\u00e1relrendez\u00e9s-193x300.jpg 193w, https:\/\/unicumhaz.hu\/wp-content\/uploads\/2020\/04\/F\u00fcves-B\u00e1r-B\u00e1relrendez\u00e9s-658x1024.jpg 658w, https:\/\/unicumhaz.hu\/wp-content\/uploads\/2020\/04\/F\u00fcves-B\u00e1r-B\u00e1relrendez\u00e9s-768x1195.jpg 768w, https:\/\/unicumhaz.hu\/wp-content\/uploads\/2020\/04\/F\u00fcves-B\u00e1r-B\u00e1relrendez\u00e9s-987x1536.jpg 987w\" sizes=\"(max-width: 1000px) 100vw, 1000px\" \/>\n            <\/a>\n          <\/div>\n        <\/div>\n      <\/div>\n      <\/div>\n\t\t\t<\/div> \n\t\t<\/div>\n\t<\/div> \n\n\t<div  class=\"vc_col-sm-6 wpb_column column_container vc_column_container col no-extra-padding inherit_tablet inherit_phone\"  data-padding-pos=\"all\" data-has-bg-color=\"false\" data-bg-color=\"\" data-bg-opacity=\"1\" data-animation=\"\" data-delay=\"0\" >\n\t\t<div class=\"vc_column-inner\" >\n\t\t\t<div class=\"wpb_wrapper\">\n\t\t\t\t\n<div class=\"wpb_text_column wpb_content_element\" >\n\t<div class=\"wpb_wrapper\">\n\t\t\t<\/div>\n<\/div>\n\n\n\n\n\t<div class=\"wpb_gallery wpb_content_element clearfix\">\n\t\t<div class=\"wpb_wrapper\"><div class=\"wpb_gallery_slides wpb_flexslider flex-gallery flexslider\" data-onclick=\"link_no\" data-interval=\"5\" data-flex_fx=\"fade\"><ul class=\"slides\" data-d-autorotate=\"\"><li><img decoding=\"async\" class=\"skip-lazy\" src=\"https:\/\/unicumhaz.hu\/wp-content\/uploads\/2025\/05\/Fuves_cegeshelyszin_1-600x400.jpg\" width=\"600\" height=\"400\" alt=\"Fuves_cegeshelyszin_1\" title=\"Fuves_cegeshelyszin_1\" \/><\/li><li><img decoding=\"async\" class=\"skip-lazy\" src=\"https:\/\/unicumhaz.hu\/wp-content\/uploads\/2025\/05\/Fuves_cegeshelyszin_5-1-600x400.jpg\" width=\"600\" height=\"400\" alt=\"Fuves_cegeshelyszin_5\" title=\"Fuves_cegeshelyszin_5\" \/><\/li><li><img decoding=\"async\" class=\"skip-lazy\" src=\"https:\/\/unicumhaz.hu\/wp-content\/uploads\/2025\/05\/Fuves_cegeshelyszin_2-600x400.jpg\" width=\"600\" height=\"400\" alt=\"Fuves_cegeshelyszin_2\" title=\"Fuves_cegeshelyszin_2\" \/><\/li><\/ul><\/div>\n\t\t<\/div> \n\t<\/div> \n\t\t\t<\/div> \n\t\t<\/div>\n\t<\/div> \n<\/div><\/div>\n\t\t<div id=\"fws_69e75f02820e8\"  data-column-margin=\"default\" data-midnight=\"dark\"  class=\"wpb_row vc_row-fluid vc_row\"  style=\"padding-top: 0px; padding-bottom: 0px; \"><div class=\"row-bg-wrap\" data-bg-animation=\"none\" data-bg-animation-delay=\"\" data-bg-overlay=\"false\"><div class=\"inner-wrap row-bg-layer\" ><div class=\"row-bg viewport-desktop\"  style=\"\"><\/div><\/div><\/div><div class=\"row_col_wrap_12 col span_12 dark left\">\n\t<div  class=\"vc_col-sm-6 wpb_column column_container vc_column_container col no-extra-padding inherit_tablet inherit_phone\"  data-padding-pos=\"all\" data-has-bg-color=\"false\" data-bg-color=\"\" data-bg-opacity=\"1\" data-animation=\"\" data-delay=\"0\" >\n\t\t<div class=\"vc_column-inner\" >\n\t\t\t<div class=\"wpb_wrapper\">\n\t\t\t\t\n<div class=\"wpb_text_column wpb_content_element\" >\n\t<div class=\"wpb_wrapper\">\n\t\t<h2 style=\"text-align: center;\"><span style=\"color: #d3ac6f;\">Protocol layout<\/span><\/h2>\n\t<\/div>\n<\/div>\n\n\n\n<div class=\"img-with-aniamtion-wrap center\" data-max-width=\"50%\" data-max-width-mobile=\"default\" data-border-radius=\"5px\" data-shadow=\"none\" data-animation=\"none\" >\n      <div class=\"inner\">\n        <div class=\"hover-wrap\"> \n          <div class=\"hover-wrap-inner\">\n            <a href=\"https:\/\/unicumhaz.hu\/wp-content\/uploads\/2020\/04\/F\u00fcves-B\u00e1r-Protokoll-elrendez\u00e9s.jpg\" class=\"pp center\">\n              <img decoding=\"async\" class=\"img-with-animation skip-lazy\" data-delay=\"0\" height=\"1556\" width=\"1000\" data-animation=\"none\" src=\"https:\/\/unicumhaz.hu\/wp-content\/uploads\/2020\/04\/F\u00fcves-B\u00e1r-Protokoll-elrendez\u00e9s.jpg\" alt=\"\" srcset=\"https:\/\/unicumhaz.hu\/wp-content\/uploads\/2020\/04\/F\u00fcves-B\u00e1r-Protokoll-elrendez\u00e9s.jpg 1000w, https:\/\/unicumhaz.hu\/wp-content\/uploads\/2020\/04\/F\u00fcves-B\u00e1r-Protokoll-elrendez\u00e9s-193x300.jpg 193w, https:\/\/unicumhaz.hu\/wp-content\/uploads\/2020\/04\/F\u00fcves-B\u00e1r-Protokoll-elrendez\u00e9s-658x1024.jpg 658w, https:\/\/unicumhaz.hu\/wp-content\/uploads\/2020\/04\/F\u00fcves-B\u00e1r-Protokoll-elrendez\u00e9s-768x1195.jpg 768w, https:\/\/unicumhaz.hu\/wp-content\/uploads\/2020\/04\/F\u00fcves-B\u00e1r-Protokoll-elrendez\u00e9s-987x1536.jpg 987w\" sizes=\"(max-width: 1000px) 100vw, 1000px\" \/>\n            <\/a>\n          <\/div>\n        <\/div>\n      <\/div>\n      <\/div>\n\t\t\t<\/div> \n\t\t<\/div>\n\t<\/div> \n\n\t<div  class=\"vc_col-sm-6 wpb_column column_container vc_column_container col no-extra-padding inherit_tablet inherit_phone\"  data-padding-pos=\"all\" data-has-bg-color=\"false\" data-bg-color=\"\" data-bg-opacity=\"1\" data-animation=\"\" data-delay=\"0\" >\n\t\t<div class=\"vc_column-inner\" >\n\t\t\t<div class=\"wpb_wrapper\">\n\t\t\t\t\n<div class=\"wpb_text_column wpb_content_element\" >\n\t<div class=\"wpb_wrapper\">\n\t\t\t<\/div>\n<\/div>\n\n\n\n\n\t<div class=\"wpb_gallery wpb_content_element clearfix\">\n\t\t<div class=\"wpb_wrapper\"><div class=\"wpb_gallery_slides wpb_flexslider flex-gallery flexslider\" data-onclick=\"link_no\" data-interval=\"5\" data-flex_fx=\"fade\"><ul class=\"slides\" data-d-autorotate=\"\"><li><img decoding=\"async\" class=\"skip-lazy\" src=\"https:\/\/unicumhaz.hu\/wp-content\/uploads\/2025\/05\/IMG_3594-scaled-600x400.jpg\" width=\"600\" height=\"400\" alt=\"IMG_3594\" title=\"IMG_3594\" \/><\/li><li><img decoding=\"async\" class=\"skip-lazy\" src=\"https:\/\/unicumhaz.hu\/wp-content\/uploads\/2025\/05\/IMG_3598-scaled-600x400.jpg\" width=\"600\" height=\"400\" alt=\"IMG_3598\" title=\"IMG_3598\" \/><\/li><li><img decoding=\"async\" class=\"skip-lazy\" src=\"https:\/\/unicumhaz.hu\/wp-content\/uploads\/2025\/05\/IMG_3606-scaled-600x400.jpg\" width=\"600\" height=\"400\" alt=\"IMG_3606\" title=\"IMG_3606\" \/><\/li><\/ul><\/div>\n\t\t<\/div> \n\t<\/div> \n\t\t\t<\/div> \n\t\t<\/div>\n\t<\/div> \n<\/div><\/div>\n\t\t<div id=\"fws_69e75f0284f64\"  data-column-margin=\"default\" data-midnight=\"dark\"  class=\"wpb_row vc_row-fluid vc_row\"  style=\"padding-top: 0px; padding-bottom: 0px; \"><div class=\"row-bg-wrap\" data-bg-animation=\"none\" data-bg-animation-delay=\"\" data-bg-overlay=\"false\"><div class=\"inner-wrap row-bg-layer\" ><div class=\"row-bg viewport-desktop\"  style=\"\"><\/div><\/div><\/div><div class=\"row_col_wrap_12 col span_12 dark left\">\n\t<div  class=\"vc_col-sm-6 wpb_column column_container vc_column_container col no-extra-padding inherit_tablet inherit_phone\"  data-padding-pos=\"all\" data-has-bg-color=\"false\" data-bg-color=\"\" data-bg-opacity=\"1\" data-animation=\"\" data-delay=\"0\" >\n\t\t<div class=\"vc_column-inner\" >\n\t\t\t<div class=\"wpb_wrapper\">\n\t\t\t\t\n<div class=\"wpb_text_column wpb_content_element\" >\n\t<div class=\"wpb_wrapper\">\n\t\t<h2 style=\"text-align: center;\"><span style=\"color: #d3ac6f;\">Herringbone layout<\/span><\/h2>\n\t<\/div>\n<\/div>\n\n\n\n<div class=\"img-with-aniamtion-wrap center\" data-max-width=\"50%\" data-max-width-mobile=\"default\" data-border-radius=\"5px\" data-shadow=\"none\" data-animation=\"none\" >\n      <div class=\"inner\">\n        <div class=\"hover-wrap\"> \n          <div class=\"hover-wrap-inner\">\n            <a href=\"https:\/\/unicumhaz.hu\/wp-content\/uploads\/2020\/04\/F\u00fcves-B\u00e1r-halsz\u00e1lk\u00e1s-elrendez\u00e9s.jpg\" class=\"pp center\">\n              <img decoding=\"async\" class=\"img-with-animation skip-lazy\" data-delay=\"0\" height=\"1556\" width=\"1000\" data-animation=\"none\" src=\"https:\/\/unicumhaz.hu\/wp-content\/uploads\/2020\/04\/F\u00fcves-B\u00e1r-halsz\u00e1lk\u00e1s-elrendez\u00e9s.jpg\" alt=\"\" srcset=\"https:\/\/unicumhaz.hu\/wp-content\/uploads\/2020\/04\/F\u00fcves-B\u00e1r-halsz\u00e1lk\u00e1s-elrendez\u00e9s.jpg 1000w, https:\/\/unicumhaz.hu\/wp-content\/uploads\/2020\/04\/F\u00fcves-B\u00e1r-halsz\u00e1lk\u00e1s-elrendez\u00e9s-193x300.jpg 193w, https:\/\/unicumhaz.hu\/wp-content\/uploads\/2020\/04\/F\u00fcves-B\u00e1r-halsz\u00e1lk\u00e1s-elrendez\u00e9s-658x1024.jpg 658w, https:\/\/unicumhaz.hu\/wp-content\/uploads\/2020\/04\/F\u00fcves-B\u00e1r-halsz\u00e1lk\u00e1s-elrendez\u00e9s-768x1195.jpg 768w, https:\/\/unicumhaz.hu\/wp-content\/uploads\/2020\/04\/F\u00fcves-B\u00e1r-halsz\u00e1lk\u00e1s-elrendez\u00e9s-987x1536.jpg 987w\" sizes=\"(max-width: 1000px) 100vw, 1000px\" \/>\n            <\/a>\n          <\/div>\n        <\/div>\n      <\/div>\n      <\/div>\n\t\t\t<\/div> \n\t\t<\/div>\n\t<\/div> \n\n\t<div  class=\"vc_col-sm-6 wpb_column column_container vc_column_container col no-extra-padding inherit_tablet inherit_phone\"  data-padding-pos=\"all\" data-has-bg-color=\"false\" data-bg-color=\"\" data-bg-opacity=\"1\" data-animation=\"\" data-delay=\"0\" >\n\t\t<div class=\"vc_column-inner\" >\n\t\t\t<div class=\"wpb_wrapper\">\n\t\t\t\t\n<div class=\"wpb_text_column wpb_content_element\" >\n\t<div class=\"wpb_wrapper\">\n\t\t\t<\/div>\n<\/div>\n\n\n\n\n\t<div class=\"wpb_gallery wpb_content_element clearfix\">\n\t\t<div class=\"wpb_wrapper\"><div class=\"wpb_gallery_slides wpb_flexslider flex-gallery flexslider\" data-onclick=\"link_no\" data-interval=\"5\" data-flex_fx=\"fade\"><ul class=\"slides\" data-d-autorotate=\"\"><li><img decoding=\"async\" class=\"skip-lazy\" src=\"https:\/\/unicumhaz.hu\/wp-content\/uploads\/2025\/05\/IMG_2718-scaled-600x400.jpg\" width=\"600\" height=\"400\" alt=\"IMG_2718\" title=\"IMG_2718\" \/><\/li><li><img decoding=\"async\" class=\"skip-lazy\" src=\"https:\/\/unicumhaz.hu\/wp-content\/uploads\/2025\/05\/IMG_2720-scaled-600x400.jpg\" width=\"600\" height=\"400\" alt=\"IMG_2720\" title=\"IMG_2720\" \/><\/li><\/ul><\/div>\n\t\t<\/div> \n\t<\/div> \n\t\t\t<\/div> \n\t\t<\/div>\n\t<\/div> \n<\/div><\/div>\n\t\t<div id=\"fws_69e75f0287949\"  data-column-margin=\"default\" data-midnight=\"dark\"  class=\"wpb_row vc_row-fluid vc_row\"  style=\"padding-top: 0px; padding-bottom: 0px; \"><div class=\"row-bg-wrap\" data-bg-animation=\"none\" data-bg-animation-delay=\"\" data-bg-overlay=\"false\"><div class=\"inner-wrap row-bg-layer\" ><div class=\"row-bg viewport-desktop\"  style=\"\"><\/div><\/div><\/div><div class=\"row_col_wrap_12 col span_12 dark left\">\n\t<div  class=\"vc_col-sm-6 wpb_column column_container vc_column_container col no-extra-padding inherit_tablet inherit_phone\"  data-padding-pos=\"all\" data-has-bg-color=\"false\" data-bg-color=\"\" data-bg-opacity=\"1\" data-animation=\"\" data-delay=\"0\" >\n\t\t<div class=\"vc_column-inner\" >\n\t\t\t<div class=\"wpb_wrapper\">\n\t\t\t\t\n<div class=\"wpb_text_column wpb_content_element\" >\n\t<div class=\"wpb_wrapper\">\n\t\t<h2 style=\"text-align: center;\"><span style=\"color: #d3ac6f;\">School-based layout<\/span><\/h2>\n\t<\/div>\n<\/div>\n\n\n\n<div class=\"img-with-aniamtion-wrap center\" data-max-width=\"50%\" data-max-width-mobile=\"default\" data-border-radius=\"5px\" data-shadow=\"none\" data-animation=\"none\" >\n      <div class=\"inner\">\n        <div class=\"hover-wrap\"> \n          <div class=\"hover-wrap-inner\">\n            <a href=\"https:\/\/unicumhaz.hu\/wp-content\/uploads\/2025\/05\/Iskolapados-elrendezesV3.png\" class=\"pp center\">\n              <img decoding=\"async\" class=\"img-with-animation skip-lazy\" data-delay=\"0\" height=\"1556\" width=\"1000\" data-animation=\"none\" src=\"https:\/\/unicumhaz.hu\/wp-content\/uploads\/2025\/05\/Iskolapados-elrendezesV3.png\" alt=\"\" srcset=\"https:\/\/unicumhaz.hu\/wp-content\/uploads\/2025\/05\/Iskolapados-elrendezesV3.png 1000w, https:\/\/unicumhaz.hu\/wp-content\/uploads\/2025\/05\/Iskolapados-elrendezesV3-193x300.png 193w, https:\/\/unicumhaz.hu\/wp-content\/uploads\/2025\/05\/Iskolapados-elrendezesV3-658x1024.png 658w, https:\/\/unicumhaz.hu\/wp-content\/uploads\/2025\/05\/Iskolapados-elrendezesV3-768x1195.png 768w, https:\/\/unicumhaz.hu\/wp-content\/uploads\/2025\/05\/Iskolapados-elrendezesV3-987x1536.png 987w, https:\/\/unicumhaz.hu\/wp-content\/uploads\/2025\/05\/Iskolapados-elrendezesV3-8x12.png 8w\" sizes=\"(max-width: 1000px) 100vw, 1000px\" \/>\n            <\/a>\n          <\/div>\n        <\/div>\n      <\/div>\n      <\/div>\n\t\t\t<\/div> \n\t\t<\/div>\n\t<\/div> \n\n\t<div  class=\"vc_col-sm-6 wpb_column column_container vc_column_container col no-extra-padding inherit_tablet inherit_phone\"  data-padding-pos=\"all\" data-has-bg-color=\"false\" data-bg-color=\"\" data-bg-opacity=\"1\" data-animation=\"\" data-delay=\"0\" >\n\t\t<div class=\"vc_column-inner\" >\n\t\t\t<div class=\"wpb_wrapper\">\n\t\t\t\t\n<div class=\"wpb_text_column wpb_content_element\" >\n\t<div class=\"wpb_wrapper\">\n\t\t\t<\/div>\n<\/div>\n\n\n\n\n\t<div class=\"wpb_gallery wpb_content_element clearfix\">\n\t\t<div class=\"wpb_wrapper\"><div class=\"wpb_gallery_slides wpb_flexslider flex-gallery flexslider\" data-onclick=\"link_no\" data-interval=\"5\" data-flex_fx=\"fade\"><ul class=\"slides\" data-d-autorotate=\"\"><li><img decoding=\"async\" class=\"skip-lazy\" src=\"https:\/\/unicumhaz.hu\/wp-content\/uploads\/2025\/05\/IMG_3358-scaled-600x400.jpg\" width=\"600\" height=\"400\" alt=\"IMG_3358\" title=\"IMG_3358\" \/><\/li><li><img decoding=\"async\" class=\"skip-lazy\" src=\"https:\/\/unicumhaz.hu\/wp-content\/uploads\/2025\/05\/IskolaElolrol-600x400.png\" width=\"600\" height=\"400\" alt=\"IskolaEl\u0151lr\u0151l\" title=\"IskolaEl\u0151lr\u0151l\" \/><\/li><\/ul><\/div>\n\t\t<\/div> \n\t<\/div> \n\t\t\t<\/div> \n\t\t<\/div>\n\t<\/div> \n<\/div><\/div>\n\t\t<div id=\"fws_69e75f028a5c6\"  data-column-margin=\"default\" data-midnight=\"dark\"  class=\"wpb_row vc_row-fluid vc_row\"  style=\"padding-top: 0px; padding-bottom: 0px; \"><div class=\"row-bg-wrap\" data-bg-animation=\"none\" data-bg-animation-delay=\"\" data-bg-overlay=\"false\"><div class=\"inner-wrap row-bg-layer\" ><div class=\"row-bg viewport-desktop\"  style=\"\"><\/div><\/div><\/div><div class=\"row_col_wrap_12 col span_12 dark left\">\n\t<div  class=\"vc_col-sm-6 wpb_column column_container vc_column_container col no-extra-padding inherit_tablet inherit_phone\"  data-padding-pos=\"all\" data-has-bg-color=\"false\" data-bg-color=\"\" data-bg-opacity=\"1\" data-animation=\"\" data-delay=\"0\" >\n\t\t<div class=\"vc_column-inner\" >\n\t\t\t<div class=\"wpb_wrapper\">\n\t\t\t\t\n<div class=\"wpb_text_column wpb_content_element\" >\n\t<div class=\"wpb_wrapper\">\n\t\t<h2 style=\"text-align: center;\"><span style=\"color: #d3ac6f;\">Table-top layout<\/span><\/h2>\n\t<\/div>\n<\/div>\n\n\n\n<div class=\"img-with-aniamtion-wrap center\" data-max-width=\"50%\" data-max-width-mobile=\"default\" data-border-radius=\"3px\" data-shadow=\"none\" data-animation=\"none\" >\n      <div class=\"inner\">\n        <div class=\"hover-wrap\"> \n          <div class=\"hover-wrap-inner\">\n            <a href=\"https:\/\/unicumhaz.hu\/wp-content\/uploads\/2025\/05\/Asztalsoros-elrendezes-V2.png\" class=\"pp center\">\n              <img decoding=\"async\" class=\"img-with-animation skip-lazy\" data-delay=\"0\" height=\"1556\" width=\"1000\" data-animation=\"none\" src=\"https:\/\/unicumhaz.hu\/wp-content\/uploads\/2025\/05\/Asztalsoros-elrendezes-V2.png\" alt=\"\" srcset=\"https:\/\/unicumhaz.hu\/wp-content\/uploads\/2025\/05\/Asztalsoros-elrendezes-V2.png 1000w, https:\/\/unicumhaz.hu\/wp-content\/uploads\/2025\/05\/Asztalsoros-elrendezes-V2-193x300.png 193w, https:\/\/unicumhaz.hu\/wp-content\/uploads\/2025\/05\/Asztalsoros-elrendezes-V2-658x1024.png 658w, https:\/\/unicumhaz.hu\/wp-content\/uploads\/2025\/05\/Asztalsoros-elrendezes-V2-768x1195.png 768w, https:\/\/unicumhaz.hu\/wp-content\/uploads\/2025\/05\/Asztalsoros-elrendezes-V2-987x1536.png 987w, https:\/\/unicumhaz.hu\/wp-content\/uploads\/2025\/05\/Asztalsoros-elrendezes-V2-8x12.png 8w\" sizes=\"(max-width: 1000px) 100vw, 1000px\" \/>\n            <\/a>\n          <\/div>\n        <\/div>\n      <\/div>\n      <\/div>\n\t\t\t<\/div> \n\t\t<\/div>\n\t<\/div> \n\n\t<div  class=\"vc_col-sm-6 wpb_column column_container vc_column_container col no-extra-padding inherit_tablet inherit_phone\"  data-padding-pos=\"all\" data-has-bg-color=\"false\" data-bg-color=\"\" data-bg-opacity=\"1\" data-animation=\"\" data-delay=\"0\" >\n\t\t<div class=\"vc_column-inner\" >\n\t\t\t<div class=\"wpb_wrapper\">\n\t\t\t\t\n<div class=\"wpb_text_column wpb_content_element\" >\n\t<div class=\"wpb_wrapper\">\n\t\t\t<\/div>\n<\/div>\n\n\n\n\n\t<div class=\"wpb_gallery wpb_content_element clearfix\">\n\t\t<div class=\"wpb_wrapper\"><div class=\"wpb_gallery_slides wpb_flexslider flex-gallery flexslider\" data-onclick=\"link_no\" data-interval=\"5\" data-flex_fx=\"fade\"><ul class=\"slides\" data-d-autorotate=\"\"><li><img decoding=\"async\" class=\"skip-lazy\" src=\"https:\/\/unicumhaz.hu\/wp-content\/uploads\/2025\/05\/3-scaled-600x400.jpg\" width=\"600\" height=\"400\" alt=\"3\" title=\"3\" \/><\/li><li><img decoding=\"async\" class=\"skip-lazy\" src=\"https:\/\/unicumhaz.hu\/wp-content\/uploads\/2025\/05\/7-1-scaled-600x400.jpg\" width=\"600\" height=\"400\" alt=\"7\" title=\"7\" \/><\/li><\/ul><\/div>\n\t\t<\/div> \n\t<\/div> \n\t\t\t<\/div> \n\t\t<\/div>\n\t<\/div> \n<\/div><\/div>\n\t\t<div id=\"fws_69e75f028d089\"  data-column-margin=\"default\" data-midnight=\"dark\"  class=\"wpb_row vc_row-fluid vc_row full-width-section\"  style=\"padding-top: 0px; padding-bottom: 0px; \"><div class=\"row-bg-wrap\" data-bg-animation=\"none\" data-bg-animation-delay=\"\" data-bg-overlay=\"false\"><div class=\"inner-wrap row-bg-layer\" ><div class=\"row-bg viewport-desktop\"  style=\"\"><\/div><\/div><\/div><div class=\"nectar-shape-divider-wrap\" style=\" height:5px;\"  data-height=\"5\" data-front=\"\" data-style=\"curve\" data-position=\"bottom\" ><svg class=\"nectar-shape-divider\" aria-hidden=\"true\" fill=\"#d3ac6f\" xmlns=\"http:\/\/www.w3.org\/2000\/svg\" viewbox=\"0 0 1000 100\" preserveaspectratio=\"none\"> <path d=\"M 0 0 c 0 0 200 50 500 50 s 500 -50 500 -50 v 101 h -1000 v -100 z\"><\/path> <\/svg><\/div><div class=\"row_col_wrap_12 col span_12 dark left\">\n\t<div  class=\"vc_col-sm-12 wpb_column column_container vc_column_container col no-extra-padding inherit_tablet inherit_phone\"  data-padding-pos=\"all\" data-has-bg-color=\"false\" data-bg-color=\"\" data-bg-opacity=\"1\" data-animation=\"\" data-delay=\"0\" >\n\t\t<div class=\"vc_column-inner\" >\n\t\t\t<div class=\"wpb_wrapper\">\n\t\t\t\t<div class=\"divider-wrap\" data-alignment=\"default\"><div style=\"height: 25px;\" class=\"divider\"><\/div><\/div>\n\t\t\t<\/div> \n\t\t<\/div>\n\t<\/div> \n<\/div><\/div>","protected":false},"excerpt":{"rendered":"Berendez\u00e9si lehet\u0151s\u00e9gek B\u00e1r elrendez\u00e9s Protokoll elrendez\u00e9s Halsz\u00e1lk\u00e1s elrendez\u00e9s Iskolapados elrendez\u00e9s Asztalsoros elrendez\u00e9s","protected":false},"author":3,"featured_media":0,"parent":0,"menu_order":0,"comment_status":"closed","ping_status":"closed","template":"","meta":{"_monsterinsights_skip_tracking":false,"_monsterinsights_sitenote_active":false,"_monsterinsights_sitenote_note":"","_monsterinsights_sitenote_category":0,"footnotes":""},"class_list":["post-207671","page","type-page","status-publish"],"_links":{"self":[{"href":"https:\/\/unicumhaz.hu\/en\/wp-json\/wp\/v2\/pages\/207671","targetHints":{"allow":["GET"]}}],"collection":[{"href":"https:\/\/unicumhaz.hu\/en\/wp-json\/wp\/v2\/pages"}],"about":[{"href":"https:\/\/unicumhaz.hu\/en\/wp-json\/wp\/v2\/types\/page"}],"author":[{"embeddable":true,"href":"https:\/\/unicumhaz.hu\/en\/wp-json\/wp\/v2\/users\/3"}],"replies":[{"embeddable":true,"href":"https:\/\/unicumhaz.hu\/en\/wp-json\/wp\/v2\/comments?post=207671"}],"version-history":[{"count":33,"href":"https:\/\/unicumhaz.hu\/en\/wp-json\/wp\/v2\/pages\/207671\/revisions"}],"predecessor-version":[{"id":212590,"href":"https:\/\/unicumhaz.hu\/en\/wp-json\/wp\/v2\/pages\/207671\/revisions\/212590"}],"wp:attachment":[{"href":"https:\/\/unicumhaz.hu\/en\/wp-json\/wp\/v2\/media?parent=207671"}],"curies":[{"name":"wp","href":"https:\/\/api.w.org\/{rel}","templated":true}]}}