{"id":207822,"date":"2020-05-10T08:04:57","date_gmt":"2020-05-10T08:04:57","guid":{"rendered":"https:\/\/unicumhaz.hu\/?page_id=207822"},"modified":"2023-06-20T11:45:02","modified_gmt":"2023-06-20T11:45:02","slug":"likorgyartas-az-unicum-likorgyarban-50-es-evek","status":"publish","type":"page","link":"https:\/\/unicumhaz.hu\/en\/likorgyartas-az-unicum-likorgyarban-50-es-evek\/","title":{"rendered":"Lik\u0151rgy\u00e1rt\u00e1s az Unicum Lik\u0151rgy\u00e1rban 50-es \u00e9vek"},"content":{"rendered":"<div id=\"fws_69e1837b241a1\"  data-column-margin=\"default\" data-midnight=\"dark\" data-top-percent=\"6%\" data-bottom-percent=\"6%\"  class=\"wpb_row vc_row-fluid vc_row full-width-section\"  style=\"padding-top: calc(100vw * 0.06); padding-bottom: calc(100vw * 0.06); \"><div class=\"row-bg-wrap\" data-bg-animation=\"none\" data-bg-animation-delay=\"\" data-bg-overlay=\"true\"><div class=\"inner-wrap row-bg-layer using-image\" ><div class=\"row-bg viewport-desktop using-image lazyload\"  style=\"background-image:inherit; background-position: left top; background-repeat: no-repeat; \" data-bg-image=\"url(https:\/\/unicumhaz.hu\/wp-content\/uploads\/2020\/05\/likorgyartsas.jpg)\"><\/div><\/div><div class=\"row-bg-overlay row-bg-layer\" style=\"background-color:#0a0a0a;  opacity: 0.5; \"><\/div><\/div><div class=\"row_col_wrap_12 col span_12 dark left\">\n\t<div  class=\"vc_col-sm-12 wpb_column column_container vc_column_container col no-extra-padding\"  data-padding-pos=\"all\" data-has-bg-color=\"false\" data-bg-color=\"\" data-bg-opacity=\"1\" data-animation=\"\" data-delay=\"0\" >\n\t\t<div class=\"vc_column-inner\" >\n\t\t\t<div class=\"wpb_wrapper\">\n\t\t\t\t\n<div class=\"wpb_text_column wpb_content_element\" >\n\t<div class=\"wpb_wrapper\">\n\t\t<h2 style=\"text-align: center;\"><span style=\"color: #d3ac6f;\">Lik\u0151rgy\u00e1rt\u00e1s az Unicum Lik\u0151rgy\u00e1rban az &#8217;50-es \u00e9vekben.<\/span><\/h2>\n<h2 style=\"text-align: center;\"><span style=\"color: #d3ac6f;\">Production of Unicum in the &#8217;50s.<\/span><\/h2>\n\t<\/div>\n<\/div>\n\n\n\n\n\t\t\t<\/div> \n\t\t<\/div>\n\t<\/div> \n<\/div><\/div>\n\t\t<div id=\"fws_69e1837b25237\"  data-column-margin=\"default\" data-midnight=\"dark\"  class=\"wpb_row vc_row-fluid vc_row full-width-section\"  style=\"padding-top: 0px; padding-bottom: 0px; \"><div class=\"row-bg-wrap\" data-bg-animation=\"none\" data-bg-animation-delay=\"\" data-bg-overlay=\"false\"><div class=\"inner-wrap row-bg-layer\" ><div class=\"row-bg viewport-desktop\"  style=\"\"><\/div><\/div><\/div><div class=\"nectar-shape-divider-wrap\" style=\" height:5px;\"  data-height=\"5\" data-front=\"\" data-style=\"curve\" data-position=\"top\" ><svg class=\"nectar-shape-divider\" aria-hidden=\"true\" fill=\"#d3ac6f\" xmlns=\"http:\/\/www.w3.org\/2000\/svg\" viewbox=\"0 0 1000 100\" preserveaspectratio=\"none\"> <path d=\"M 0 0 c 0 0 200 50 500 50 s 500 -50 500 -50 v 101 h -1000 v -100 z\"><\/path> <\/svg><\/div><div class=\"row_col_wrap_12 col span_12 dark left\">\n\t<div  class=\"vc_col-sm-12 wpb_column column_container vc_column_container col no-extra-padding\"  data-padding-pos=\"all\" data-has-bg-color=\"false\" data-bg-color=\"\" data-bg-opacity=\"1\" data-animation=\"\" data-delay=\"0\" >\n\t\t<div class=\"vc_column-inner\" >\n\t\t\t<div class=\"wpb_wrapper\">\n\t\t\t\t<div class=\"divider-wrap\" data-alignment=\"default\"><div style=\"height: 25px;\" class=\"divider\"><\/div><\/div>\n\t\t\t<\/div> \n\t\t<\/div>\n\t<\/div> \n<\/div><\/div>\n\t\t<div id=\"fws_69e1837b26294\"  data-column-margin=\"default\" data-midnight=\"dark\"  class=\"wpb_row vc_row-fluid vc_row\"  style=\"padding-top: 0px; padding-bottom: 0px; \"><div class=\"row-bg-wrap\" data-bg-animation=\"none\" data-bg-animation-delay=\"\" data-bg-overlay=\"false\"><div class=\"inner-wrap row-bg-layer\" ><div class=\"row-bg viewport-desktop\"  style=\"\"><\/div><\/div><\/div><div class=\"row_col_wrap_12 col span_12 dark left\">\n\t<div  class=\"vc_col-sm-12 wpb_column column_container vc_column_container col no-extra-padding\"  data-padding-pos=\"all\" data-has-bg-color=\"false\" data-bg-color=\"\" data-bg-opacity=\"1\" data-animation=\"\" data-delay=\"0\" >\n\t\t<div class=\"vc_column-inner\" >\n\t\t\t<div class=\"wpb_wrapper\">\n\t\t\t\t<div class=\"img-with-aniamtion-wrap\" data-max-width=\"100%\" data-max-width-mobile=\"100%\" data-shadow=\"none\" data-animation=\"fade-in\" >\n      <div class=\"inner\">\n        <div class=\"hover-wrap\"> \n          <div class=\"hover-wrap-inner\">\n            <a href=\"https:\/\/unicumhaz.hu\/videok\/ujfilmhirado.mp4\" target=\"_self\" class=\"\">\n              <img decoding=\"async\" class=\"img-with-animation skip-lazy\" data-delay=\"0\" height=\"725\" width=\"1199\" data-animation=\"fade-in\" src=\"https:\/\/unicumhaz.hu\/wp-content\/uploads\/2020\/11\/New-Project-16.jpg\" alt=\"\" srcset=\"https:\/\/unicumhaz.hu\/wp-content\/uploads\/2020\/11\/New-Project-16.jpg 1199w, https:\/\/unicumhaz.hu\/wp-content\/uploads\/2020\/11\/New-Project-16-300x181.jpg 300w, https:\/\/unicumhaz.hu\/wp-content\/uploads\/2020\/11\/New-Project-16-1024x619.jpg 1024w, https:\/\/unicumhaz.hu\/wp-content\/uploads\/2020\/11\/New-Project-16-768x464.jpg 768w\" sizes=\"(max-width: 1199px) 100vw, 1199px\" \/>\n            <\/a>\n          <\/div>\n        <\/div>\n      <\/div>\n      <\/div>\n\t\t\t<\/div> \n\t\t<\/div>\n\t<\/div> \n<\/div><\/div>\n\t\t<div id=\"fws_69e1837b2765b\"  data-column-margin=\"default\" data-midnight=\"dark\"  class=\"wpb_row vc_row-fluid vc_row\"  style=\"padding-top: 0px; padding-bottom: 0px; \"><div class=\"row-bg-wrap\" data-bg-animation=\"none\" data-bg-animation-delay=\"\" data-bg-overlay=\"false\"><div class=\"inner-wrap row-bg-layer\" ><div class=\"row-bg viewport-desktop\"  style=\"\"><\/div><\/div><\/div><div class=\"row_col_wrap_12 col span_12 dark left\">\n\t<div  class=\"vc_col-sm-12 wpb_column column_container vc_column_container col no-extra-padding\"  data-padding-pos=\"all\" data-has-bg-color=\"false\" data-bg-color=\"\" data-bg-opacity=\"1\" data-animation=\"\" data-delay=\"0\" >\n\t\t<div class=\"vc_column-inner\" >\n\t\t\t<div class=\"wpb_wrapper\">\n\t\t\t\t\n<div class=\"wpb_text_column wpb_content_element\" >\n\t<div class=\"wpb_wrapper\">\n\t\t<p><em>Forr\u00e1s: https:\/\/filmhiradokonline.hu\/watch.php?id=12680#<\/em><\/p>\n\t<\/div>\n<\/div>\n\n\n\n\n\t\t\t<\/div> \n\t\t<\/div>\n\t<\/div> \n<\/div><\/div>\n\t\t<div id=\"fws_69e1837b280db\"  data-column-margin=\"default\" data-midnight=\"dark\"  class=\"wpb_row vc_row-fluid vc_row full-width-section\"  style=\"padding-top: 0px; padding-bottom: 0px; \"><div class=\"row-bg-wrap\" data-bg-animation=\"none\" data-bg-animation-delay=\"\" data-bg-overlay=\"false\"><div class=\"inner-wrap row-bg-layer\" ><div class=\"row-bg viewport-desktop\"  style=\"\"><\/div><\/div><\/div><div class=\"nectar-shape-divider-wrap\" style=\" height:5px;\"  data-height=\"5\" data-front=\"\" data-style=\"curve\" data-position=\"bottom\" ><svg class=\"nectar-shape-divider\" aria-hidden=\"true\" fill=\"#d3ac6f\" xmlns=\"http:\/\/www.w3.org\/2000\/svg\" viewbox=\"0 0 1000 100\" preserveaspectratio=\"none\"> <path d=\"M 0 0 c 0 0 200 50 500 50 s 500 -50 500 -50 v 101 h -1000 v -100 z\"><\/path> <\/svg><\/div><div class=\"row_col_wrap_12 col span_12 dark left\">\n\t<div  class=\"vc_col-sm-12 wpb_column column_container vc_column_container col no-extra-padding\"  data-padding-pos=\"all\" data-has-bg-color=\"false\" data-bg-color=\"\" data-bg-opacity=\"1\" data-animation=\"\" data-delay=\"0\" >\n\t\t<div class=\"vc_column-inner\" >\n\t\t\t<div class=\"wpb_wrapper\">\n\t\t\t\t<div class=\"divider-wrap\" data-alignment=\"default\"><div style=\"height: 25px;\" class=\"divider\"><\/div><\/div>\n\t\t\t<\/div> \n\t\t<\/div>\n\t<\/div> \n<\/div><\/div>","protected":false},"excerpt":{"rendered":"Lik\u0151rgy\u00e1rt\u00e1s az Unicum Lik\u0151rgy\u00e1rban az '50-es \u00e9vekben. Production of Unicum in the '50s. Forr\u00e1s: https:\/\/filmhiradokonline.hu\/watch.php?id=12680#","protected":false},"author":3,"featured_media":0,"parent":0,"menu_order":0,"comment_status":"closed","ping_status":"closed","template":"","meta":{"_monsterinsights_skip_tracking":false,"_monsterinsights_sitenote_active":false,"_monsterinsights_sitenote_note":"","_monsterinsights_sitenote_category":0,"footnotes":""},"class_list":["post-207822","page","type-page","status-publish"],"_links":{"self":[{"href":"https:\/\/unicumhaz.hu\/en\/wp-json\/wp\/v2\/pages\/207822","targetHints":{"allow":["GET"]}}],"collection":[{"href":"https:\/\/unicumhaz.hu\/en\/wp-json\/wp\/v2\/pages"}],"about":[{"href":"https:\/\/unicumhaz.hu\/en\/wp-json\/wp\/v2\/types\/page"}],"author":[{"embeddable":true,"href":"https:\/\/unicumhaz.hu\/en\/wp-json\/wp\/v2\/users\/3"}],"replies":[{"embeddable":true,"href":"https:\/\/unicumhaz.hu\/en\/wp-json\/wp\/v2\/comments?post=207822"}],"version-history":[{"count":27,"href":"https:\/\/unicumhaz.hu\/en\/wp-json\/wp\/v2\/pages\/207822\/revisions"}],"predecessor-version":[{"id":210032,"href":"https:\/\/unicumhaz.hu\/en\/wp-json\/wp\/v2\/pages\/207822\/revisions\/210032"}],"wp:attachment":[{"href":"https:\/\/unicumhaz.hu\/en\/wp-json\/wp\/v2\/media?parent=207822"}],"curies":[{"name":"wp","href":"https:\/\/api.w.org\/{rel}","templated":true}]}}