{"id":208926,"date":"2022-03-23T13:57:37","date_gmt":"2022-03-23T13:57:37","guid":{"rendered":"https:\/\/unicumhaz.hu\/?page_id=208926"},"modified":"2022-03-23T13:57:37","modified_gmt":"2022-03-23T13:57:37","slug":"muzeumokejszakajaregisztacio","status":"publish","type":"page","link":"https:\/\/unicumhaz.hu\/en\/muzeumokejszakajaregisztacio\/","title":{"rendered":"M\u00fazeumok_\u00c9jszak\u00e1ja_Regisztr\u00e1ci\u00f3"},"content":{"rendered":"<div class=\"wpforms-container wpforms-container-full\" id=\"wpforms-208894\"><form id=\"wpforms-form-208894\" class=\"wpforms-validate wpforms-form\" data-formid=\"208894\" method=\"post\" enctype=\"multipart\/form-data\" action=\"\/en\/wp-json\/wp\/v2\/pages\/208926\" data-token=\"c71fd6e86dcbeedc7efdb4460e69f426\" data-trp-original-action=\"\/en\/wp-json\/wp\/v2\/pages\/208926\"><noscript class=\"wpforms-error-noscript\">Please enable JavaScript in your browser to complete this form.<\/noscript><div class=\"wpforms-field-container\"><div id=\"wpforms-208894-field_0-container\" class=\"wpforms-field wpforms-field-name\" data-field-id=\"0\"><label class=\"wpforms-field-label\" for=\"wpforms-208894-field_0\">N\u00e9v <span class=\"wpforms-required-label\">*<\/span><\/label><input type=\"text\" id=\"wpforms-208894-field_0\" class=\"wpforms-field-medium wpforms-field-required\" name=\"wpforms[fields][0]\" required><\/div><div id=\"wpforms-208894-field_1-container\" class=\"wpforms-field wpforms-field-email\" data-field-id=\"1\"><label class=\"wpforms-field-label\" for=\"wpforms-208894-field_1\">Email <span class=\"wpforms-required-label\">*<\/span><\/label><input type=\"email\" id=\"wpforms-208894-field_1\" class=\"wpforms-field-medium wpforms-field-required\" name=\"wpforms[fields][1]\" required><\/div><div id=\"wpforms-208894-field_10-container\" class=\"wpforms-field wpforms-field-number-slider\" data-field-id=\"10\"><label class=\"wpforms-field-label\" for=\"wpforms-208894-field_10\">R\u00e9sztvev\u0151k sz\u00e1ma<\/label>\n<input\n\ttype=\"range\"\n\tid=\"wpforms-208894-field_10\" class=\"wpforms-field-small\" name=\"wpforms[fields][10]\" value=\"0\"\t\tmin=\"0\"\n\tmax=\"10\"\n\tstep=\"1\">\n\n<div class=\"wpforms-field-number-slider-hint\"\n\tdata-hint=\"R\u00e9sztvev\u0151k sz\u00e1ma: {value}\">\n\tR\u00e9sztvev\u0151k sz\u00e1ma: <b>0<\/b><\/div>\n<div class=\"wpforms-field-description\">K\u00e9rj\u00fck v\u00e1lassza ki h\u00e1nyan j\u00f6nnek<\/div><\/div><div id=\"wpforms-208894-field_8-container\" class=\"wpforms-field wpforms-field-select wpforms-field-select-style-modern\" data-field-id=\"8\"><label class=\"wpforms-field-label\" for=\"wpforms-208894-field_8\">Melyik programra j\u00f6n? <span class=\"wpforms-required-label\">*<\/span><\/label><select id=\"wpforms-208894-field_8\" class=\"wpforms-field-medium wpforms-field-required choicesjs-select\" data-size-class=\"wpforms-field-row wpforms-field-medium\" data-search-enabled=\"\" name=\"wpforms[fields][8]\" required=\"required\"><option value=\"\" class=\"placeholder\" disabled selected='selected'>Museum<\/option><option value=\"M\u00fazeum\" >Museum<\/option><option value=\"Csabi\" >Csabi<\/option><option value=\"Bor\" >Bor<\/option><\/select><div class=\"wpforms-field-description\">keruk valsszon hogy melyi,asasddglofrmdiotdiobntio bni<\/div><\/div><div id=\"wpforms-208894-field_2-container\" class=\"wpforms-field wpforms-field-textarea\" data-field-id=\"2\"><label class=\"wpforms-field-label\" for=\"wpforms-208894-field_2\">Megjegyz\u00e9s<\/label><textarea id=\"wpforms-208894-field_2\" class=\"wpforms-field-medium\" name=\"wpforms[fields][2]\" ><\/textarea><\/div><div id=\"wpforms-208894-field_6-container\" class=\"wpforms-field wpforms-field-checkbox\" data-field-id=\"6\"><label class=\"wpforms-field-label\" for=\"wpforms-208894-field_6\">K\u00f6telez\u0151 <span class=\"wpforms-required-label\">*<\/span><\/label><ul id=\"wpforms-208894-field_6\" class=\"wpforms-field-required\"><li class=\"choice-1 depth-1\"><input type=\"checkbox\" id=\"wpforms-208894-field_6_1\" name=\"wpforms[fields][6][]\" value=\"Elolvastam, \u00e9s elfogadom az *Adatkezel\u00e9si t\u00e1j\u00e9koztat\u00e1st\" required><label class=\"wpforms-field-label-inline\" for=\"wpforms-208894-field_6_1\">Elolvastam, \u00e9s elfogadom az *Adatkezel\u00e9si t\u00e1j\u00e9koztat\u00e1st<\/label><\/li><\/ul><div class=\"wpforms-field-description\">*   https:\/\/unicumhaz.hu\/adatkezelesi-tajekoztato\/<\/div><\/div><\/div><div class=\"wpforms-submit-container\"><input type=\"hidden\" name=\"wpforms[id]\" value=\"208894\"><input type=\"hidden\" name=\"wpforms[author]\" value=\"3\"><button type=\"submit\" name=\"wpforms[submit]\" id=\"wpforms-submit-208894\" class=\"wpforms-submit\" data-alt-text=\"K\u00fcld\u00e9s...\" data-submit-text=\"K\u00fcld\u00e9s\" aria-live=\"assertive\" value=\"wpforms-submit\">K\u00fcld\u00e9s<\/button><\/div><input type=\"hidden\" name=\"trp-form-language\" value=\"en\"\/><\/form><\/div>  <!-- .wpforms-container -->\n\t\t<div id=\"fws_69d7c490be603\"  data-column-margin=\"default\" data-midnight=\"dark\"  class=\"wpb_row vc_row-fluid vc_row\"  style=\"padding-top: 0px; padding-bottom: 0px; \"><div class=\"row-bg-wrap\" data-bg-animation=\"none\" data-bg-animation-delay=\"\" data-bg-overlay=\"false\"><div class=\"inner-wrap row-bg-layer\" ><div class=\"row-bg viewport-desktop\"  style=\"\"><\/div><\/div><\/div><div class=\"row_col_wrap_12 col span_12 dark left\">\n\t<div  class=\"vc_col-sm-6 wpb_column column_container vc_column_container col no-extra-padding\"  data-padding-pos=\"all\" data-has-bg-color=\"false\" data-bg-color=\"\" data-bg-opacity=\"1\" data-animation=\"\" data-delay=\"0\" >\n\t\t<div class=\"vc_column-inner\" >\n\t\t\t<div class=\"wpb_wrapper\">\n\t\t\t\t<div id=\"map_69d7c490befdb\" style=\"height: 540px;\" class=\"nectar-google-map\" data-infowindow-start-open=\"\" data-dark-color-scheme=\"1\" data-marker-style=\"nectar\" data-nectar-marker-color=\"accent-color\" data-ultra-flat=\"\" data-greyscale=\"1\" data-extra-color=\"#394647\" data-enable-animation=\"false\" data-enable-zoom=\"\" data-zoom-level=\"16\" data-center-lat=\"47.476071\" data-center-lng=\"19.069988\" data-marker-img=\"\"><\/div><div class=\"map_69d7c490befdb map-marker-list\"><div class=\"map-marker\" data-marker-image-width=\"50\" data-marker-image-height=\"50\" data-lat=\"47.476071\" data-lng=\"19.069988\" data-mapinfo=\"Unicum H\u00e1z\"><\/div><\/div>\n\t\t\t<\/div> \n\t\t<\/div>\n\t<\/div> \n\n\t<div  class=\"vc_col-sm-6 wpb_column column_container vc_column_container col no-extra-padding\"  data-padding-pos=\"all\" data-has-bg-color=\"false\" data-bg-color=\"\" data-bg-opacity=\"1\" data-animation=\"\" data-delay=\"0\" >\n\t\t<div class=\"vc_column-inner\" >\n\t\t\t<div class=\"wpb_wrapper\">\n\t\t\t\t\n<div class=\"wpb_text_column wpb_content_element\" >\n\t<div class=\"wpb_wrapper\">\n\t\t<h3 class=\"title\">House of Unicum<\/h3>\n<h4>1095. Budapest Dand\u00e1r utca 1<\/h4>\n<h5>Phone: <a href=\"tel:+3614762383\">+36 1 4762383 <\/a><\/h5>\n<h5>E-mail: <a href=\"mailto:muzeum@zwackunicum.hu\">mailto:muzeum@zwackunicum.hu<\/a><\/h5>\n\t<\/div>\n<\/div>\n\n\n\n\n\t\t\t<\/div> \n\t\t<\/div>\n\t<\/div> \n<\/div><\/div>","protected":false},"excerpt":{"rendered":"Please enable JavaScript in your browser to complete this form.N\u00e9v *Email *R\u00e9sztvev\u0151k sz\u00e1ma R\u00e9sztvev\u0151k sz\u00e1ma:...","protected":false},"author":3,"featured_media":0,"parent":0,"menu_order":0,"comment_status":"closed","ping_status":"closed","template":"","meta":{"_monsterinsights_skip_tracking":false,"_monsterinsights_sitenote_active":false,"_monsterinsights_sitenote_note":"","_monsterinsights_sitenote_category":0,"footnotes":""},"class_list":["post-208926","page","type-page","status-publish"],"_links":{"self":[{"href":"https:\/\/unicumhaz.hu\/en\/wp-json\/wp\/v2\/pages\/208926","targetHints":{"allow":["GET"]}}],"collection":[{"href":"https:\/\/unicumhaz.hu\/en\/wp-json\/wp\/v2\/pages"}],"about":[{"href":"https:\/\/unicumhaz.hu\/en\/wp-json\/wp\/v2\/types\/page"}],"author":[{"embeddable":true,"href":"https:\/\/unicumhaz.hu\/en\/wp-json\/wp\/v2\/users\/3"}],"replies":[{"embeddable":true,"href":"https:\/\/unicumhaz.hu\/en\/wp-json\/wp\/v2\/comments?post=208926"}],"version-history":[{"count":1,"href":"https:\/\/unicumhaz.hu\/en\/wp-json\/wp\/v2\/pages\/208926\/revisions"}],"predecessor-version":[{"id":209313,"href":"https:\/\/unicumhaz.hu\/en\/wp-json\/wp\/v2\/pages\/208926\/revisions\/209313"}],"wp:attachment":[{"href":"https:\/\/unicumhaz.hu\/en\/wp-json\/wp\/v2\/media?parent=208926"}],"curies":[{"name":"wp","href":"https:\/\/api.w.org\/{rel}","templated":true}]}}