{"id":209177,"date":"2022-03-07T15:11:44","date_gmt":"2022-03-07T15:11:44","guid":{"rendered":"https:\/\/unicumhaz.hu\/?page_id=209177"},"modified":"2022-03-07T15:11:44","modified_gmt":"2022-03-07T15:11:44","slug":"kuponszabalyzat","status":"publish","type":"page","link":"https:\/\/unicumhaz.hu\/en\/kuponszabalyzat\/","title":{"rendered":"kuponszab\u00e1lyzat"},"content":{"rendered":"<p style=\"text-align: center;\"><strong>Kedvezm\u00e9nyes kupon felhaszn\u00e1l\u00e1s\u00e1nak szab\u00e1lyoz\u00e1sa<\/strong><\/p>\n<p style=\"text-align: center;\">\n<p style=\"text-align: center;\">Az Unicum H\u00e1zba (1095 Budapest, Dand\u00e1r u. 1.) bel\u00e9p\u0151jegyet v\u00e1s\u00e1rl\u00f3 minden l\u00e1togat\u00f3 jogosultt\u00e1 v\u00e1lik egy \u2013 k\u00f3dsz\u00e1mmal ell\u00e1tott \u2013 kedvezm\u00e9nyes kuponra.<\/p>\n<p style=\"text-align: center;\">A kupon \u2013 a rajta felt\u00fcntetett \u00e9rv\u00e9nyess\u00e9gi id\u0151n bel\u00fcl &#8211; 5% m\u00e9rt\u00e9k\u0171 \u00e1rkedvezm\u00e9nyre jogos\u00edt az Unicum H\u00e1z mintaboltj\u00e1ban v\u00e1s\u00e1rolt \u00e9getett szeszesitalok brutt\u00f3 v\u00e9tel\u00e1r\u00e1b\u00f3l.<\/p>\n<p style=\"text-align: center;\">Egy v\u00e1s\u00e1rl\u00f3 egy alkalommal egyszeri v\u00e1s\u00e1rl\u00e1sra egy kupont haszn\u00e1lhat fel, amely m\u00e1s<br \/>\nkedvezm\u00e9nnyel nem vonhat\u00f3 \u00f6ssze.<\/p>\n<p style=\"text-align: center;\">A kupon k\u00e9szp\u00e9nzre nem v\u00e1lthat\u00f3, illetve \u00e9rt\u00e9k\u00e9b\u0151l k\u00e9szp\u00e9nz nem adhat\u00f3 vissza.<\/p>\n<p style=\"text-align: center;\">A kupon kibocs\u00e1t\u00f3ja a Zwack Unicum Nyrt. (sz\u00e9khely: 1095 Budapest, Soroks\u00e1ri \u00fat 26.,<br \/>\ne-mail c\u00edm:\u00a0<a href=\"mailto:muzeum@zwackunicum.hu\">mailto:muzeum@zwackunicum.hu<\/a>, telefonsz\u00e1m: 06-1\/476-2383) jogosult egyoldal\u00faan m\u00f3dos\u00edtani a kupon felhaszn\u00e1l\u00e1s\u00e1nak felt\u00e9teleit, mely v\u00e1ltoz\u00e1sokat a weboldal\u00e1n (unicumhaz.hu ; zwackunicum.hu) teszi k\u00f6zz\u00e9.<\/p>\n<p style=\"text-align: center;\">Budapest, 2022. m\u00e1rcius 07.<\/p>\n<p>&nbsp;<\/p>\n<p>&nbsp;<\/p>\n<p>Zwack Unicum Nyrt.<\/p>\n<p>UNICUM H\u00c1Z<\/p>","protected":false},"excerpt":{"rendered":"<p>Kedvezm\u00e9nyes kupon felhaszn\u00e1l\u00e1s\u00e1nak szab\u00e1lyoz\u00e1sa Az Unicum H\u00e1zba (1095 Budapest, Dand\u00e1r u. 1.) bel\u00e9p\u0151jegyet v\u00e1s\u00e1rl\u00f3 minden&#8230;<\/p>","protected":false},"author":3,"featured_media":0,"parent":0,"menu_order":0,"comment_status":"closed","ping_status":"closed","template":"","meta":{"_monsterinsights_skip_tracking":false,"_monsterinsights_sitenote_active":false,"_monsterinsights_sitenote_note":"","_monsterinsights_sitenote_category":0,"footnotes":""},"class_list":["post-209177","page","type-page","status-publish"],"_links":{"self":[{"href":"https:\/\/unicumhaz.hu\/en\/wp-json\/wp\/v2\/pages\/209177","targetHints":{"allow":["GET"]}}],"collection":[{"href":"https:\/\/unicumhaz.hu\/en\/wp-json\/wp\/v2\/pages"}],"about":[{"href":"https:\/\/unicumhaz.hu\/en\/wp-json\/wp\/v2\/types\/page"}],"author":[{"embeddable":true,"href":"https:\/\/unicumhaz.hu\/en\/wp-json\/wp\/v2\/users\/3"}],"replies":[{"embeddable":true,"href":"https:\/\/unicumhaz.hu\/en\/wp-json\/wp\/v2\/comments?post=209177"}],"version-history":[{"count":1,"href":"https:\/\/unicumhaz.hu\/en\/wp-json\/wp\/v2\/pages\/209177\/revisions"}],"predecessor-version":[{"id":209178,"href":"https:\/\/unicumhaz.hu\/en\/wp-json\/wp\/v2\/pages\/209177\/revisions\/209178"}],"wp:attachment":[{"href":"https:\/\/unicumhaz.hu\/en\/wp-json\/wp\/v2\/media?parent=209177"}],"curies":[{"name":"wp","href":"https:\/\/api.w.org\/{rel}","templated":true}]}}