{"id":209195,"date":"2022-03-09T09:15:28","date_gmt":"2022-03-09T09:15:28","guid":{"rendered":"https:\/\/unicumhaz.hu\/?page_id=209195"},"modified":"2025-10-03T10:15:43","modified_gmt":"2025-10-03T10:15:43","slug":"partnereink","status":"publish","type":"page","link":"https:\/\/unicumhaz.hu\/en\/partnereink\/","title":{"rendered":"Our Partners"},"content":{"rendered":"<div id=\"fws_69e4456c57354\"  data-column-margin=\"default\" data-midnight=\"dark\"  class=\"wpb_row vc_row-fluid vc_row\"  style=\"padding-top: 0px; padding-bottom: 0px; \"><div class=\"row-bg-wrap\" data-bg-animation=\"none\" data-bg-animation-delay=\"\" data-bg-overlay=\"false\"><div class=\"inner-wrap row-bg-layer\" ><div class=\"row-bg viewport-desktop\"  style=\"\"><\/div><\/div><\/div><div class=\"row_col_wrap_12 col span_12 dark left\">\n\t<div  class=\"vc_col-sm-12 wpb_column column_container vc_column_container col no-extra-padding inherit_tablet inherit_phone\"  data-padding-pos=\"all\" data-has-bg-color=\"false\" data-bg-color=\"\" data-bg-opacity=\"1\" data-animation=\"\" data-delay=\"0\" >\n\t\t<div class=\"vc_column-inner\" >\n\t\t\t<div class=\"wpb_wrapper\">\n\t\t\t\t\n<div class=\"wpb_text_column wpb_content_element\" >\n\t<div class=\"wpb_wrapper\">\n\t\t<h2><strong><span style=\"color: #d3ac6f;\">Our partners:<\/span><\/strong><\/h2>\n\t<\/div>\n<\/div>\n\n\n\n\n\t\t\t<\/div> \n\t\t<\/div>\n\t<\/div> \n<\/div><\/div>\n\t\t<div id=\"fws_69e4456c5849b\"  data-column-margin=\"default\" data-midnight=\"dark\"  class=\"wpb_row vc_row-fluid vc_row\"  style=\"padding-top: 0px; padding-bottom: 0px; \"><div class=\"row-bg-wrap\" data-bg-animation=\"none\" data-bg-animation-delay=\"\" data-bg-overlay=\"false\"><div class=\"inner-wrap row-bg-layer\" ><div class=\"row-bg viewport-desktop\"  style=\"\"><\/div><\/div><\/div><div class=\"row_col_wrap_12 col span_12 dark left\">\n\t<div  class=\"vc_col-sm-3 wpb_column column_container vc_column_container col no-extra-padding inherit_tablet inherit_phone\"  data-padding-pos=\"all\" data-has-bg-color=\"false\" data-bg-color=\"\" data-bg-opacity=\"1\" data-animation=\"\" data-delay=\"0\" >\n\t\t<div class=\"vc_column-inner\" >\n\t\t\t<div class=\"wpb_wrapper\">\n\t\t\t\t<div class=\"img-with-aniamtion-wrap\" data-max-width=\"100%\" data-max-width-mobile=\"default\" data-shadow=\"none\" data-animation=\"none\" >\n      <div class=\"inner\">\n        <div class=\"hover-wrap\" data-hover-animation=\"zoom\"> \n          <div class=\"hover-wrap-inner\">\n            <a href=\"http:\/\/www.bkk.hu\/budapestkartya\" target=\"_self\" class=\"\">\n              <img decoding=\"async\" class=\"img-with-animation skip-lazy\" data-delay=\"0\" height=\"400\" width=\"400\" data-animation=\"none\" src=\"https:\/\/unicumhaz.hu\/wp-content\/uploads\/2025\/09\/BudapestCard.jpg\" alt=\"\" srcset=\"https:\/\/unicumhaz.hu\/wp-content\/uploads\/2025\/09\/BudapestCard.jpg 400w, https:\/\/unicumhaz.hu\/wp-content\/uploads\/2025\/09\/BudapestCard-300x300.jpg 300w, https:\/\/unicumhaz.hu\/wp-content\/uploads\/2025\/09\/BudapestCard-150x150.jpg 150w, https:\/\/unicumhaz.hu\/wp-content\/uploads\/2025\/09\/BudapestCard-12x12.jpg 12w, https:\/\/unicumhaz.hu\/wp-content\/uploads\/2025\/09\/BudapestCard-140x140.jpg 140w, https:\/\/unicumhaz.hu\/wp-content\/uploads\/2025\/09\/BudapestCard-100x100.jpg 100w, https:\/\/unicumhaz.hu\/wp-content\/uploads\/2025\/09\/BudapestCard-350x350.jpg 350w\" sizes=\"(max-width: 400px) 100vw, 400px\" \/>\n            <\/a>\n          <\/div>\n        <\/div>\n      <\/div>\n      <\/div>\n<div class=\"wpb_text_column wpb_content_element\" >\n\t<div class=\"wpb_wrapper\">\n\t\t<p style=\"text-align: center;\"><a href=\"https:\/\/bkk.hu\/jegyek-es-berletek\/arak\/?type=bpcard\">\ud83c\udded\ud83c\uddfa Budapest k\u00e1rtya webshop<\/a><\/p>\n<p style=\"text-align: center;\"><a href=\"https:\/\/bkk.hu\/en\/tickets-and-passes\/prices\/?type=bpcard\">\ud83c\uddec\ud83c\udde7\u00a0Budapest Card webshop<\/a><\/p>\n\t<\/div>\n<\/div>\n\n\n\n\n\t\t\t<\/div> \n\t\t<\/div>\n\t<\/div> \n\n\t<div  class=\"vc_col-sm-3 wpb_column column_container vc_column_container col no-extra-padding inherit_tablet inherit_phone\"  data-padding-pos=\"all\" data-has-bg-color=\"false\" data-bg-color=\"\" data-bg-opacity=\"1\" data-animation=\"\" data-delay=\"0\" >\n\t\t<div class=\"vc_column-inner\" >\n\t\t\t<div class=\"wpb_wrapper\">\n\t\t\t\t<div class=\"img-with-aniamtion-wrap\" data-max-width=\"100%\" data-max-width-mobile=\"default\" data-shadow=\"none\" data-animation=\"none\" >\n      <div class=\"inner\">\n        <div class=\"hover-wrap\" data-hover-animation=\"zoom\"> \n          <div class=\"hover-wrap-inner\">\n            <a href=\"https:\/\/kormany.hu\/epitesi-es-kozlekedesi-miniszterium\" target=\"_self\" class=\"\">\n              <img decoding=\"async\" class=\"img-with-animation skip-lazy\" data-delay=\"0\" height=\"400\" width=\"400\" data-animation=\"none\" src=\"https:\/\/unicumhaz.hu\/wp-content\/uploads\/2025\/09\/miniszt.jpg\" alt=\"\" srcset=\"https:\/\/unicumhaz.hu\/wp-content\/uploads\/2025\/09\/miniszt.jpg 400w, https:\/\/unicumhaz.hu\/wp-content\/uploads\/2025\/09\/miniszt-300x300.jpg 300w, https:\/\/unicumhaz.hu\/wp-content\/uploads\/2025\/09\/miniszt-150x150.jpg 150w, https:\/\/unicumhaz.hu\/wp-content\/uploads\/2025\/09\/miniszt-12x12.jpg 12w, https:\/\/unicumhaz.hu\/wp-content\/uploads\/2025\/09\/miniszt-140x140.jpg 140w, https:\/\/unicumhaz.hu\/wp-content\/uploads\/2025\/09\/miniszt-100x100.jpg 100w, https:\/\/unicumhaz.hu\/wp-content\/uploads\/2025\/09\/miniszt-350x350.jpg 350w\" sizes=\"(max-width: 400px) 100vw, 400px\" \/>\n            <\/a>\n          <\/div>\n        <\/div>\n      <\/div>\n      <\/div>\n\t\t\t<\/div> \n\t\t<\/div>\n\t<\/div> \n\n\t<div  class=\"vc_col-sm-3 wpb_column column_container vc_column_container col no-extra-padding inherit_tablet inherit_phone\"  data-padding-pos=\"all\" data-has-bg-color=\"false\" data-bg-color=\"\" data-bg-opacity=\"1\" data-animation=\"\" data-delay=\"0\" >\n\t\t<div class=\"vc_column-inner\" >\n\t\t\t<div class=\"wpb_wrapper\">\n\t\t\t\t<div class=\"img-with-aniamtion-wrap\" data-max-width=\"100%\" data-max-width-mobile=\"default\" data-shadow=\"none\" data-animation=\"none\" >\n      <div class=\"inner\">\n        <div class=\"hover-wrap\" data-hover-animation=\"zoom\"> \n          <div class=\"hover-wrap-inner\">\n            <a href=\"https:\/\/www.duna-drava.hu\/hu\" target=\"_self\" class=\"\">\n              <img decoding=\"async\" class=\"img-with-animation skip-lazy\" data-delay=\"0\" height=\"400\" width=\"400\" data-animation=\"none\" src=\"https:\/\/unicumhaz.hu\/wp-content\/uploads\/2025\/09\/DunaDrava.jpg\" alt=\"\" srcset=\"https:\/\/unicumhaz.hu\/wp-content\/uploads\/2025\/09\/DunaDrava.jpg 400w, https:\/\/unicumhaz.hu\/wp-content\/uploads\/2025\/09\/DunaDrava-300x300.jpg 300w, https:\/\/unicumhaz.hu\/wp-content\/uploads\/2025\/09\/DunaDrava-150x150.jpg 150w, https:\/\/unicumhaz.hu\/wp-content\/uploads\/2025\/09\/DunaDrava-12x12.jpg 12w, https:\/\/unicumhaz.hu\/wp-content\/uploads\/2025\/09\/DunaDrava-140x140.jpg 140w, https:\/\/unicumhaz.hu\/wp-content\/uploads\/2025\/09\/DunaDrava-100x100.jpg 100w, https:\/\/unicumhaz.hu\/wp-content\/uploads\/2025\/09\/DunaDrava-350x350.jpg 350w\" sizes=\"(max-width: 400px) 100vw, 400px\" \/>\n            <\/a>\n          <\/div>\n        <\/div>\n      <\/div>\n      <\/div>\n\t\t\t<\/div> \n\t\t<\/div>\n\t<\/div> \n\n\t<div  class=\"vc_col-sm-3 wpb_column column_container vc_column_container col no-extra-padding inherit_tablet inherit_phone\"  data-padding-pos=\"all\" data-has-bg-color=\"false\" data-bg-color=\"\" data-bg-opacity=\"1\" data-animation=\"\" data-delay=\"0\" >\n\t\t<div class=\"vc_column-inner\" >\n\t\t\t<div class=\"wpb_wrapper\">\n\t\t\t\t<div class=\"img-with-aniamtion-wrap\" data-max-width=\"100%\" data-max-width-mobile=\"default\" data-shadow=\"none\" data-animation=\"none\" >\n      <div class=\"inner\">\n        <div class=\"hover-wrap\" data-hover-animation=\"zoom\"> \n          <div class=\"hover-wrap-inner\">\n            <a href=\"https:\/\/szallas.hu\/\" target=\"_self\" class=\"\">\n              <img decoding=\"async\" class=\"img-with-animation skip-lazy\" data-delay=\"0\" height=\"400\" width=\"400\" data-animation=\"none\" src=\"https:\/\/unicumhaz.hu\/wp-content\/uploads\/2025\/09\/szallas.jpg\" alt=\"\" srcset=\"https:\/\/unicumhaz.hu\/wp-content\/uploads\/2025\/09\/szallas.jpg 400w, https:\/\/unicumhaz.hu\/wp-content\/uploads\/2025\/09\/szallas-300x300.jpg 300w, https:\/\/unicumhaz.hu\/wp-content\/uploads\/2025\/09\/szallas-150x150.jpg 150w, https:\/\/unicumhaz.hu\/wp-content\/uploads\/2025\/09\/szallas-12x12.jpg 12w, https:\/\/unicumhaz.hu\/wp-content\/uploads\/2025\/09\/szallas-140x140.jpg 140w, https:\/\/unicumhaz.hu\/wp-content\/uploads\/2025\/09\/szallas-100x100.jpg 100w, https:\/\/unicumhaz.hu\/wp-content\/uploads\/2025\/09\/szallas-350x350.jpg 350w\" sizes=\"(max-width: 400px) 100vw, 400px\" \/>\n            <\/a>\n          <\/div>\n        <\/div>\n      <\/div>\n      <\/div>\n\t\t\t<\/div> \n\t\t<\/div>\n\t<\/div> \n<\/div><\/div>\n\t\t<div id=\"fws_69e4456c5c1fe\"  data-column-margin=\"default\" data-midnight=\"dark\"  class=\"wpb_row vc_row-fluid vc_row vc_row-o-equal-height vc_row-flex\"  style=\"padding-top: 0px; padding-bottom: 0px; \"><div class=\"row-bg-wrap\" data-bg-animation=\"none\" data-bg-animation-delay=\"\" data-bg-overlay=\"false\"><div class=\"inner-wrap row-bg-layer\" ><div class=\"row-bg viewport-desktop\"  style=\"\"><\/div><\/div><\/div><div class=\"row_col_wrap_12 col span_12 dark left\">\n\t<div  class=\"vc_col-sm-3 wpb_column column_container vc_column_container col no-extra-padding inherit_tablet inherit_phone\"  data-padding-pos=\"all\" data-has-bg-color=\"false\" data-bg-color=\"\" data-bg-opacity=\"1\" data-animation=\"\" data-delay=\"0\" >\n\t\t<div class=\"vc_column-inner\" style=\"transform:  translateY(-30px);\">\n\t\t\t<div class=\"wpb_wrapper\">\n\t\t\t\t\n\t\t\t<\/div> \n\t\t<\/div>\n\t<\/div> \n\n\t<div  class=\"vc_col-sm-3 wpb_column column_container vc_column_container col no-extra-padding inherit_tablet inherit_phone\"  data-padding-pos=\"all\" data-has-bg-color=\"false\" data-bg-color=\"\" data-bg-opacity=\"1\" data-animation=\"\" data-delay=\"0\" >\n\t\t<div class=\"vc_column-inner\" >\n\t\t\t<div class=\"wpb_wrapper\">\n\t\t\t\t\n\t\t\t<\/div> \n\t\t<\/div>\n\t<\/div> \n\n\t<div  class=\"vc_col-sm-3 wpb_column column_container vc_column_container col no-extra-padding inherit_tablet inherit_phone\"  data-padding-pos=\"all\" data-has-bg-color=\"false\" data-bg-color=\"\" data-bg-opacity=\"1\" data-animation=\"\" data-delay=\"0\" >\n\t\t<div class=\"vc_column-inner\" >\n\t\t\t<div class=\"wpb_wrapper\">\n\t\t\t\t\n\t\t\t<\/div> \n\t\t<\/div>\n\t<\/div> \n\n\t<div  class=\"vc_col-sm-3 wpb_column column_container vc_column_container col no-extra-padding inherit_tablet inherit_phone\"  data-padding-pos=\"all\" data-has-bg-color=\"false\" data-bg-color=\"\" data-bg-opacity=\"1\" data-animation=\"\" data-delay=\"0\" >\n\t\t<div class=\"vc_column-inner\" >\n\t\t\t<div class=\"wpb_wrapper\">\n\t\t\t\t\n\t\t\t<\/div> \n\t\t<\/div>\n\t<\/div> \n<\/div><\/div>\n\t\t<div id=\"fws_69e4456c5d9a2\"  data-column-margin=\"default\" data-midnight=\"dark\"  class=\"wpb_row vc_row-fluid vc_row\"  style=\"padding-top: 0px; padding-bottom: 0px; \"><div class=\"row-bg-wrap\" data-bg-animation=\"none\" data-bg-animation-delay=\"\" data-bg-overlay=\"false\"><div class=\"inner-wrap row-bg-layer\" ><div class=\"row-bg viewport-desktop\"  style=\"\"><\/div><\/div><\/div><div class=\"row_col_wrap_12 col span_12 dark left\">\n\t<div  class=\"vc_col-sm-3 wpb_column column_container vc_column_container col no-extra-padding inherit_tablet inherit_phone\"  data-padding-pos=\"all\" data-has-bg-color=\"false\" data-bg-color=\"\" data-bg-opacity=\"1\" data-animation=\"\" data-delay=\"0\" >\n\t\t<div class=\"vc_column-inner\" style=\"transform:  translateY(-70px);\">\n\t\t\t<div class=\"wpb_wrapper\">\n\t\t\t\t<div class=\"img-with-aniamtion-wrap\" data-max-width=\"100%\" data-max-width-mobile=\"default\" data-shadow=\"none\" data-animation=\"none\" >\n      <div class=\"inner\">\n        <div class=\"hover-wrap\" data-hover-animation=\"zoom\"> \n          <div class=\"hover-wrap-inner\">\n            <a href=\"https:\/\/hungarycard.hu\/\" target=\"_self\" class=\"\">\n              <img decoding=\"async\" class=\"img-with-animation skip-lazy\" data-delay=\"0\" height=\"400\" width=\"400\" data-animation=\"none\" src=\"https:\/\/unicumhaz.hu\/wp-content\/uploads\/2025\/09\/Hungary-Card.jpg\" alt=\"\" srcset=\"https:\/\/unicumhaz.hu\/wp-content\/uploads\/2025\/09\/Hungary-Card.jpg 400w, https:\/\/unicumhaz.hu\/wp-content\/uploads\/2025\/09\/Hungary-Card-300x300.jpg 300w, https:\/\/unicumhaz.hu\/wp-content\/uploads\/2025\/09\/Hungary-Card-150x150.jpg 150w, https:\/\/unicumhaz.hu\/wp-content\/uploads\/2025\/09\/Hungary-Card-12x12.jpg 12w, https:\/\/unicumhaz.hu\/wp-content\/uploads\/2025\/09\/Hungary-Card-140x140.jpg 140w, https:\/\/unicumhaz.hu\/wp-content\/uploads\/2025\/09\/Hungary-Card-100x100.jpg 100w, https:\/\/unicumhaz.hu\/wp-content\/uploads\/2025\/09\/Hungary-Card-350x350.jpg 350w\" sizes=\"(max-width: 400px) 100vw, 400px\" \/>\n            <\/a>\n          <\/div>\n        <\/div>\n      <\/div>\n      <\/div>\n\t\t\t<\/div> \n\t\t<\/div>\n\t<\/div> \n\n\t<div  class=\"vc_col-sm-3 wpb_column column_container vc_column_container col no-extra-padding inherit_tablet inherit_phone\"  data-padding-pos=\"all\" data-has-bg-color=\"false\" data-bg-color=\"\" data-bg-opacity=\"1\" data-animation=\"\" data-delay=\"0\" >\n\t\t<div class=\"vc_column-inner\" style=\"transform:  translateY(-70px);\">\n\t\t\t<div class=\"wpb_wrapper\">\n\t\t\t\t<div class=\"img-with-aniamtion-wrap\" data-max-width=\"100%\" data-max-width-mobile=\"default\" data-shadow=\"none\" data-animation=\"none\" >\n      <div class=\"inner\">\n        <div class=\"hover-wrap\" data-hover-animation=\"zoom\"> \n          <div class=\"hover-wrap-inner\">\n            <a href=\"https:\/\/guideme.hu\/\" target=\"_self\" class=\"\">\n              <img decoding=\"async\" class=\"img-with-animation skip-lazy\" data-delay=\"0\" height=\"400\" width=\"400\" data-animation=\"none\" src=\"https:\/\/unicumhaz.hu\/wp-content\/uploads\/2025\/09\/GuideMe.jpg\" alt=\"\" srcset=\"https:\/\/unicumhaz.hu\/wp-content\/uploads\/2025\/09\/GuideMe.jpg 400w, https:\/\/unicumhaz.hu\/wp-content\/uploads\/2025\/09\/GuideMe-300x300.jpg 300w, https:\/\/unicumhaz.hu\/wp-content\/uploads\/2025\/09\/GuideMe-150x150.jpg 150w, https:\/\/unicumhaz.hu\/wp-content\/uploads\/2025\/09\/GuideMe-12x12.jpg 12w, https:\/\/unicumhaz.hu\/wp-content\/uploads\/2025\/09\/GuideMe-140x140.jpg 140w, https:\/\/unicumhaz.hu\/wp-content\/uploads\/2025\/09\/GuideMe-100x100.jpg 100w, https:\/\/unicumhaz.hu\/wp-content\/uploads\/2025\/09\/GuideMe-350x350.jpg 350w\" sizes=\"(max-width: 400px) 100vw, 400px\" \/>\n            <\/a>\n          <\/div>\n        <\/div>\n      <\/div>\n      <\/div>\n\t\t\t<\/div> \n\t\t<\/div>\n\t<\/div> \n\n\t<div  class=\"vc_col-sm-3 wpb_column column_container vc_column_container col no-extra-padding inherit_tablet inherit_phone\"  data-padding-pos=\"all\" data-has-bg-color=\"false\" data-bg-color=\"\" data-bg-opacity=\"1\" data-animation=\"\" data-delay=\"0\" >\n\t\t<div class=\"vc_column-inner\" style=\"transform:  translateY(-70px);\">\n\t\t\t<div class=\"wpb_wrapper\">\n\t\t\t\t<div class=\"img-with-aniamtion-wrap\" data-max-width=\"100%\" data-max-width-mobile=\"default\" data-shadow=\"none\" data-animation=\"none\" >\n      <div class=\"inner\">\n        <div class=\"hover-wrap\" data-hover-animation=\"zoom\"> \n          <div class=\"hover-wrap-inner\">\n            <a href=\"https:\/\/www.vikingcruises.com\/\" target=\"_self\" class=\"\">\n              <img decoding=\"async\" class=\"img-with-animation skip-lazy\" data-delay=\"0\" height=\"400\" width=\"400\" data-animation=\"none\" src=\"https:\/\/unicumhaz.hu\/wp-content\/uploads\/2025\/09\/Viking-Crueses.jpg\" alt=\"\" srcset=\"https:\/\/unicumhaz.hu\/wp-content\/uploads\/2025\/09\/Viking-Crueses.jpg 400w, https:\/\/unicumhaz.hu\/wp-content\/uploads\/2025\/09\/Viking-Crueses-300x300.jpg 300w, https:\/\/unicumhaz.hu\/wp-content\/uploads\/2025\/09\/Viking-Crueses-150x150.jpg 150w, https:\/\/unicumhaz.hu\/wp-content\/uploads\/2025\/09\/Viking-Crueses-12x12.jpg 12w, https:\/\/unicumhaz.hu\/wp-content\/uploads\/2025\/09\/Viking-Crueses-140x140.jpg 140w, https:\/\/unicumhaz.hu\/wp-content\/uploads\/2025\/09\/Viking-Crueses-100x100.jpg 100w, https:\/\/unicumhaz.hu\/wp-content\/uploads\/2025\/09\/Viking-Crueses-350x350.jpg 350w\" sizes=\"(max-width: 400px) 100vw, 400px\" \/>\n            <\/a>\n          <\/div>\n        <\/div>\n      <\/div>\n      <\/div>\n\t\t\t<\/div> \n\t\t<\/div>\n\t<\/div> \n\n\t<div  class=\"vc_col-sm-3 wpb_column column_container vc_column_container col no-extra-padding inherit_tablet inherit_phone\"  data-padding-pos=\"all\" data-has-bg-color=\"false\" data-bg-color=\"\" data-bg-opacity=\"1\" data-animation=\"\" data-delay=\"0\" >\n\t\t<div class=\"vc_column-inner\" >\n\t\t\t<div class=\"wpb_wrapper\">\n\t\t\t\t\n\t\t\t<\/div> \n\t\t<\/div>\n\t<\/div> \n<\/div><\/div>","protected":false},"excerpt":{"rendered":"Egy\u00fcttm\u0171k\u00f6d\u0151 partnereink: \ud83c\udded\ud83c\uddfa Budapest k\u00e1rtya webshop \ud83c\uddec\ud83c\udde7\u00a0Budapest Card webshop","protected":false},"author":3,"featured_media":0,"parent":0,"menu_order":0,"comment_status":"closed","ping_status":"closed","template":"","meta":{"_monsterinsights_skip_tracking":false,"_monsterinsights_sitenote_active":false,"_monsterinsights_sitenote_note":"","_monsterinsights_sitenote_category":0,"footnotes":""},"class_list":["post-209195","page","type-page","status-publish"],"_links":{"self":[{"href":"https:\/\/unicumhaz.hu\/en\/wp-json\/wp\/v2\/pages\/209195","targetHints":{"allow":["GET"]}}],"collection":[{"href":"https:\/\/unicumhaz.hu\/en\/wp-json\/wp\/v2\/pages"}],"about":[{"href":"https:\/\/unicumhaz.hu\/en\/wp-json\/wp\/v2\/types\/page"}],"author":[{"embeddable":true,"href":"https:\/\/unicumhaz.hu\/en\/wp-json\/wp\/v2\/users\/3"}],"replies":[{"embeddable":true,"href":"https:\/\/unicumhaz.hu\/en\/wp-json\/wp\/v2\/comments?post=209195"}],"version-history":[{"count":28,"href":"https:\/\/unicumhaz.hu\/en\/wp-json\/wp\/v2\/pages\/209195\/revisions"}],"predecessor-version":[{"id":212936,"href":"https:\/\/unicumhaz.hu\/en\/wp-json\/wp\/v2\/pages\/209195\/revisions\/212936"}],"wp:attachment":[{"href":"https:\/\/unicumhaz.hu\/en\/wp-json\/wp\/v2\/media?parent=209195"}],"curies":[{"name":"wp","href":"https:\/\/api.w.org\/{rel}","templated":true}]}}