{"id":209404,"date":"2022-06-16T08:30:29","date_gmt":"2022-06-16T08:30:29","guid":{"rendered":"https:\/\/unicumhaz.hu\/?page_id=209404"},"modified":"2022-06-21T16:19:52","modified_gmt":"2022-06-21T16:19:52","slug":"verskviz","status":"publish","type":"page","link":"https:\/\/unicumhaz.hu\/en\/verskviz\/","title":{"rendered":"Verskv\u00edz"},"content":{"rendered":"<div id=\"fws_69f31e3442fe0\"  data-column-margin=\"default\" data-midnight=\"dark\"  class=\"wpb_row vc_row-fluid vc_row\"  style=\"padding-top: 0px; padding-bottom: 0px; \"><div class=\"row-bg-wrap\" data-bg-animation=\"none\" data-bg-animation-delay=\"\" data-bg-overlay=\"false\"><div class=\"inner-wrap row-bg-layer\" ><div class=\"row-bg viewport-desktop\"  style=\"\"><\/div><\/div><\/div><div class=\"row_col_wrap_12 col span_12 dark left\">\n\t<div  class=\"vc_col-sm-12 wpb_column column_container vc_column_container col no-extra-padding\"  data-padding-pos=\"all\" data-has-bg-color=\"false\" data-bg-color=\"\" data-bg-opacity=\"1\" data-animation=\"\" data-delay=\"0\" >\n\t\t<div class=\"vc_column-inner\" >\n\t\t\t<div class=\"wpb_wrapper\">\n\t\t\t\t\n<div class=\"wpb_text_column wpb_content_element\" >\n\t<div class=\"wpb_wrapper\">\n\t\t<script>\n                            if (window.qmn_quiz_data === undefined) {\n                                    window.qmn_quiz_data = new Object();\n                            }\n                    <\/script><script>window.qmn_quiz_data[\"11\"] = {\"quiz_id\":\"11\",\"quiz_name\":\"Vers Kv\\u00edz\",\"disable_answer\":\"0\",\"ajax_show_correct\":\"0\",\"progress_bar\":\"0\",\"contact_info_location\":\"0\",\"qpages\":{\"1\":{\"id\":\"1\",\"quizID\":\"11\",\"pagekey\":\"AfHl31Qb\",\"hide_prevbtn\":\"0\"}},\"skip_validation_time_expire\":\"1\",\"timer_limit_val\":0,\"disable_scroll_next_previous_click\":\"0\",\"disable_scroll_on_result\":0,\"disable_first_page\":\"0\",\"enable_result_after_timer_end\":\"0\",\"enable_quick_result_mc\":\"0\",\"end_quiz_if_wrong\":\"0\",\"form_disable_autofill\":\"0\",\"disable_mathjax\":0,\"enable_quick_correct_answer_info\":\"0\",\"quick_result_correct_answer_text\":\"Correct! You have selected correct answer.\",\"quick_result_wrong_answer_text\":\"Wrong! You have selected wrong answer.\",\"quiz_processing_message\":\"\",\"quiz_limit_choice\":\"Limit of choice is reached.\",\"not_allow_after_expired_time\":\"\",\"scheduled_time_end\":false,\"error_messages\":{\"email_error_text\":\"Not a valid e-mail address!\",\"number_error_text\":\"This field must be a number!\",\"incorrect_error_text\":\"The entered text is not correct!\",\"empty_error_text\":\"K\\u00e9rj\\u00fck, mindenhova \\u00edrj egy bet\\u0171t!\",\"url_error_text\":\"The entered URL is not valid!\",\"minlength_error_text\":\"Required atleast %minlength% characters.\",\"maxlength_error_text\":\"Maximum %maxlength% characters allowed.\",\"recaptcha_error_text\":\"ReCaptcha is missing\"},\"first_page\":false}\n                    <\/script><div class='qsm-quiz-container qsm-quiz-container-11 qmn_quiz_container mlw_qmn_quiz  quiz_theme_default'>\n\t\t\t\t\t\t\t\t<form name=\"quizForm11\" id=\"quizForm11\" action=\"\/en\/wp-json\/wp\/v2\/pages\/209404\" method=\"POST\" class=\"qsm-quiz-form qmn_quiz_form mlw_quiz_form\" novalidate enctype=\"multipart\/form-data\" data-trp-original-action=\"\/en\/wp-json\/wp\/v2\/pages\/209404\">\n\t\t\t\t<input type=\"hidden\" name=\"qsm_hidden_questions\" id=\"qsm_hidden_questions\" value=\"\">\n\t\t\t\t<input type=\"hidden\" name=\"qsm_nonce\" id=\"qsm_nonce_11\" value=\"ed68472e4f\">\n\t\t\t\t<input type=\"hidden\" name=\"qsm_unique_key\" id=\"qsm_unique_key_11\" value=\"69f31e3447dbe\">\n\t\t\t\t<div id=\"mlw_error_message\" class=\"qsm-error-message qmn_error_message_section\"><\/div>\n\t\t\t\t<span id=\"mlw_top_of_quiz\"><\/span>\n\t\t\t\t\t\t\t<section class=\"qsm-page\">\n\t\t\t\t\t\t\t\t<div class=\"quiz_section quiz_begin\">\n\t\t\t\t\t\t<div class='qsm-before-message mlw_qmn_message_before'>\n\t\t\t\t<h1 style=\"text-align: center\"><span style=\"color: #99cc00\">\u00dcdv\u00f6zl\u00fcnk a 2025-\u00f6s M\u00fazeumok \u00c9jszak\u00e1ja kv\u00edzj\u00e1t\u00e9kon!<\/span><\/h1>\n<p>&nbsp;<\/p>\n<h4 style=\"text-align: center\"><span style=\"color: #ffffff\">A m\u00fazeumunkban tal\u00e1lhat\u00f3 vitrinekben elrejtett\u00fcnk 7 db bet\u0171t. Az al\u00e1bbi versek seg\u00edts\u00e9g\u00e9vel keresd meg a vitrineket \u00e9s az abban elrejtett bet\u0171t \u00edrd az adott vers al\u00e1.<\/span><\/h4>\n<p>&nbsp;<\/p>\n<h4 style=\"text-align: center\"><span style=\"color: #ffffff\">Mutasd be a helyes v\u00e1laszokat a shopban dolgoz\u00f3 koll\u00e9g\u00e1knak \u00e9s vedd \u00e1t nyerem\u00e9nyedet!<\/span><\/h4>\n<p>&nbsp;<\/p>\n<h4 style=\"text-align: center\"><span style=\"color: #ffffff\">Sok sikert!<\/span><\/h4>\n\t\t\t\t\t\t<\/div>\n\t\t\t\t\t\t\t\t\t<\/div>\n\t\t\t\t\t\t\t\t\t<div class=\"quiz_section qsm-question-wrapper question-type-3 question-section-id-81\" data-qid=\"81\">\n\t\t\t\t\t\t<div class='mlw_qmn_new_question'><label class=\"qsm-question-title-label\" for=\"question81\">1.vers <\/label><\/div>\n\t\t\t<div class='mlw_qmn_question  qsm_remove_bold' >\n\t\t<p><h4 style=\"text-align: center\">Bel\u00e9m \u00edrtak mindent mi fontos,<\/h4> <h4 style=\"text-align: center\">Kin\u00e9zetem m\u00e1r el\u00e9g rongyos.<\/h4> <h4 style=\"text-align: center\">\u00dczemanyag ebben nem benzink\u00e9nt szerepel<\/h4> <h4 style=\"text-align: center\">A zab az, amit keresel.<\/h4><\/p>\n\t<\/div>\n\t\t<input  type=\"text\" class=\"mlw_answer_open_text mlwRequiredText\" id=\"question81\" name=\"question81\"   placeholder=\"\" \/>\n\t\t\t\t\t\t<\/div>\n\t\t\t\t\t\t\t\t\t<div class=\"quiz_section qsm-question-wrapper question-type-3 question-section-id-79\" data-qid=\"79\">\n\t\t\t\t\t\t<div class='mlw_qmn_new_question'><label class=\"qsm-question-title-label\" for=\"question79\">2.vers <\/label><\/div>\n\t\t\t<div class='mlw_qmn_question  qsm_remove_bold' >\n\t\t<p><h4 style=\"text-align: center\"><strong>Egyik fele ilyen, m\u00e1sik fele olyan,<\/strong><\/h4> <h4 style=\"text-align: center\"><strong>Egy dupla \u00edz-folyam.<\/strong><\/h4> <h4 style=\"text-align: center\"><strong>egyedi az \u00fcveg, nincsen ma m\u00e1r ilyen,<\/strong><\/h4> <h4 style=\"text-align: center\"><strong>Az \u00fcvegben k\u00e9tfajta alkohol pihen.<\/strong><\/h4><\/p>\n\t<\/div>\n\t\t<input  type=\"text\" class=\"mlw_answer_open_text\" id=\"question79\" name=\"question79\"   placeholder=\"\" \/>\n\t\t\t\t\t\t<\/div>\n\t\t\t\t\t\t\t\t\t<div class=\"quiz_section qsm-question-wrapper question-type-3 question-section-id-82\" data-qid=\"82\">\n\t\t\t\t\t\t<div class='mlw_qmn_new_question'><label class=\"qsm-question-title-label\" for=\"question82\">3.vers <\/label><\/div>\n\t\t\t<div class='mlw_qmn_question  qsm_remove_bold' >\n\t\t<p><h4 style=\"text-align: center\"><strong>S\u00f6t\u00e9ts\u00e9gben j\u00f3l j\u00f6n a f\u00e9ny<\/strong><\/h4> <h4 style=\"text-align: center\"><strong>Amire gondolok, az nem a napf\u00e9ny.<\/strong><\/h4> <h4 style=\"text-align: center\"><strong>A keresett sz\u00f3 jelent\u00e9se dics\u0151s\u00e9g,<\/strong><\/h4> <h4 style=\"text-align: center\"><strong>A helyedben a s\u00e1rga t\u00e1bla el\u0151tt id\u0151zn\u00e9k!<\/strong><\/h4><\/p>\n\t<\/div>\n\t\t<input  type=\"text\" class=\"mlw_answer_open_text mlwRequiredText\" id=\"question82\" name=\"question82\"   placeholder=\"\" \/>\n\t\t\t\t\t\t<\/div>\n\t\t\t\t\t\t\t\t\t<div class=\"quiz_section qsm-question-wrapper question-type-3 question-section-id-78\" data-qid=\"78\">\n\t\t\t\t\t\t<div class='mlw_qmn_new_question'><label class=\"qsm-question-title-label\" for=\"question78\">4.vers <\/label><\/div>\n\t\t\t<div class='mlw_qmn_question  qsm_remove_bold' >\n\t\t<p><h4 style=\"text-align: center\"><strong>A labd\u00e1t dobhatod k\u00e9zzel vagy el is \u00fctheted,<\/strong><\/h4> <h4 style=\"text-align: center\"><strong>majd int\u00e9zheted az \u00fczleted.<\/strong><\/h4> <h4 style=\"text-align: center\"><strong>Zwack P\u00e9ternek is volt ilyen,<\/strong><\/h4> <h4 style=\"text-align: center\"><strong>Versenyzett is vele, igen!<\/strong><\/h4><\/p>\n\t<\/div>\n\t\t<input  type=\"text\" class=\"mlw_answer_open_text mlwRequiredText\" id=\"question78\" name=\"question78\"   placeholder=\"\" \/>\n\t\t\t\t\t\t<\/div>\n\t\t\t\t\t\t\t\t\t<div class=\"quiz_section qsm-question-wrapper question-type-3 question-section-id-76\" data-qid=\"76\">\n\t\t\t\t\t\t<div class='mlw_qmn_new_question'><label class=\"qsm-question-title-label\" for=\"question76\">5.vers <\/label><\/div>\n\t\t\t<div class='mlw_qmn_question  qsm_remove_bold' >\n\t\t<p><h4 style=\"text-align: center\"><strong>Sok a v\u00e1laszt\u00e9k, ha Unicumot inna az ember<\/strong><\/h4> <h4 style=\"text-align: center\"><strong>De ilyet nem l\u00e1tsz m\u00e1r mai szemmel.<\/strong><\/h4> <h4 style=\"text-align: center\"><strong>Az Unicum ny\u00e1ri v\u00e1ltozat\u00e1nak nevezt\u00e9k<\/strong><\/h4> <h4 style=\"text-align: center\"><strong>Az olaszok igaz\u00e1n szerett\u00e9k!<\/strong><\/h4><\/p>\n\t<\/div>\n\t\t<input  type=\"text\" class=\"mlw_answer_open_text mlwRequiredText\" id=\"question76\" name=\"question76\"   placeholder=\"\" \/>\n\t\t\t\t\t\t<\/div>\n\t\t\t\t\t\t\t\t\t<div class=\"quiz_section qsm-question-wrapper question-type-3 question-section-id-80\" data-qid=\"80\">\n\t\t\t\t\t\t<div class='mlw_qmn_new_question'><label class=\"qsm-question-title-label\" for=\"question80\">6.vers <\/label><\/div>\n\t\t\t<div class='mlw_qmn_question  qsm_remove_bold' >\n\t\t<p><h4 style=\"text-align: center\"><strong>Reggel \u00e9rzed az illat\u00e1t,<\/strong><\/h4> <h4 style=\"text-align: center\"><strong>Ett\u0151l nem alszod \u00e1t az \u00e9jszak\u00e1t<\/strong><\/h4> <h4 style=\"text-align: center\"><strong>Unicumos verzi\u00f3 ebb\u0151l nagyon finom,<\/strong><\/h4> <h4 style=\"text-align: center\"><strong>ezt ak\u00e1r tejjel is ihatom.<\/strong><\/h4><\/p>\n\t<\/div>\n\t\t<input  type=\"text\" class=\"mlw_answer_open_text mlwRequiredText\" id=\"question80\" name=\"question80\"   placeholder=\"\" \/>\n\t\t\t\t\t\t<\/div>\n\t\t\t\t\t\t\t\t\t<div class=\"quiz_section qsm-question-wrapper question-type-3 question-section-id-77\" data-qid=\"77\">\n\t\t\t\t\t\t<div class='mlw_qmn_new_question'><label class=\"qsm-question-title-label\" for=\"question77\">7.vers <\/label><\/div>\n\t\t\t<div class='mlw_qmn_question  qsm_remove_bold' >\n\t\t<p><h4 style=\"text-align: center\"><strong>T\u00e9len j\u00f6n, zs\u00e1kkal a h\u00e1t\u00e1n,<\/strong><\/h4> <h4 style=\"text-align: center\"><strong>Gyerekeknek var\u00e1zslatos l\u00e1tv\u00e1ny.<\/strong><\/h4> <h4 style=\"text-align: center\"><strong>Van bel\u0151le n\u00e1lunk is, de el\u00e9g kicsi az \u00f6reg,<\/strong><\/h4> <h4 style=\"text-align: center\"><strong>Az emeleten tal\u00e1lhatod \u0151t meg!<\/strong><\/h4><\/p>\n\t<\/div>\n\t\t<input  type=\"text\" class=\"mlw_answer_open_text mlwRequiredText\" id=\"question77\" name=\"question77\"   placeholder=\"\" \/>\n\t\t\t\t\t\t<\/div>\n\t\t\t\t\t\t\t<\/section>\n\t\t\t\t\t<input type=\"hidden\" name=\"qmn_question_list\" value=\"81Q79Q82Q78Q76Q80Q77Q\" \/>\n\t\t\t\t\t\t\t<div id=\"mlw_error_message_bottom\" class=\"qsm-error-message qmn_error_message_section\"><\/div>\n\t\t\t\t\t<input type=\"hidden\" name=\"qmn_all_questions_count\" id=\"qmn_all_questions_count\" value=\"7\" \/>\n\t\t\t\t\t<input type=\"hidden\" name=\"total_questions\" id=\"total_questions\" value=\"7\" \/>\n\t\t\t\t\t<input type=\"hidden\" name=\"timer\" id=\"timer\" value=\"0\" \/>\n\t\t\t\t\t<input type=\"hidden\" name=\"timer_ms\" id=\"timer_ms\" value=\"0\"\/>\n\t\t\t\t\t<input type=\"hidden\" class=\"qmn_quiz_id\" name=\"qmn_quiz_id\" id=\"qmn_quiz_id\" value=\"11\" \/>\n\t\t\t\t\t<input type='hidden' name='complete_quiz' value='confirmation' \/>\n\t\t\t\t\t\t\t\t\t<input type=\"hidden\" name=\"trp-form-language\" value=\"en\"\/><\/form>\n\t\t<\/div>\n\t\t<div style=\"display: none;\" class=\"qsm-popup qsm-popup-slide\" id=\"modal-4\" aria-hidden=\"false\"><div class=\"qsm-popup__overlay\" tabindex=\"-1\" data-micromodal-close=\"\"><div class=\"qsm-popup__container qmn_quiz_container\" role=\"dialog\" aria-modal=\"true\"><div class=\"qsm-popup__content\"><img decoding=\"async\" data-src=\"https:\/\/unicumhaz.hu\/wp-content\/plugins\/quiz-master-next\/assets\/clock.png\" alt=\"clock.png\" src=\"data:image\/gif;base64,R0lGODlhAQABAAAAACH5BAEKAAEALAAAAAABAAEAAAICTAEAOw==\" class=\"lazyload\" \/><p class=\"qsm-time-up-text\"> Time's up<\/p><\/div><footer class=\"qsm-popup__footer\"><button class=\"qsm-popup-secondary-button qmn_btn\" data-micromodal-close=\"\" aria-label=\"Close this dialog window\" onclick=\"location.reload();\">Cancel<\/button><\/footer><\/div><\/div><\/div>\n\t<\/div>\n<\/div>\n\n\n\n\n\t\t\t<\/div> \n\t\t<\/div>\n\t<\/div> \n<\/div><\/div>","protected":false},"excerpt":{"rendered":"\u00dcdv\u00f6zl\u00fcnk a 2025-\u00f6s M\u00fazeumok \u00c9jszak\u00e1ja kv\u00edzj\u00e1t\u00e9kon! &nbsp; A m\u00fazeumunkban tal\u00e1lhat\u00f3 vitrinekben elrejtett\u00fcnk 7 db bet\u0171t....","protected":false},"author":3,"featured_media":0,"parent":0,"menu_order":0,"comment_status":"closed","ping_status":"closed","template":"","meta":{"_monsterinsights_skip_tracking":false,"_monsterinsights_sitenote_active":false,"_monsterinsights_sitenote_note":"","_monsterinsights_sitenote_category":0,"footnotes":""},"class_list":["post-209404","page","type-page","status-publish"],"_links":{"self":[{"href":"https:\/\/unicumhaz.hu\/en\/wp-json\/wp\/v2\/pages\/209404","targetHints":{"allow":["GET"]}}],"collection":[{"href":"https:\/\/unicumhaz.hu\/en\/wp-json\/wp\/v2\/pages"}],"about":[{"href":"https:\/\/unicumhaz.hu\/en\/wp-json\/wp\/v2\/types\/page"}],"author":[{"embeddable":true,"href":"https:\/\/unicumhaz.hu\/en\/wp-json\/wp\/v2\/users\/3"}],"replies":[{"embeddable":true,"href":"https:\/\/unicumhaz.hu\/en\/wp-json\/wp\/v2\/comments?post=209404"}],"version-history":[{"count":5,"href":"https:\/\/unicumhaz.hu\/en\/wp-json\/wp\/v2\/pages\/209404\/revisions"}],"predecessor-version":[{"id":209422,"href":"https:\/\/unicumhaz.hu\/en\/wp-json\/wp\/v2\/pages\/209404\/revisions\/209422"}],"wp:attachment":[{"href":"https:\/\/unicumhaz.hu\/en\/wp-json\/wp\/v2\/media?parent=209404"}],"curies":[{"name":"wp","href":"https:\/\/api.w.org\/{rel}","templated":true}]}}