{"id":209454,"date":"2022-07-21T08:32:10","date_gmt":"2022-07-21T08:32:10","guid":{"rendered":"https:\/\/unicumhaz.hu\/?page_id=209454"},"modified":"2022-08-30T11:11:13","modified_gmt":"2022-08-30T11:11:13","slug":"rose","status":"publish","type":"page","link":"https:\/\/unicumhaz.hu\/en\/rose\/","title":{"rendered":"rose"},"content":{"rendered":"<div id=\"fws_69d6ddcd50330\"  data-column-margin=\"default\" data-midnight=\"dark\"  class=\"wpb_row vc_row-fluid vc_row\"  style=\"padding-top: 0px; padding-bottom: 0px; \"><div class=\"row-bg-wrap\" data-bg-animation=\"none\" data-bg-animation-delay=\"\" data-bg-overlay=\"false\"><div class=\"inner-wrap row-bg-layer\" ><div class=\"row-bg viewport-desktop\"  style=\"\"><\/div><\/div><\/div><div class=\"row_col_wrap_12 col span_12 dark left\">\n\t<div  class=\"vc_col-sm-12 wpb_column column_container vc_column_container col no-extra-padding\"  data-padding-pos=\"all\" data-has-bg-color=\"false\" data-bg-color=\"\" data-bg-opacity=\"1\" data-animation=\"\" data-delay=\"0\" >\n\t\t<div class=\"vc_column-inner\" >\n\t\t\t<div class=\"wpb_wrapper\">\n\t\t\t\t<div class=\"img-with-aniamtion-wrap center\" data-max-width=\"100%\" data-max-width-mobile=\"100%\" data-shadow=\"none\" data-animation=\"fade-in\" >\n      <div class=\"inner\">\n        <div class=\"hover-wrap\"> \n          <div class=\"hover-wrap-inner\">\n            <img decoding=\"async\" class=\"img-with-animation skip-lazy\" data-delay=\"0\" height=\"500\" width=\"500\" data-animation=\"fade-in\" src=\"https:\/\/unicumhaz.hu\/wp-content\/uploads\/2022\/07\/rozsa.jpg\" alt=\"\" srcset=\"https:\/\/unicumhaz.hu\/wp-content\/uploads\/2022\/07\/rozsa.jpg 500w, https:\/\/unicumhaz.hu\/wp-content\/uploads\/2022\/07\/rozsa-300x300.jpg 300w, https:\/\/unicumhaz.hu\/wp-content\/uploads\/2022\/07\/rozsa-150x150.jpg 150w, https:\/\/unicumhaz.hu\/wp-content\/uploads\/2022\/07\/rozsa-100x100.jpg 100w, https:\/\/unicumhaz.hu\/wp-content\/uploads\/2022\/07\/rozsa-140x140.jpg 140w, https:\/\/unicumhaz.hu\/wp-content\/uploads\/2022\/07\/rozsa-350x350.jpg 350w\" sizes=\"(max-width: 500px) 100vw, 500px\" \/>\n          <\/div>\n        <\/div>\n      <\/div>\n    <\/div>\n<div class=\"wpb_text_column wpb_content_element\" >\n\t<div class=\"wpb_wrapper\">\n\t\t<h3 style=\"text-align: center;\"><strong>R\u00f3zsa<\/strong><\/h3>\n<p style=\"text-align: center;\"><strong>Sz\u00e1rmaz\u00e1s:<\/strong> Kb. 200 r\u00f3zsafajt tart sz\u00e1mon a tudom\u00e1ny, ezeknek a t\u00f6bbs\u00e9ge az \u00e9szaki f\u00e9lg\u00f6mbre, f\u0151leg a\u00a0m\u00e9rs\u00e9kelt \u00e9g\u00f6vre\u00a0jellemz\u0151 n\u00f6v\u00e9ny, n\u00e9h\u00e1ny faj\u00a0Mexik\u00f3ban, a\u00a0F\u00fcl\u00f6p-szigeteken\u00a0\u00e9s\u00a0Eti\u00f3pi\u00e1ban\u00a0honos.<\/p>\n<p style=\"text-align: center;\"><strong>Felhaszn\u00e1l\u00e1sa:<\/strong> M\u00e1r a r\u00f3maiak is sz\u00e1mos gy\u00f3gyszert \u00e9s \u00e9dess\u00e9get k\u00e9sz\u00edtettek a r\u00f3zs\u00e1kb\u00f3l, \u00e9s haszn\u00e1lt\u00e1k ill\u00f3olaj\u00e1t is. A k\u00f6z\u00e9pkorban a t\u00f6r\u00f6k udvarban val\u00f3s\u00e1gos kultusza alakult ki: gy\u0171jt\u00f6tt\u00e9k, nemes\u00edtett\u00e9k \u00e9s fogyasztott\u00e1k. A megfelel\u0151 fajt\u00e1j\u00fa r\u00f3zs\u00e1kb\u00f3l r\u00f3zsaolajat, r\u00f3zsavizet, zsel\u00e9t, s\u00f6rbetet \u00e9s dulcs\u00e1sz\u00e1t (m\u00e9zes \u00e9dess\u00e9get) k\u00e9sz\u00edtettek.<\/p>\n<div id=\"fws_630debc87960c\" class=\"wpb_row vc_row-fluid vc_row standard_section\" data-midnight=\"dark\" data-bg-mobile-hidden=\"\">\n<div class=\"col span_12 dark left\">\n<div class=\"vc_col-sm-12 wpb_column column_container vc_column_container col no-extra-padding instance-6\" data-t-w-inherits=\"default\" data-border-radius=\"none\" data-shadow=\"none\" data-border-animation=\"\" data-border-animation-delay=\"\" data-border-width=\"none\" data-border-style=\"solid\" data-border-color=\"\" data-bg-cover=\"\" data-padding-pos=\"all\" data-has-bg-color=\"false\" data-bg-color=\"\" data-bg-opacity=\"1\" data-hover-bg=\"\" data-hover-bg-opacity=\"1\" data-animation=\"\" data-delay=\"0\">\n<div class=\"vc_column-inner\">\n<div class=\"wpb_wrapper\">\n<div class=\"wpb_text_column wpb_content_element\">\n<div class=\"wpb_wrapper\">\n<h3 style=\"text-align: center;\"><strong>Rose<\/strong><\/h3>\n<p style=\"text-align: center;\"><strong>Origin:<\/strong>\u00a0Science counts about 200 species of roses, most of them are plants characteristic of the northern hemisphere, mainly temperate climates, some species are native to Mexico, the Philippines and Ethiopia.<\/p>\n<p style=\"text-align: center;\"><strong>Uses:<\/strong> Even the Romans made many medicines and sweets from roses and used their essential oil. In the Middle Ages, a real cult developed in the Turkish court: it was collected, ennobled and consumed. Rose oil, rose water, jelly, sherbet and dulcs\u00e1s (sweets with honey) were made from roses of the right kind.<\/p>\n<\/div>\n<\/div>\n<\/div>\n<\/div>\n<\/div>\n<\/div>\n<\/div>\n\t<\/div>\n<\/div>\n\n\n\n\n\t\t\t<\/div> \n\t\t<\/div>\n\t<\/div> \n<\/div><\/div>\n\t\t<div id=\"fws_69d6ddcd52232\"  data-column-margin=\"default\" data-midnight=\"dark\"  class=\"wpb_row vc_row-fluid vc_row\"  style=\"padding-top: 0px; padding-bottom: 0px; \"><div class=\"row-bg-wrap\" data-bg-animation=\"none\" data-bg-animation-delay=\"\" data-bg-overlay=\"false\"><div class=\"inner-wrap row-bg-layer\" ><div class=\"row-bg viewport-desktop\"  style=\"\"><\/div><\/div><\/div><div class=\"row_col_wrap_12 col span_12 dark left\">\n\t<div  class=\"vc_col-sm-12 wpb_column column_container vc_column_container col no-extra-padding\"  data-padding-pos=\"all\" data-has-bg-color=\"false\" data-bg-color=\"\" data-bg-opacity=\"1\" data-animation=\"\" data-delay=\"0\" >\n\t\t<div class=\"vc_column-inner\" >\n\t\t\t<div class=\"wpb_wrapper\">\n\t\t\t\t<div class=\"divider-wrap\" data-alignment=\"default\"><div style=\"margin-top: 12.5px; height: 5px; margin-bottom: 12.5px;\" data-width=\"100%\" data-animate=\"\" data-animation-delay=\"\" data-color=\"accent-color\" class=\"divider-border\"><\/div><\/div>\n\t\t\t<\/div> \n\t\t<\/div>\n\t<\/div> \n<\/div><\/div>\n\t\t<div id=\"fws_69d6ddcd5336c\"  data-column-margin=\"default\" data-midnight=\"dark\"  class=\"wpb_row vc_row-fluid vc_row\"  style=\"padding-top: 0px; padding-bottom: 0px; \"><div class=\"row-bg-wrap\" data-bg-animation=\"none\" data-bg-animation-delay=\"\" data-bg-overlay=\"false\"><div class=\"inner-wrap row-bg-layer\" ><div class=\"row-bg viewport-desktop\"  style=\"\"><\/div><\/div><\/div><div class=\"row_col_wrap_12 col span_12 dark left\">\n\t<div  class=\"vc_col-sm-12 wpb_column column_container vc_column_container col no-extra-padding\"  data-padding-pos=\"all\" data-has-bg-color=\"false\" data-bg-color=\"\" data-bg-opacity=\"1\" data-animation=\"\" data-delay=\"0\" >\n\t\t<div class=\"vc_column-inner\" >\n\t\t\t<div class=\"wpb_wrapper\">\n\t\t\t\t\n<div class=\"wpb_text_column wpb_content_element\" >\n\t<div class=\"wpb_wrapper\">\n\t\t<h5><em>forr\u00e1s: https:\/\/hu.wikipedia.org\/wiki\/Wikip%C3%A9dia<\/em><\/h5>\n<h5><em>https:\/\/www.thehealthsite.com\/ayurveda\/herbs\/mustard-seeds-health-benefits-uses-side-effects-and-more-855815\/<\/em><\/h5>\n<h5><em>https:\/\/koronakert.hu\/termek\/amerikai-vasfa-100cm-gymnocladus-dioicus\/?v=7a6ab3827192<\/em><\/h5>\n<h5><em>https:\/\/narancsinfo.hu\/narancs\/<\/em><\/h5>\n<h5><em>https:\/\/kertlap.hu\/angelika\/<\/em><\/h5>\n<h5><em>https:\/\/hu.techexpertolux.com\/cvety\/iris-borodatyj.html<\/em><\/h5>\n\t<\/div>\n<\/div>\n\n\n\n\n\t\t\t<\/div> \n\t\t<\/div>\n\t<\/div> \n<\/div><\/div>","protected":false},"excerpt":{"rendered":"R\u00f3zsa Sz\u00e1rmaz\u00e1s: Kb. 200 r\u00f3zsafajt tart sz\u00e1mon a tudom\u00e1ny, ezeknek a t\u00f6bbs\u00e9ge az \u00e9szaki f\u00e9lg\u00f6mbre,...","protected":false},"author":3,"featured_media":0,"parent":0,"menu_order":0,"comment_status":"closed","ping_status":"closed","template":"","meta":{"_monsterinsights_skip_tracking":false,"_monsterinsights_sitenote_active":false,"_monsterinsights_sitenote_note":"","_monsterinsights_sitenote_category":0,"footnotes":""},"class_list":["post-209454","page","type-page","status-publish"],"_links":{"self":[{"href":"https:\/\/unicumhaz.hu\/en\/wp-json\/wp\/v2\/pages\/209454","targetHints":{"allow":["GET"]}}],"collection":[{"href":"https:\/\/unicumhaz.hu\/en\/wp-json\/wp\/v2\/pages"}],"about":[{"href":"https:\/\/unicumhaz.hu\/en\/wp-json\/wp\/v2\/types\/page"}],"author":[{"embeddable":true,"href":"https:\/\/unicumhaz.hu\/en\/wp-json\/wp\/v2\/users\/3"}],"replies":[{"embeddable":true,"href":"https:\/\/unicumhaz.hu\/en\/wp-json\/wp\/v2\/comments?post=209454"}],"version-history":[{"count":20,"href":"https:\/\/unicumhaz.hu\/en\/wp-json\/wp\/v2\/pages\/209454\/revisions"}],"predecessor-version":[{"id":209528,"href":"https:\/\/unicumhaz.hu\/en\/wp-json\/wp\/v2\/pages\/209454\/revisions\/209528"}],"wp:attachment":[{"href":"https:\/\/unicumhaz.hu\/en\/wp-json\/wp\/v2\/media?parent=209454"}],"curies":[{"name":"wp","href":"https:\/\/api.w.org\/{rel}","templated":true}]}}