{"id":209482,"date":"2022-07-21T13:28:35","date_gmt":"2022-07-21T13:28:35","guid":{"rendered":"https:\/\/unicumhaz.hu\/?page_id=209482"},"modified":"2022-07-24T15:09:46","modified_gmt":"2022-07-24T15:09:46","slug":"nyelvekleparlogyogy","status":"publish","type":"page","link":"https:\/\/unicumhaz.hu\/en\/nyelvekleparlogyogy\/","title":{"rendered":"Nyelveklep\u00e1rl\u00f3gy\u00f3gy"},"content":{"rendered":"<div id=\"fws_69f62e0b13766\"  data-column-margin=\"default\" data-midnight=\"dark\"  class=\"wpb_row vc_row-fluid vc_row\"  style=\"padding-top: 0px; padding-bottom: 0px; \"><div class=\"row-bg-wrap\" data-bg-animation=\"none\" data-bg-animation-delay=\"\" data-bg-overlay=\"false\"><div class=\"inner-wrap row-bg-layer\" ><div class=\"row-bg viewport-desktop\"  style=\"\"><\/div><\/div><\/div><div class=\"row_col_wrap_12 col span_12 dark left\">\n\t<div  class=\"vc_col-sm-6 wpb_column column_container vc_column_container col no-extra-padding\"  data-padding-pos=\"all\" data-has-bg-color=\"false\" data-bg-color=\"\" data-bg-opacity=\"1\" data-animation=\"\" data-delay=\"0\" >\n\t\t<div class=\"vc_column-inner\" >\n\t\t\t<div class=\"wpb_wrapper\">\n\t\t\t\t<div class=\"img-with-aniamtion-wrap\" data-max-width=\"100%\" data-max-width-mobile=\"100%\" data-shadow=\"none\" data-animation=\"fade-in\" >\n      <div class=\"inner\">\n        <div class=\"hover-wrap\"> \n          <div class=\"hover-wrap-inner\">\n            <a href=\"https:\/\/unicumhaz.hu\/en\/gyogynovenyek\/\" target=\"_self\" class=\"\">\n              <img decoding=\"async\" class=\"img-with-animation skip-lazy\" data-delay=\"0\" height=\"300\" width=\"400\" data-animation=\"fade-in\" src=\"https:\/\/unicumhaz.hu\/wp-content\/uploads\/2022\/07\/hungary_flag.jpg\" alt=\"\" srcset=\"https:\/\/unicumhaz.hu\/wp-content\/uploads\/2022\/07\/hungary_flag.jpg 400w, https:\/\/unicumhaz.hu\/wp-content\/uploads\/2022\/07\/hungary_flag-300x225.jpg 300w\" sizes=\"(max-width: 400px) 100vw, 400px\" \/>\n            <\/a>\n          <\/div>\n        <\/div>\n      <\/div>\n      <\/div>\n\t\t\t<\/div> \n\t\t<\/div>\n\t<\/div> \n\n\t<div  class=\"vc_col-sm-6 wpb_column column_container vc_column_container col no-extra-padding\"  data-padding-pos=\"all\" data-has-bg-color=\"false\" data-bg-color=\"\" data-bg-opacity=\"1\" data-animation=\"\" data-delay=\"0\" >\n\t\t<div class=\"vc_column-inner\" >\n\t\t\t<div class=\"wpb_wrapper\">\n\t\t\t\t<div class=\"img-with-aniamtion-wrap\" data-max-width=\"100%\" data-max-width-mobile=\"100%\" data-shadow=\"none\" data-animation=\"fade-in\" >\n      <div class=\"inner\">\n        <div class=\"hover-wrap\"> \n          <div class=\"hover-wrap-inner\">\n            <a href=\"https:\/\/unicumhaz.hu\/en\/gyogynovenyek_eng\/\" target=\"_self\" class=\"\">\n              <img decoding=\"async\" class=\"img-with-animation skip-lazy\" data-delay=\"0\" height=\"300\" width=\"400\" data-animation=\"fade-in\" src=\"https:\/\/unicumhaz.hu\/wp-content\/uploads\/2022\/07\/engflag.jpg\" alt=\"\" srcset=\"https:\/\/unicumhaz.hu\/wp-content\/uploads\/2022\/07\/engflag.jpg 400w, https:\/\/unicumhaz.hu\/wp-content\/uploads\/2022\/07\/engflag-300x225.jpg 300w\" sizes=\"(max-width: 400px) 100vw, 400px\" \/>\n            <\/a>\n          <\/div>\n        <\/div>\n      <\/div>\n      <\/div>\n\t\t\t<\/div> \n\t\t<\/div>\n\t<\/div> \n<\/div><\/div>","protected":false},"excerpt":{"rendered":"","protected":false},"author":3,"featured_media":0,"parent":0,"menu_order":0,"comment_status":"closed","ping_status":"closed","template":"","meta":{"_monsterinsights_skip_tracking":false,"_monsterinsights_sitenote_active":false,"_monsterinsights_sitenote_note":"","_monsterinsights_sitenote_category":0,"footnotes":""},"class_list":["post-209482","page","type-page","status-publish"],"_links":{"self":[{"href":"https:\/\/unicumhaz.hu\/en\/wp-json\/wp\/v2\/pages\/209482","targetHints":{"allow":["GET"]}}],"collection":[{"href":"https:\/\/unicumhaz.hu\/en\/wp-json\/wp\/v2\/pages"}],"about":[{"href":"https:\/\/unicumhaz.hu\/en\/wp-json\/wp\/v2\/types\/page"}],"author":[{"embeddable":true,"href":"https:\/\/unicumhaz.hu\/en\/wp-json\/wp\/v2\/users\/3"}],"replies":[{"embeddable":true,"href":"https:\/\/unicumhaz.hu\/en\/wp-json\/wp\/v2\/comments?post=209482"}],"version-history":[{"count":4,"href":"https:\/\/unicumhaz.hu\/en\/wp-json\/wp\/v2\/pages\/209482\/revisions"}],"predecessor-version":[{"id":209497,"href":"https:\/\/unicumhaz.hu\/en\/wp-json\/wp\/v2\/pages\/209482\/revisions\/209497"}],"wp:attachment":[{"href":"https:\/\/unicumhaz.hu\/en\/wp-json\/wp\/v2\/media?parent=209482"}],"curies":[{"name":"wp","href":"https:\/\/api.w.org\/{rel}","templated":true}]}}