{"id":209503,"date":"2022-08-02T09:01:42","date_gmt":"2022-08-02T09:01:42","guid":{"rendered":"https:\/\/unicumhaz.hu\/oktato-regisztracio\/"},"modified":"2022-08-02T09:01:42","modified_gmt":"2022-08-02T09:01:42","slug":"oktato-regisztracio","status":"publish","type":"page","link":"https:\/\/unicumhaz.hu\/en\/oktato-regisztracio\/","title":{"rendered":"Oktat\u00f3 regisztr\u00e1ci\u00f3"},"content":{"rendered":"[tutor_instructor_registration_form]","protected":false},"excerpt":{"rendered":"<p>[tutor_instructor_registration_form]<\/p>","protected":false},"author":3,"featured_media":0,"parent":0,"menu_order":0,"comment_status":"closed","ping_status":"closed","template":"","meta":{"_monsterinsights_skip_tracking":false,"_monsterinsights_sitenote_active":false,"_monsterinsights_sitenote_note":"","_monsterinsights_sitenote_category":0,"footnotes":""},"class_list":["post-209503","page","type-page","status-publish"],"_links":{"self":[{"href":"https:\/\/unicumhaz.hu\/en\/wp-json\/wp\/v2\/pages\/209503","targetHints":{"allow":["GET"]}}],"collection":[{"href":"https:\/\/unicumhaz.hu\/en\/wp-json\/wp\/v2\/pages"}],"about":[{"href":"https:\/\/unicumhaz.hu\/en\/wp-json\/wp\/v2\/types\/page"}],"author":[{"embeddable":true,"href":"https:\/\/unicumhaz.hu\/en\/wp-json\/wp\/v2\/users\/3"}],"replies":[{"embeddable":true,"href":"https:\/\/unicumhaz.hu\/en\/wp-json\/wp\/v2\/comments?post=209503"}],"version-history":[{"count":0,"href":"https:\/\/unicumhaz.hu\/en\/wp-json\/wp\/v2\/pages\/209503\/revisions"}],"wp:attachment":[{"href":"https:\/\/unicumhaz.hu\/en\/wp-json\/wp\/v2\/media?parent=209503"}],"curies":[{"name":"wp","href":"https:\/\/api.w.org\/{rel}","templated":true}]}}