{"id":209524,"date":"2022-08-30T11:07:32","date_gmt":"2022-08-30T11:07:32","guid":{"rendered":"https:\/\/unicumhaz.hu\/?page_id=209524"},"modified":"2022-09-15T09:08:51","modified_gmt":"2022-09-15T09:08:51","slug":"keseruvidrafu","status":"publish","type":"page","link":"https:\/\/unicumhaz.hu\/en\/keseruvidrafu\/","title":{"rendered":"keseruvidrafu"},"content":{"rendered":"<div id=\"fws_69f22c0cede20\"  data-column-margin=\"default\" data-midnight=\"dark\"  class=\"wpb_row vc_row-fluid vc_row\"  style=\"padding-top: 0px; padding-bottom: 0px; \"><div class=\"row-bg-wrap\" data-bg-animation=\"none\" data-bg-animation-delay=\"\" data-bg-overlay=\"false\"><div class=\"inner-wrap row-bg-layer\" ><div class=\"row-bg viewport-desktop\"  style=\"\"><\/div><\/div><\/div><div class=\"row_col_wrap_12 col span_12 dark left\">\n\t<div  class=\"vc_col-sm-12 wpb_column column_container vc_column_container col no-extra-padding\"  data-padding-pos=\"all\" data-has-bg-color=\"false\" data-bg-color=\"\" data-bg-opacity=\"1\" data-animation=\"\" data-delay=\"0\" >\n\t\t<div class=\"vc_column-inner\" >\n\t\t\t<div class=\"wpb_wrapper\">\n\t\t\t\t<div class=\"img-with-aniamtion-wrap center\" data-max-width=\"100%\" data-max-width-mobile=\"100%\" data-shadow=\"none\" data-animation=\"fade-in\" >\n      <div class=\"inner\">\n        <div class=\"hover-wrap\"> \n          <div class=\"hover-wrap-inner\">\n            <img decoding=\"async\" class=\"img-with-animation skip-lazy\" data-delay=\"0\" height=\"500\" width=\"500\" data-animation=\"fade-in\" src=\"https:\/\/unicumhaz.hu\/wp-content\/uploads\/2022\/07\/vidrafu.jpg\" alt=\"\" srcset=\"https:\/\/unicumhaz.hu\/wp-content\/uploads\/2022\/07\/vidrafu.jpg 500w, https:\/\/unicumhaz.hu\/wp-content\/uploads\/2022\/07\/vidrafu-300x300.jpg 300w, https:\/\/unicumhaz.hu\/wp-content\/uploads\/2022\/07\/vidrafu-150x150.jpg 150w, https:\/\/unicumhaz.hu\/wp-content\/uploads\/2022\/07\/vidrafu-100x100.jpg 100w, https:\/\/unicumhaz.hu\/wp-content\/uploads\/2022\/07\/vidrafu-140x140.jpg 140w, https:\/\/unicumhaz.hu\/wp-content\/uploads\/2022\/07\/vidrafu-350x350.jpg 350w\" sizes=\"(max-width: 500px) 100vw, 500px\" \/>\n          <\/div>\n        <\/div>\n      <\/div>\n    <\/div>\n<div class=\"wpb_text_column wpb_content_element\" >\n\t<div class=\"wpb_wrapper\">\n\t\t<h3 style=\"text-align: center;\"><strong>Keser\u0171 Vidraf\u0171<\/strong><\/h3>\n<p style=\"text-align: center;\"><strong>Sz\u00e1rmaz\u00e1s:<\/strong> Az \u00e9szaki f\u00e9lteke, l\u00e1pr\u00e9tjeiben, \u00e9geresekben tal\u00e1lhat\u00f3 meg, f\u0151leg s\u00edk vid\u00e9keken. Eur\u00f3pa nagy r\u00e9sz\u00e9n el\u0151fordul, \u00c1zsi\u00e1ban \u00e9s \u00c9szak-Amerik\u00e1ban a kipusztul\u00e1s sz\u00e9l\u00e9n \u00e1ll. Magyarorsz\u00e1gon t\u00f6bbek k\u00f6zt a G\u00f6d\u00f6ll\u0151i-dombs\u00e1gban \u00e9s a Csomb\u00e1rdi-r\u00e9t Term\u00e9szetv\u00e9delmi Ter\u00fcleten \u00e9l.<\/p>\n<p style=\"text-align: center;\"><strong>Felhaszn\u00e1l\u00e1sa:<\/strong> A vidraf\u0171levelet hagyom\u00e1nyosan \u00e9tv\u00e1gygerjeszt\u0151nek \u00e9s h\u00edz\u00f3k\u00far\u00e1n\u00e1l haszn\u00e1lj\u00e1k forr\u00e1zat (tea) vagy kivonat form\u00e1j\u00e1ban, gyomorkeser\u0171-lik\u0151r\u00f6k alkot\u00f3eleme. Fokozza a gyomornedv-elv\u00e1laszt\u00e1st \u00e9s a ny\u00e1ltermel\u00e9st, tov\u00e1bb\u00e1 g\u00e1tolja prosztaglandinok \u00e9s a leukotri\u00e9n B4 bioszint\u00e9zis\u00e9t \u00e9s emiatt k\u00fcl\u00f6nleges gyullad\u00e1sg\u00e1tl\u00f3 hat\u00e1sa van.<\/p>\n<h3 style=\"text-align: center;\"><strong>Bog-bean<\/strong><\/h3>\n<p style=\"text-align: center;\"><strong>Origin:<\/strong>\u00a0In the Northern Hemisphere, it is found in bogs and alder forests, mainly in flat regions. It occurs in most of Europe, and is on the verge of extinction in Asia and North America. In Hungary, it grows among other things, in the G\u00f6d\u00f6ll\u0151 hills and the Csomb\u00e1rdi-r\u00e9t Nature Reserve.<\/p>\n<p style=\"text-align: center;\"><strong>Uses:<\/strong>\u00a0Bog-bean is traditionally used as an appetite stimulant and weight loss treatment in the form of a decoction (tea) or extract, and is a component of bitter stomach liqueurs.<\/p>\n<h3 style=\"text-align: center;\"><strong>\u0412\u0430\u0445\u0442\u0430 \u0442\u0440\u0435\u0445\u043b\u0438\u0441\u0442\u043d\u0430\/\u041a\u043e\u0440\u0435\u043d\u044c \u0421alamus<\/strong><\/h3>\n<p style=\"text-align: center;\"><strong>\u041f\u0440\u043e\u0438\u0441\u0445\u043e\u0436\u0434\u0435\u043d\u0438\u0435: <\/strong>\u0412\u0430\u0445\u0442\u0430 \u0442\u0440\u0435\u0445\u043b\u0438\u0441\u0442\u043d\u0430\u044f \u043f\u0440\u043e\u0438\u0441\u0445\u043e\u0434\u0438\u0442 \u0438\u0445 \u0431\u043e\u043b\u043e\u0442 \u0438 \u200b\u200b\u043e\u043b\u044c\u0448\u0430\u043d\u0438\u043a\u043e\u0432, \u043f\u0440\u0435\u0438\u043c\u0443\u0449\u0435\u0441\u0442\u0432\u0435\u043d\u043d\u043e \u0438\u0437 \u0440\u0430\u0432\u043d\u0438\u043d\u043d\u044b\u0445 \u0440\u0430\u0439\u043e\u043d\u043e\u0432 \u0441\u0435\u0432\u0435\u0440\u043d\u043e\u0433\u043e \u043f\u043e\u043b\u0443\u0448\u0430\u0440\u0438\u044f. \u0415\u0433\u043e \u043c\u043e\u0436\u043d\u043e \u043d\u0430\u0439\u0442\u0438 \u0432 \u0431\u043e\u043b\u044c\u0448\u0435\u0439 \u0447\u0430\u0441\u0442\u0438 \u0415\u0432\u0440\u043e\u043f\u044b, \u0430 \u0432 \u0410\u0437\u0438\u0438 \u0438 \u0421\u0435\u0432\u0435\u0440\u043d\u043e\u0439 \u0410\u043c\u0435\u0440\u0438\u043a\u0435 \u043d\u0430\u0445\u043e\u0434\u0438\u0442\u0441\u044f \u043d\u0430 \u0433\u0440\u0430\u043d\u0438 \u0438\u0441\u0447\u0435\u0437\u043d\u043e\u0432\u0435\u043d\u0438\u044f. \u0412 \u0412\u0435\u043d\u0433\u0440\u0438\u0438 \u043e\u043d \u0440\u0430\u0441\u043f\u0440\u043e\u0441\u0442\u0440\u0430\u043d\u0435\u043d \u043d\u0430 \u0445\u043e\u043b\u043c\u0430\u0445 \u0413\u0451\u0434\u0451\u043b\u043b\u0451 \u0438 \u0432 \u0437\u0430\u043f\u043e\u0432\u0435\u0434\u043d\u0438\u043a\u0435 \u0427\u043e\u043c\u0431\u0430\u0440\u0434\u0438-\u0440\u0435\u0442.<\/p>\n<p style=\"text-align: center;\"><strong>\u0418\u0441\u043f\u043e\u043b\u044c\u0437\u043e\u0432\u0430\u043d\u0438\u0435: <\/strong>\u0412\u0430\u0445\u0442\u0430 \u0442\u0440\u0435\u0445\u043b\u0438\u0441\u0442\u043d\u0430\u044f \u0442\u0440\u0430\u0434\u0438\u0446\u0438\u043e\u043d\u043d\u043e \u0438\u0441\u043f\u043e\u043b\u044c\u0437\u0443\u0435\u0442\u0441\u044f \u0432 \u043a\u0430\u0447\u0435\u0441\u0442\u0432\u0435 \u0441\u0442\u0438\u043c\u0443\u043b\u044f\u0442\u043e\u0440\u0430 \u0430\u043f\u043f\u0435\u0442\u0438\u0442\u0430 \u0438 \u0441\u0440\u0435\u0434\u0441\u0442\u0432\u0430 \u0434\u043b\u044f \u043f\u043e\u0445\u0443\u0434\u0435\u043d\u0438\u044f \u0432 \u0432\u0438\u0434\u0435 \u0447\u0430\u044f \u0438\u043b\u0438 \u044d\u043a\u0441\u0442\u0440\u0430\u043a\u0442\u0430, \u0430 \u0442\u0430\u043a\u0436\u0435 \u044f\u0432\u043b\u044f\u0435\u0442\u0441\u044f \u043a\u043e\u043c\u043f\u043e\u043d\u0435\u043d\u0442\u043e\u043c \u0433\u043e\u0440\u044c\u043a\u0438\u0445 \u0436\u0435\u043b\u0443\u0434\u043e\u0447\u043d\u044b\u0445 \u043b\u0438\u043a\u0435\u0440\u043e\u0432. \u041e\u043d \u043f\u043e\u0432\u044b\u0448\u0430\u0435\u0442 \u0441\u0435\u043a\u0440\u0435\u0446\u0438\u044e \u0436\u0435\u043b\u0443\u0434\u043e\u0447\u043d\u043e\u0433\u043e \u0441\u043e\u043a\u0430 \u0438 \u0441\u043b\u044e\u043d\u043e\u043e\u0442\u0434\u0435\u043b\u0435\u043d\u0438\u0435.<\/p>\n\t<\/div>\n<\/div>\n\n\n\n\n\t\t\t<\/div> \n\t\t<\/div>\n\t<\/div> \n<\/div><\/div>\n\t\t<div id=\"fws_69f22c0cef3e4\"  data-column-margin=\"default\" data-midnight=\"dark\"  class=\"wpb_row vc_row-fluid vc_row\"  style=\"padding-top: 0px; padding-bottom: 0px; \"><div class=\"row-bg-wrap\" data-bg-animation=\"none\" data-bg-animation-delay=\"\" data-bg-overlay=\"false\"><div class=\"inner-wrap row-bg-layer\" ><div class=\"row-bg viewport-desktop\"  style=\"\"><\/div><\/div><\/div><div class=\"row_col_wrap_12 col span_12 dark left\">\n\t<div  class=\"vc_col-sm-12 wpb_column column_container vc_column_container col no-extra-padding\"  data-padding-pos=\"all\" data-has-bg-color=\"false\" data-bg-color=\"\" data-bg-opacity=\"1\" data-animation=\"\" data-delay=\"0\" >\n\t\t<div class=\"vc_column-inner\" >\n\t\t\t<div class=\"wpb_wrapper\">\n\t\t\t\t<div class=\"divider-wrap\" data-alignment=\"default\"><div style=\"margin-top: 12.5px; height: 5px; margin-bottom: 12.5px;\" data-width=\"100%\" data-animate=\"\" data-animation-delay=\"\" data-color=\"accent-color\" class=\"divider-border\"><\/div><\/div>\n\t\t\t<\/div> \n\t\t<\/div>\n\t<\/div> \n<\/div><\/div>\n\t\t<div id=\"fws_69f22c0cefea2\"  data-column-margin=\"default\" data-midnight=\"dark\"  class=\"wpb_row vc_row-fluid vc_row\"  style=\"padding-top: 0px; padding-bottom: 0px; \"><div class=\"row-bg-wrap\" data-bg-animation=\"none\" data-bg-animation-delay=\"\" data-bg-overlay=\"false\"><div class=\"inner-wrap row-bg-layer\" ><div class=\"row-bg viewport-desktop\"  style=\"\"><\/div><\/div><\/div><div class=\"row_col_wrap_12 col span_12 dark left\">\n\t<div  class=\"vc_col-sm-12 wpb_column column_container vc_column_container col no-extra-padding\"  data-padding-pos=\"all\" data-has-bg-color=\"false\" data-bg-color=\"\" data-bg-opacity=\"1\" data-animation=\"\" data-delay=\"0\" >\n\t\t<div class=\"vc_column-inner\" >\n\t\t\t<div class=\"wpb_wrapper\">\n\t\t\t\t\n<div class=\"wpb_text_column wpb_content_element\" >\n\t<div class=\"wpb_wrapper\">\n\t\t<h5><em>forr\u00e1s: https:\/\/hu.wikipedia.org\/wiki\/Wikip%C3%A9dia<\/em><\/h5>\n<h5><em>https:\/\/www.thehealthsite.com\/ayurveda\/herbs\/mustard-seeds-health-benefits-uses-side-effects-and-more-855815\/<\/em><\/h5>\n<h5><em>https:\/\/koronakert.hu\/termek\/amerikai-vasfa-100cm-gymnocladus-dioicus\/?v=7a6ab3827192<\/em><\/h5>\n<h5><em>https:\/\/narancsinfo.hu\/narancs\/<\/em><\/h5>\n<h5><em>https:\/\/kertlap.hu\/angelika\/<\/em><\/h5>\n<h5><em>https:\/\/hu.techexpertolux.com\/cvety\/iris-borodatyj.html<\/em><\/h5>\n\t<\/div>\n<\/div>\n\n\n\n\n\t\t\t<\/div> \n\t\t<\/div>\n\t<\/div> \n<\/div><\/div>","protected":false},"excerpt":{"rendered":"Keser\u0171 Vidraf\u0171 Sz\u00e1rmaz\u00e1s: Az \u00e9szaki f\u00e9lteke, l\u00e1pr\u00e9tjeiben, \u00e9geresekben tal\u00e1lhat\u00f3 meg, f\u0151leg s\u00edk vid\u00e9keken. Eur\u00f3pa nagy...","protected":false},"author":3,"featured_media":0,"parent":0,"menu_order":0,"comment_status":"closed","ping_status":"closed","template":"","meta":{"_monsterinsights_skip_tracking":false,"_monsterinsights_sitenote_active":false,"_monsterinsights_sitenote_note":"","_monsterinsights_sitenote_category":0,"footnotes":""},"class_list":["post-209524","page","type-page","status-publish"],"_links":{"self":[{"href":"https:\/\/unicumhaz.hu\/en\/wp-json\/wp\/v2\/pages\/209524","targetHints":{"allow":["GET"]}}],"collection":[{"href":"https:\/\/unicumhaz.hu\/en\/wp-json\/wp\/v2\/pages"}],"about":[{"href":"https:\/\/unicumhaz.hu\/en\/wp-json\/wp\/v2\/types\/page"}],"author":[{"embeddable":true,"href":"https:\/\/unicumhaz.hu\/en\/wp-json\/wp\/v2\/users\/3"}],"replies":[{"embeddable":true,"href":"https:\/\/unicumhaz.hu\/en\/wp-json\/wp\/v2\/comments?post=209524"}],"version-history":[{"count":3,"href":"https:\/\/unicumhaz.hu\/en\/wp-json\/wp\/v2\/pages\/209524\/revisions"}],"predecessor-version":[{"id":209562,"href":"https:\/\/unicumhaz.hu\/en\/wp-json\/wp\/v2\/pages\/209524\/revisions\/209562"}],"wp:attachment":[{"href":"https:\/\/unicumhaz.hu\/en\/wp-json\/wp\/v2\/media?parent=209524"}],"curies":[{"name":"wp","href":"https:\/\/api.w.org\/{rel}","templated":true}]}}