{"id":209537,"date":"2022-08-30T11:19:56","date_gmt":"2022-08-30T11:19:56","guid":{"rendered":"https:\/\/unicumhaz.hu\/?page_id=209537"},"modified":"2022-09-15T09:15:10","modified_gmt":"2022-09-15T09:15:10","slug":"angyalgyoker","status":"publish","type":"page","link":"https:\/\/unicumhaz.hu\/en\/angyalgyoker\/","title":{"rendered":"angyalgyoker"},"content":{"rendered":"<div id=\"fws_69e63e60355c8\"  data-column-margin=\"default\" data-midnight=\"dark\"  class=\"wpb_row vc_row-fluid vc_row\"  style=\"padding-top: 0px; padding-bottom: 0px; \"><div class=\"row-bg-wrap\" data-bg-animation=\"none\" data-bg-animation-delay=\"\" data-bg-overlay=\"false\"><div class=\"inner-wrap row-bg-layer\" ><div class=\"row-bg viewport-desktop\"  style=\"\"><\/div><\/div><\/div><div class=\"row_col_wrap_12 col span_12 dark left\">\n\t<div  class=\"vc_col-sm-12 wpb_column column_container vc_column_container col no-extra-padding\"  data-padding-pos=\"all\" data-has-bg-color=\"false\" data-bg-color=\"\" data-bg-opacity=\"1\" data-animation=\"\" data-delay=\"0\" >\n\t\t<div class=\"vc_column-inner\" >\n\t\t\t<div class=\"wpb_wrapper\">\n\t\t\t\t<div class=\"img-with-aniamtion-wrap center\" data-max-width=\"100%\" data-max-width-mobile=\"100%\" data-shadow=\"none\" data-animation=\"fade-in\" >\n      <div class=\"inner\">\n        <div class=\"hover-wrap\"> \n          <div class=\"hover-wrap-inner\">\n            <img decoding=\"async\" class=\"img-with-animation skip-lazy\" data-delay=\"0\" height=\"500\" width=\"500\" data-animation=\"fade-in\" src=\"https:\/\/unicumhaz.hu\/wp-content\/uploads\/2022\/07\/angelicagyoker.jpg\" alt=\"\" srcset=\"https:\/\/unicumhaz.hu\/wp-content\/uploads\/2022\/07\/angelicagyoker.jpg 500w, https:\/\/unicumhaz.hu\/wp-content\/uploads\/2022\/07\/angelicagyoker-300x300.jpg 300w, https:\/\/unicumhaz.hu\/wp-content\/uploads\/2022\/07\/angelicagyoker-150x150.jpg 150w, https:\/\/unicumhaz.hu\/wp-content\/uploads\/2022\/07\/angelicagyoker-100x100.jpg 100w, https:\/\/unicumhaz.hu\/wp-content\/uploads\/2022\/07\/angelicagyoker-140x140.jpg 140w, https:\/\/unicumhaz.hu\/wp-content\/uploads\/2022\/07\/angelicagyoker-350x350.jpg 350w\" sizes=\"(max-width: 500px) 100vw, 500px\" \/>\n          <\/div>\n        <\/div>\n      <\/div>\n    <\/div>\n<div class=\"wpb_text_column wpb_content_element\" >\n\t<div class=\"wpb_wrapper\">\n\t\t<h3 style=\"text-align: center;\">Angelikagy\u00f6k\u00e9r<\/h3>\n<p style=\"text-align: center;\"><strong>Sz\u00e1rmaz\u00e1s:\u00a0<\/strong>Eur\u00f3pa magasabb hegyvid\u00e9kein \u00e9s \u00c9szak-Eur\u00f3p\u00e1ban honos, haz\u00e1nkban is termesztett (helyenk\u00e9nt kivadul\u00f3) k\u00e9t\u00e9ves n\u00f6v\u00e9ny, gy\u00f6ker\u00e9t (Angelicae radix), m\u00e1r a k\u00f6z\u00e9pkori kolostorok kertj\u00e9ben termesztett\u00e9k \u00e9s haszn\u00e1lt\u00e1k f\u0171szerk\u00e9nt.<\/p>\n<p style=\"text-align: center;\"><strong>Felhaszn\u00e1l\u00e1sa:<\/strong>\u00a0A n\u00f6v\u00e9ny levele \u00e9s gy\u00f6kere sal\u00e1t\u00e1k, f\u0151zel\u00e9kek, m\u00e1rt\u00e1sok \u00edzes\u00edt\u0151je. Egyes orsz\u00e1gokban a n\u00f6v\u00e9ny sz\u00e1r\u00e1t cukorban f\u0151zve kand\u00edrozz\u00e1k, \u00e9s t\u00e1pszerk\u00e9nt fogyasztj\u00e1k. K\u00fcl\u00f6nlegesen kellemes, arom\u00e1s illata \u00e9s \u00e9desk\u00e9sen keserny\u00e9s \u00edze miatt az Altvater t\u00edpus\u00fa lik\u0151r\u00f6k, gyomorkeser\u0171k alapanyaga. Ill\u00f3olajokat, angelikasavat, cukrot, keser\u0171 anyagot tartalmaz.<\/p>\n<h3 style=\"text-align: center;\">Angelica-root<\/h3>\n<p style=\"text-align: center;\"><strong>Origin:<\/strong>The plant native to the higher mountains of Europe and Northern Europe, also grown in Hungary (wild in some places), was already grown and used as a spice in the gardens of medieval monasteries.<\/p>\n<p style=\"text-align: center;\"><strong>Uses:<\/strong>\u00a0The leaves and roots of the plant are used to flavor salads, vegetables and sauces. In some countries, the stem of the plant is boiled in sugar, making it sugary and consumed as a formula. Due to its particularly pleasant, aromatic smell and sweet-bitter taste, it is the basic ingredient of Altvater-type liqueurs and bitters.<\/p>\n<p><strong>Angyalgy\u00f6k\u00e9r<\/strong><\/p>\n<h3 style=\"text-align: center;\"><strong>\u0414\u044f\u0433\u0438\u043b\u044c\/\u041a\u043e\u0440\u0435\u043d\u044c \u0410\u043d\u0436\u0435\u043b\u0438\u043a\u0430 <\/strong><\/h3>\n<p style=\"text-align: center;\"><strong>\u041f\u0440\u043e\u0438\u0441\u0445\u043e\u0436\u0434\u0435\u043d\u0438\u0435:<\/strong> \u041a\u043e\u0440\u0435\u043d\u044c (Angelicae radix) \u2013 \u0434\u0432\u0443\u043b\u0435\u0442\u043d\u0435\u0435 \u0440\u0430\u0441\u0442\u0435\u043d\u0438\u0435, \u043f\u0440\u043e\u0438\u0437\u0440\u0430\u0441\u0442\u0430\u044e\u0449\u0435\u0435 \u0432 \u0431\u043e\u043b\u0435\u0435 \u0432\u044b\u0441\u043e\u043a\u0438\u0445 \u0433\u043e\u0440\u0430\u0445 \u0415\u0432\u0440\u043e\u043f\u044b \u0438 \u0421\u0435\u0432\u0435\u0440\u043d\u043e\u0439 \u0415\u0432\u0440\u043e\u043f\u044b, \u0442\u0430\u043a\u0436\u0435 \u0432\u044b\u0440\u0430\u0449\u0438\u0432\u0430\u0435\u043c\u043e\u0435 \u0432 \u0412\u0435\u043d\u0433\u0440\u0438\u0438. \u0415\u0433\u043e \u0438\u0441\u043f\u043e\u043b\u044c\u0437\u043e\u0432\u0430\u043b\u0438 \u0432 \u043a\u0430\u0447\u0435\u0441\u0442\u0432\u0435 \u043f\u0440\u044f\u043d\u043e\u0441\u0442\u0438 \u0443\u0436\u0435 \u0432 \u0441\u0430\u0434\u0430\u0445 \u0441\u0440\u0435\u0434\u043d\u0435\u0432\u0435\u043a\u043e\u0432\u044b\u0445 \u043c\u043e\u043d\u0430\u0441\u0442\u044b\u0440\u0435\u0439.<\/p>\n<p style=\"text-align: center;\"><strong>\u0418\u0441\u043f\u043e\u043b\u044c\u0437\u0440\u0432\u0430\u043d\u0438\u0435:<\/strong> \u041b\u0438\u0441\u0442\u044c\u044f \u0438 \u043a\u043e\u0440\u043d\u0438 \u0440\u0430\u0441\u0442\u0435\u043d\u0438\u044f \u044f\u0432\u043b\u044f\u044e\u0442\u0441\u044f \u043f\u0440\u0438\u043f\u0440\u0430\u0432\u043e\u0439 \u043a \u0441\u0430\u043b\u0430\u0442\u0430\u043c, \u043e\u0432\u043e\u0449\u0430\u043c \u0438 \u0441\u043e\u0443\u0441\u0430\u043c. \u0412 \u043d\u0435\u043a\u043e\u0442\u043e\u0440\u044b\u0445 \u0441\u0442\u0440\u0430\u043d\u0430\u0445 \u0441\u0442\u0435\u0431\u0435\u043b\u044c \u0440\u0430\u0441\u0442\u0435\u043d\u0438\u044f \u0432\u0430\u0440\u044f\u0442 \u0432 \u0441\u0430\u0445\u0430\u0440\u0435, \u0447\u0442\u043e\u0431\u044b \u0437\u0430\u0441\u0430\u0445\u0430\u0440\u0438\u0442\u044c \u0438 \u0443\u043f\u043e\u0442\u0440\u0435\u0431\u043b\u044f\u0442\u044c \u0432 \u0432\u0438\u0434\u0435 \u0441\u043c\u0435\u0441\u0438. \u0411\u043b\u0430\u0433\u043e\u0434\u0430\u0440\u044f \u043e\u0441\u043e\u0431\u0435\u043d\u043d\u043e \u043f\u0440\u0438\u044f\u0442\u043d\u043e\u043c\u0443 \u0430\u0440\u043e\u043c\u0430\u0442\u043d\u043e\u043c\u0443 \u0437\u0430\u043f\u0430\u0445\u0443 \u0438 \u0441\u043b\u0430\u0434\u043a\u043e-\u0433\u043e\u0440\u044c\u043a\u043e\u043c\u0443 \u0432\u043a\u0443\u0441\u0443 \u043e\u043d \u044f\u0432\u043b\u044f\u0435\u0442\u0441\u044f \u043e\u0441\u043d\u043e\u0432\u043e\u0439 \u0434\u043b\u044f \u043b\u0438\u043a\u0435\u0440\u043e\u0432 \u0438 \u0431\u0438\u0442\u0442\u0435\u0440\u043e\u0432 \u0442\u0438\u043f\u0430 \u0410\u043b\u044c\u0444\u0430\u0442\u0435\u0440. \u0421\u043e\u0434\u0435\u0440\u0436\u0438\u0442 \u044d\u0444\u0438\u0440\u043d\u044b\u0435 \u043c\u0430\u0441\u043b\u0430, \u0430\u043d\u0433\u0435\u043b\u044c\u0441\u043a\u0443\u044e \u043a\u0438\u0441\u043b\u043e\u0442\u0443, \u0441\u0430\u0445\u0430\u0440, \u0433\u043e\u0440\u044c\u043a\u0438\u0435 \u0432\u0435\u0449\u0435\u0441\u0442\u0432\u0430.<\/p>\n\t<\/div>\n<\/div>\n\n\n\n\n\t\t\t<\/div> \n\t\t<\/div>\n\t<\/div> \n<\/div><\/div>\n\t\t<div id=\"fws_69e63e6036ed6\"  data-column-margin=\"default\" data-midnight=\"dark\"  class=\"wpb_row vc_row-fluid vc_row\"  style=\"padding-top: 0px; padding-bottom: 0px; \"><div class=\"row-bg-wrap\" data-bg-animation=\"none\" data-bg-animation-delay=\"\" data-bg-overlay=\"false\"><div class=\"inner-wrap row-bg-layer\" ><div class=\"row-bg viewport-desktop\"  style=\"\"><\/div><\/div><\/div><div class=\"row_col_wrap_12 col span_12 dark left\">\n\t<div  class=\"vc_col-sm-12 wpb_column column_container vc_column_container col no-extra-padding\"  data-padding-pos=\"all\" data-has-bg-color=\"false\" data-bg-color=\"\" data-bg-opacity=\"1\" data-animation=\"\" data-delay=\"0\" >\n\t\t<div class=\"vc_column-inner\" >\n\t\t\t<div class=\"wpb_wrapper\">\n\t\t\t\t<div class=\"divider-wrap\" data-alignment=\"default\"><div style=\"margin-top: 12.5px; height: 5px; margin-bottom: 12.5px;\" data-width=\"100%\" data-animate=\"\" data-animation-delay=\"\" data-color=\"accent-color\" class=\"divider-border\"><\/div><\/div>\n\t\t\t<\/div> \n\t\t<\/div>\n\t<\/div> \n<\/div><\/div>\n\t\t<div id=\"fws_69e63e6037b25\"  data-column-margin=\"default\" data-midnight=\"dark\"  class=\"wpb_row vc_row-fluid vc_row\"  style=\"padding-top: 0px; padding-bottom: 0px; \"><div class=\"row-bg-wrap\" data-bg-animation=\"none\" data-bg-animation-delay=\"\" data-bg-overlay=\"false\"><div class=\"inner-wrap row-bg-layer\" ><div class=\"row-bg viewport-desktop\"  style=\"\"><\/div><\/div><\/div><div class=\"row_col_wrap_12 col span_12 dark left\">\n\t<div  class=\"vc_col-sm-12 wpb_column column_container vc_column_container col no-extra-padding\"  data-padding-pos=\"all\" data-has-bg-color=\"false\" data-bg-color=\"\" data-bg-opacity=\"1\" data-animation=\"\" data-delay=\"0\" >\n\t\t<div class=\"vc_column-inner\" >\n\t\t\t<div class=\"wpb_wrapper\">\n\t\t\t\t\n<div class=\"wpb_text_column wpb_content_element\" >\n\t<div class=\"wpb_wrapper\">\n\t\t<h5><em>source: https:\/\/hu.wikipedia.org\/wiki\/Wikip%C3%A9dia<\/em><\/h5>\n<h5><em>https:\/\/www.thehealthsite.com\/ayurveda\/herbs\/mustard-seeds-health-benefits-uses-side-effects-and-more-855815\/<\/em><\/h5>\n<h5><em>https:\/\/koronakert.hu\/termek\/amerikai-vasfa-100cm-gymnocladus-dioicus\/?v=7a6ab3827192<\/em><\/h5>\n<h5><em>https:\/\/narancsinfo.hu\/narancs\/<\/em><\/h5>\n<h5><em>https:\/\/kertlap.hu\/angelika\/<\/em><\/h5>\n<h5><em>https:\/\/hu.techexpertolux.com\/cvety\/iris-borodatyj.html<\/em><\/h5>\n\t<\/div>\n<\/div>\n\n\n\n\n\t\t\t<\/div> \n\t\t<\/div>\n\t<\/div> \n<\/div><\/div>","protected":false},"excerpt":{"rendered":"Angelikagy\u00f6k\u00e9r Sz\u00e1rmaz\u00e1s:\u00a0Eur\u00f3pa magasabb hegyvid\u00e9kein \u00e9s \u00c9szak-Eur\u00f3p\u00e1ban honos, haz\u00e1nkban is termesztett (helyenk\u00e9nt kivadul\u00f3) k\u00e9t\u00e9ves n\u00f6v\u00e9ny, gy\u00f6ker\u00e9t...","protected":false},"author":3,"featured_media":0,"parent":0,"menu_order":0,"comment_status":"closed","ping_status":"closed","template":"","meta":{"_monsterinsights_skip_tracking":false,"_monsterinsights_sitenote_active":false,"_monsterinsights_sitenote_note":"","_monsterinsights_sitenote_category":0,"footnotes":""},"class_list":["post-209537","page","type-page","status-publish"],"_links":{"self":[{"href":"https:\/\/unicumhaz.hu\/en\/wp-json\/wp\/v2\/pages\/209537","targetHints":{"allow":["GET"]}}],"collection":[{"href":"https:\/\/unicumhaz.hu\/en\/wp-json\/wp\/v2\/pages"}],"about":[{"href":"https:\/\/unicumhaz.hu\/en\/wp-json\/wp\/v2\/types\/page"}],"author":[{"embeddable":true,"href":"https:\/\/unicumhaz.hu\/en\/wp-json\/wp\/v2\/users\/3"}],"replies":[{"embeddable":true,"href":"https:\/\/unicumhaz.hu\/en\/wp-json\/wp\/v2\/comments?post=209537"}],"version-history":[{"count":4,"href":"https:\/\/unicumhaz.hu\/en\/wp-json\/wp\/v2\/pages\/209537\/revisions"}],"predecessor-version":[{"id":209568,"href":"https:\/\/unicumhaz.hu\/en\/wp-json\/wp\/v2\/pages\/209537\/revisions\/209568"}],"wp:attachment":[{"href":"https:\/\/unicumhaz.hu\/en\/wp-json\/wp\/v2\/media?parent=209537"}],"curies":[{"name":"wp","href":"https:\/\/api.w.org\/{rel}","templated":true}]}}