{"id":209543,"date":"2022-08-30T12:31:10","date_gmt":"2022-08-30T12:31:10","guid":{"rendered":"https:\/\/unicumhaz.hu\/?page_id=209543"},"modified":"2022-09-15T09:16:54","modified_gmt":"2022-09-15T09:16:54","slug":"kalumbagyoker","status":"publish","type":"page","link":"https:\/\/unicumhaz.hu\/en\/kalumbagyoker\/","title":{"rendered":"kalumbagyoker"},"content":{"rendered":"<div id=\"fws_69d1bb6970576\"  data-column-margin=\"default\" data-midnight=\"dark\"  class=\"wpb_row vc_row-fluid vc_row\"  style=\"padding-top: 0px; padding-bottom: 0px; \"><div class=\"row-bg-wrap\" data-bg-animation=\"none\" data-bg-animation-delay=\"\" data-bg-overlay=\"false\"><div class=\"inner-wrap row-bg-layer\" ><div class=\"row-bg viewport-desktop\"  style=\"\"><\/div><\/div><\/div><div class=\"row_col_wrap_12 col span_12 dark left\">\n\t<div  class=\"vc_col-sm-12 wpb_column column_container vc_column_container col no-extra-padding\"  data-padding-pos=\"all\" data-has-bg-color=\"false\" data-bg-color=\"\" data-bg-opacity=\"1\" data-animation=\"\" data-delay=\"0\" >\n\t\t<div class=\"vc_column-inner\" >\n\t\t\t<div class=\"wpb_wrapper\">\n\t\t\t\t<div class=\"img-with-aniamtion-wrap center\" data-max-width=\"100%\" data-max-width-mobile=\"100%\" data-shadow=\"none\" data-animation=\"fade-in\" >\n      <div class=\"inner\">\n        <div class=\"hover-wrap\"> \n          <div class=\"hover-wrap-inner\">\n            <img decoding=\"async\" class=\"img-with-animation skip-lazy\" data-delay=\"0\" height=\"500\" width=\"500\" data-animation=\"fade-in\" src=\"https:\/\/unicumhaz.hu\/wp-content\/uploads\/2022\/07\/kalumbagyoker.jpg\" alt=\"\" srcset=\"https:\/\/unicumhaz.hu\/wp-content\/uploads\/2022\/07\/kalumbagyoker.jpg 500w, https:\/\/unicumhaz.hu\/wp-content\/uploads\/2022\/07\/kalumbagyoker-300x300.jpg 300w, https:\/\/unicumhaz.hu\/wp-content\/uploads\/2022\/07\/kalumbagyoker-150x150.jpg 150w, https:\/\/unicumhaz.hu\/wp-content\/uploads\/2022\/07\/kalumbagyoker-100x100.jpg 100w, https:\/\/unicumhaz.hu\/wp-content\/uploads\/2022\/07\/kalumbagyoker-140x140.jpg 140w, https:\/\/unicumhaz.hu\/wp-content\/uploads\/2022\/07\/kalumbagyoker-350x350.jpg 350w\" sizes=\"(max-width: 500px) 100vw, 500px\" \/>\n          <\/div>\n        <\/div>\n      <\/div>\n    <\/div>\n<div class=\"wpb_text_column wpb_content_element\" >\n\t<div class=\"wpb_wrapper\">\n\t\t<h3 style=\"text-align: center;\">Kolomb\u00f3gy\u00f6k\u00e9r<\/h3>\n<p style=\"text-align: center;\"><strong>Sz\u00e1rmaz\u00e1s:\u00a0<\/strong>Kelet- \u00e9s D\u00e9l-Afrika tr\u00f3pusi ter\u00fcletein \u0151shonos, ahol 1500 m\u00e9ter tengerszint feletti magass\u00e1gig fordul el\u0151. Kult\u00farn\u00f6v\u00e9nyk\u00e9nt Gh\u00e1n\u00e1ban, Madagaszk\u00e1ron, Indi\u00e1ban \u00e9s Braz\u00edli\u00e1ban is termesztik. \u0150shaz\u00e1j\u00e1n k\u00edv\u00fcli ter\u00fcleteken esetenk\u00e9nt inv\u00e1zi\u00f3s n\u00f6v\u00e9nyk\u00e9nt tartj\u00e1k sz\u00e1mon.<\/p>\n<p style=\"text-align: center;\"><strong>Felhaszn\u00e1l\u00e1sa:<\/strong> A n\u00e9pi gy\u00f3gy\u00e1szatban gy\u00f3gyn\u00f6v\u00e9nyk\u00e9nt alkalmazz\u00e1k, mivel megsz\u00e1r\u00edtott \u00e9s feldarabolt gy\u00f6k\u00e9rgum\u00f3it drogk\u00e9nt haszn\u00e1lj\u00e1k cs\u00edp\u00e9sek, mar\u00e1sok, s\u00e9r\u00fcl\u00e9sek, em\u00e9szt\u00e9si zavarok, hasmen\u00e9s, alult\u00e1pl\u00e1lts\u00e1g \u00e9s er\u0151tlens\u00e9g, v\u00e9rhas eset\u00e9n, k\u00fcls\u0151 \u00e9s bels\u0151 \u00e9l\u0151sk\u00f6d\u0151k ellen.<\/p>\n<h3 style=\"text-align: center;\">Colombo-root<\/h3>\n<p style=\"text-align: center;\"><strong>Origin:<\/strong>It is native to the tropical areas of eastern and southern Africa, where it occurs up to 1,500 meters above sea level. It is also cultivated as a cultivated plant in Ghana, Madagascar, India and Brazil. In areas outside its native land, it is sometimes considered an invasive plant.<\/p>\n<p style=\"text-align: center;\"><strong>Uses:<\/strong>\u00a0The folk medicinal plant is used as a drug for the treatment of bites, bites, injuries, indigestion, diarrhea, malnutrition and weakness, dysentery, external and internal parasites.<\/p>\n<h3 style=\"text-align: center;\"><strong>\u042f\u0442\u0435\u043e\u0440\u0438\u0437\u0430 \u043f\u0430\u043b\u044c\u044f\u0430\u0442\u0430\u044f\/\u041a\u043e\u0440\u0435\u043d\u044c Colombo<\/strong><\/h3>\n<p style=\"text-align: center;\"><strong>\u041f\u0440\u043e\u0438\u0441\u0445\u043e\u0436\u0434\u0435\u043d\u0438\u0435: <\/strong>\u041e\u043d \u043f\u0440\u043e\u0438\u0437\u0440\u0430\u0441\u0442\u0430\u0435\u0442 \u0432 \u0442\u0440\u043e\u043f\u0438\u0447\u0435\u0441\u043a\u0438\u0445 \u0440\u0430\u0439\u043e\u043d\u0430\u0445 \u0432\u043e\u0441\u0442\u043e\u0447\u043d\u043e\u0439 \u0438 \u044e\u0436\u043d\u043e\u0439 \u0410\u0444\u0440\u0438\u043a\u0438 \u043d\u0430 \u0432\u044b\u0441\u043e\u0442\u0435 \u0434\u043e 1500 \u043c\u0435\u0442\u0440\u043e\u0432 \u043d\u0430\u0434 \u0443\u0440\u043e\u0432\u043d\u0435\u043c \u043c\u043e\u0440\u044f. \u0415\u0433\u043e \u0442\u0430\u043a\u0436\u0435 \u0432\u044b\u0440\u0430\u0449\u0438\u0432\u0430\u044e\u0442 \u043a\u0430\u043a \u043a\u0443\u043b\u044c\u0442\u0443\u0440\u043d\u043e\u0435 \u0440\u0430\u0441\u0442\u0435\u043d\u0438\u0435 \u0432 \u0413\u0430\u043d\u0435, \u041c\u0430\u0434\u0430\u0433\u0430\u0441\u043a\u0430\u0440\u0435, \u0418\u043d\u0434\u0438\u0438 \u0438 \u0411\u0440\u0430\u0437\u0438\u043b\u0438\u0438. \u0412 \u0440\u0430\u0439\u043e\u043d\u0430\u0445 \u0437\u0430 \u043f\u0440\u0435\u0434\u0435\u043b\u0430\u043c\u0438 \u0441\u0432\u043e\u0435\u0439 \u0440\u043e\u0434\u0438\u043d\u044b \u0435\u0433\u043e \u0438\u043d\u043e\u0433\u0434\u0430 \u0441\u0447\u0438\u0442\u0430\u044e\u0442 \u0438\u043d\u0432\u0430\u0437\u0438\u0432\u043d\u044b\u043c \u0440\u0430\u0441\u0442\u0435\u043d\u0438\u0435\u043c.<\/p>\n<p style=\"text-align: center;\"><strong>\u0418\u0441\u043f\u043e\u043b\u044c\u0437\u0440\u0432\u0430\u043d\u0438\u0435:<\/strong> \u0418\u0441\u043f\u043e\u043b\u044c\u0437\u0443\u0435\u0442\u0441\u044f \u043a\u0430\u043a \u043b\u0435\u043a\u0430\u0440\u0441\u0442\u0432\u0435\u043d\u043d\u043e\u0435 \u0440\u0430\u0441\u0442\u0435\u043d\u0438\u0435 \u0432 \u043d\u0430\u0440\u043e\u0434\u043d\u043e\u0439 \u043c\u0435\u0434\u0438\u0446\u0438\u043d\u0435, \u0442\u0430\u043a \u043a\u0430\u043a \u0435\u0433\u043e \u0432\u044b\u0441\u0443\u0448\u0435\u043d\u043d\u044b\u0435 \u0438 \u0438\u0437\u043c\u0435\u043b\u044c\u0447\u0435\u043d\u043d\u044b\u0435 \u043a\u043e\u0440\u043d\u0435\u0432\u044b\u0435 \u043a\u043b\u0443\u0431\u043d\u0438 \u043f\u0440\u0438\u043c\u0435\u043d\u044f\u044e\u0442 \u043a\u0430\u043a \u043b\u0435\u043a\u0430\u0440\u0441\u0442\u0432\u043e \u043e\u0442 \u0443\u043a\u0443\u0441\u043e\u0432, \u043d\u0435\u0441\u0432\u0430\u0440\u0435\u043d\u0438\u044f \u0436\u0435\u043b\u0443\u0434\u043a\u0430, \u0434\u0438\u0430\u0440\u0435\u0438, \u043d\u0435\u0434\u043e\u0435\u0434\u0430\u043d\u0438\u044f \u0438 \u0441\u043b\u0430\u0431\u043e\u0441\u0442\u0438, \u0434\u0438\u0437\u0435\u043d\u0442\u0435\u0440\u0438\u0438, \u0430 \u0442\u0430\u043a\u0436\u0435 \u043e\u0442 \u0432\u043d\u0435\u0448\u043d\u0438\u0445 \u0438 \u0432\u043d\u0443\u0442\u0440\u0435\u043d\u043d\u0438\u0445 \u043f\u0430\u0440\u0430\u0437\u0438\u0442\u043e\u0432.<\/p>\n\t<\/div>\n<\/div>\n\n\n\n\n\t\t\t<\/div> \n\t\t<\/div>\n\t<\/div> \n<\/div><\/div>\n\t\t<div id=\"fws_69d1bb69720fe\"  data-column-margin=\"default\" data-midnight=\"dark\"  class=\"wpb_row vc_row-fluid vc_row\"  style=\"padding-top: 0px; padding-bottom: 0px; \"><div class=\"row-bg-wrap\" data-bg-animation=\"none\" data-bg-animation-delay=\"\" data-bg-overlay=\"false\"><div class=\"inner-wrap row-bg-layer\" ><div class=\"row-bg viewport-desktop\"  style=\"\"><\/div><\/div><\/div><div class=\"row_col_wrap_12 col span_12 dark left\">\n\t<div  class=\"vc_col-sm-12 wpb_column column_container vc_column_container col no-extra-padding\"  data-padding-pos=\"all\" data-has-bg-color=\"false\" data-bg-color=\"\" data-bg-opacity=\"1\" data-animation=\"\" data-delay=\"0\" >\n\t\t<div class=\"vc_column-inner\" >\n\t\t\t<div class=\"wpb_wrapper\">\n\t\t\t\t<div class=\"divider-wrap\" data-alignment=\"default\"><div style=\"margin-top: 12.5px; height: 5px; margin-bottom: 12.5px;\" data-width=\"100%\" data-animate=\"\" data-animation-delay=\"\" data-color=\"accent-color\" class=\"divider-border\"><\/div><\/div>\n\t\t\t<\/div> \n\t\t<\/div>\n\t<\/div> \n<\/div><\/div>\n\t\t<div id=\"fws_69d1bb6972d47\"  data-column-margin=\"default\" data-midnight=\"dark\"  class=\"wpb_row vc_row-fluid vc_row\"  style=\"padding-top: 0px; padding-bottom: 0px; \"><div class=\"row-bg-wrap\" data-bg-animation=\"none\" data-bg-animation-delay=\"\" data-bg-overlay=\"false\"><div class=\"inner-wrap row-bg-layer\" ><div class=\"row-bg viewport-desktop\"  style=\"\"><\/div><\/div><\/div><div class=\"row_col_wrap_12 col span_12 dark left\">\n\t<div  class=\"vc_col-sm-12 wpb_column column_container vc_column_container col no-extra-padding\"  data-padding-pos=\"all\" data-has-bg-color=\"false\" data-bg-color=\"\" data-bg-opacity=\"1\" data-animation=\"\" data-delay=\"0\" >\n\t\t<div class=\"vc_column-inner\" >\n\t\t\t<div class=\"wpb_wrapper\">\n\t\t\t\t\n<div class=\"wpb_text_column wpb_content_element\" >\n\t<div class=\"wpb_wrapper\">\n\t\t<h5><em>source: https:\/\/hu.wikipedia.org\/wiki\/Wikip%C3%A9dia<\/em><\/h5>\n<h5><em>https:\/\/www.thehealthsite.com\/ayurveda\/herbs\/mustard-seeds-health-benefits-uses-side-effects-and-more-855815\/<\/em><\/h5>\n<h5><em>https:\/\/koronakert.hu\/termek\/amerikai-vasfa-100cm-gymnocladus-dioicus\/?v=7a6ab3827192<\/em><\/h5>\n<h5><em>https:\/\/narancsinfo.hu\/narancs\/<\/em><\/h5>\n<h5><em>https:\/\/kertlap.hu\/angelika\/<\/em><\/h5>\n<h5><em>https:\/\/hu.techexpertolux.com\/cvety\/iris-borodatyj.html<\/em><\/h5>\n\t<\/div>\n<\/div>\n\n\n\n\n\t\t\t<\/div> \n\t\t<\/div>\n\t<\/div> \n<\/div><\/div>","protected":false},"excerpt":{"rendered":"Kolomb\u00f3gy\u00f6k\u00e9r Sz\u00e1rmaz\u00e1s:\u00a0Kelet- \u00e9s D\u00e9l-Afrika tr\u00f3pusi ter\u00fcletein \u0151shonos, ahol 1500 m\u00e9ter tengerszint feletti magass\u00e1gig fordul el\u0151....","protected":false},"author":3,"featured_media":0,"parent":0,"menu_order":0,"comment_status":"closed","ping_status":"closed","template":"","meta":{"_monsterinsights_skip_tracking":false,"_monsterinsights_sitenote_active":false,"_monsterinsights_sitenote_note":"","_monsterinsights_sitenote_category":0,"footnotes":""},"class_list":["post-209543","page","type-page","status-publish"],"_links":{"self":[{"href":"https:\/\/unicumhaz.hu\/en\/wp-json\/wp\/v2\/pages\/209543","targetHints":{"allow":["GET"]}}],"collection":[{"href":"https:\/\/unicumhaz.hu\/en\/wp-json\/wp\/v2\/pages"}],"about":[{"href":"https:\/\/unicumhaz.hu\/en\/wp-json\/wp\/v2\/types\/page"}],"author":[{"embeddable":true,"href":"https:\/\/unicumhaz.hu\/en\/wp-json\/wp\/v2\/users\/3"}],"replies":[{"embeddable":true,"href":"https:\/\/unicumhaz.hu\/en\/wp-json\/wp\/v2\/comments?post=209543"}],"version-history":[{"count":4,"href":"https:\/\/unicumhaz.hu\/en\/wp-json\/wp\/v2\/pages\/209543\/revisions"}],"predecessor-version":[{"id":209570,"href":"https:\/\/unicumhaz.hu\/en\/wp-json\/wp\/v2\/pages\/209543\/revisions\/209570"}],"wp:attachment":[{"href":"https:\/\/unicumhaz.hu\/en\/wp-json\/wp\/v2\/media?parent=209543"}],"curies":[{"name":"wp","href":"https:\/\/api.w.org\/{rel}","templated":true}]}}