{"id":209546,"date":"2022-08-30T12:33:17","date_gmt":"2022-08-30T12:33:17","guid":{"rendered":"https:\/\/unicumhaz.hu\/?page_id=209546"},"modified":"2022-09-15T09:17:38","modified_gmt":"2022-09-15T09:17:38","slug":"irisz","status":"publish","type":"page","link":"https:\/\/unicumhaz.hu\/en\/irisz\/","title":{"rendered":"irisz"},"content":{"rendered":"<div id=\"fws_69e09631817f2\"  data-column-margin=\"default\" data-midnight=\"dark\"  class=\"wpb_row vc_row-fluid vc_row\"  style=\"padding-top: 0px; padding-bottom: 0px; \"><div class=\"row-bg-wrap\" data-bg-animation=\"none\" data-bg-animation-delay=\"\" data-bg-overlay=\"false\"><div class=\"inner-wrap row-bg-layer\" ><div class=\"row-bg viewport-desktop\"  style=\"\"><\/div><\/div><\/div><div class=\"row_col_wrap_12 col span_12 dark left\">\n\t<div  class=\"vc_col-sm-12 wpb_column column_container vc_column_container col no-extra-padding\"  data-padding-pos=\"all\" data-has-bg-color=\"false\" data-bg-color=\"\" data-bg-opacity=\"1\" data-animation=\"\" data-delay=\"0\" >\n\t\t<div class=\"vc_column-inner\" >\n\t\t\t<div class=\"wpb_wrapper\">\n\t\t\t\t<div class=\"img-with-aniamtion-wrap center\" data-max-width=\"100%\" data-max-width-mobile=\"100%\" data-shadow=\"none\" data-animation=\"fade-in\" >\n      <div class=\"inner\">\n        <div class=\"hover-wrap\"> \n          <div class=\"hover-wrap-inner\">\n            <img decoding=\"async\" class=\"img-with-animation skip-lazy\" data-delay=\"0\" height=\"500\" width=\"500\" data-animation=\"fade-in\" src=\"https:\/\/unicumhaz.hu\/wp-content\/uploads\/2022\/07\/iriszgyoker.jpg\" alt=\"\" srcset=\"https:\/\/unicumhaz.hu\/wp-content\/uploads\/2022\/07\/iriszgyoker.jpg 500w, https:\/\/unicumhaz.hu\/wp-content\/uploads\/2022\/07\/iriszgyoker-300x300.jpg 300w, https:\/\/unicumhaz.hu\/wp-content\/uploads\/2022\/07\/iriszgyoker-150x150.jpg 150w, https:\/\/unicumhaz.hu\/wp-content\/uploads\/2022\/07\/iriszgyoker-100x100.jpg 100w, https:\/\/unicumhaz.hu\/wp-content\/uploads\/2022\/07\/iriszgyoker-140x140.jpg 140w, https:\/\/unicumhaz.hu\/wp-content\/uploads\/2022\/07\/iriszgyoker-350x350.jpg 350w\" sizes=\"(max-width: 500px) 100vw, 500px\" \/>\n          <\/div>\n        <\/div>\n      <\/div>\n    <\/div>\n<div class=\"wpb_text_column wpb_content_element\" >\n\t<div class=\"wpb_wrapper\">\n\t\t<h3 style=\"text-align: center;\">\u00cdrisz<\/h3>\n<p style=\"text-align: center;\"><strong>Sz\u00e1rmaz\u00e1s:\u00a0<\/strong>Csak sz\u0171k k\u00f6rben terjedt el az \u00e9szaki m\u00e9rs\u00e9kelt \u00e9g\u00f6v\u00f6n. \u00c9l\u0151helye figyelemre m\u00e9lt\u00f3an v\u00e1ltozatos, a hideg \u00e9s hegyi r\u00e9gi\u00f3kt\u00f3l Eur\u00f3pa f\u00fcves lejt\u0151iig, r\u00e9ts\u00e9geiig \u00e9s foly\u00f3partjaiig, a K\u00f6zel-Kelett\u0151l \u00c9szak-Afrik\u00e1n \u00e1t, eg\u00e9szen \u00c9szak-Amerik\u00e1ig terjed<\/p>\n<p style=\"text-align: center;\"><strong>Felhaszn\u00e1l\u00e1sa:<\/strong>\u00a0Az \u00edrisz f\u0151 gy\u00f3gy\u00e1szati \u200b\u200balapanyaga a riz\u00f3m\u00e1k. A friss gy\u00f6kereknek rendk\u00edv\u00fcl kellemetlen az illata, 3 h\u00f3napos alapos sz\u00e1r\u00edt\u00e1s ut\u00e1n k\u00fcl\u00f6nleges ibolya arom\u00e1t nyernek. A n\u00f6v\u00e9ny er\u0151teljes riz\u00f3m\u00e1i jelent\u0151s mennyis\u00e9g\u0171 ill\u00f3olajat tartalmaznak. A leg\u00e9rt\u00e9kesebb hat\u00f3anyagok a vas, az ir\u00eddium-gl\u00fckozid, a szerves savak, a tanninok, a kem\u00e9ny\u00edt\u0151 \u00e9s a speci\u00e1lis zs\u00edrolaj.<\/p>\n<h3 style=\"text-align: center;\">Iris-plant<\/h3>\n<p style=\"text-align: center;\"><strong>Origin:<\/strong>Its habitat is remarkably diverse, from cold and mountainous regions to the grassy slopes, meadows and riverbanks of Europe, from the Middle East to North Africa, to North America.<\/p>\n<p style=\"text-align: center;\"><strong>Uses:<\/strong>\u00a0The main medicinal material of the iris is the rhizomes. The fresh roots have an extremely unpleasant smell, after 3 months of thorough drying, they acquire a special violet aroma. The powerful rhizomes of the plant contain significant amounts of essential oil. The most valuable active ingredients are iron, iridium glucoside, organic acids, tannins, starch and special fatty oil.<\/p>\n<h3 style=\"text-align: center;\"><strong>\u0418\u0440\u0438\u0441<\/strong><\/h3>\n<p style=\"text-align: center;\"><strong>\u041f\u0440\u043e\u0438\u0441\u0445\u043e\u0436\u0434\u0435\u043d\u0438\u0435:<\/strong> \u041e\u043d \u0440\u0430\u0441\u043f\u0440\u043e\u0441\u0442\u0440\u0430\u043d\u0438\u043b\u0441\u044f \u043b\u0438\u0448\u044c \u0432 \u0443\u0437\u043a\u043e\u043c \u043a\u0440\u0443\u0433\u0443 \u0432 \u0441\u0435\u0432\u0435\u0440\u043d\u043e\u0439 \u0443\u043c\u0435\u0440\u0435\u043d\u043d\u043e\u0439 \u0437\u043e\u043d\u0435. \u0415\u0433\u043e \u0441\u0440\u0435\u0434\u0430 \u043e\u0431\u0438\u0442\u0430\u043d\u0438\u044f \u0443\u0434\u0438\u0432\u0438\u0442\u0435\u043b\u044c\u043d\u043e \u0440\u0430\u0437\u043d\u043e\u043e\u0431\u0440\u0430\u0437\u043d\u0430: \u043e\u0442 \u0445\u043e\u043b\u043e\u0434\u043d\u044b\u0445 \u0438 \u0433\u043e\u0440\u043d\u044b\u0445 \u0440\u0430\u0439\u043e\u043d\u043e\u0432 \u0434\u043e \u0442\u0440\u0430\u0432\u044f\u043d\u0438\u0441\u0442\u044b\u0445 \u0441\u043a\u043b\u043e\u043d\u043e\u0432, \u043b\u0443\u0433\u043e\u0432 \u0438 \u0431\u0435\u0440\u0435\u0433\u043e\u0432 \u0440\u0435\u043a \u0415\u0432\u0440\u043e\u043f\u044b, \u043e\u0442 \u0411\u043b\u0438\u0436\u043d\u0435\u0433\u043e \u0412\u043e\u0441\u0442\u043e\u043a\u0430 \u0434\u043e \u0421\u0435\u0432\u0435\u0440\u043d\u043e\u0439 \u0410\u0444\u0440\u0438\u043a\u0438 \u0438 \u0421\u0435\u0432\u0435\u0440\u043d\u043e\u0439 \u0410\u043c\u0435\u0440\u0438\u043a\u0438.<\/p>\n<p style=\"text-align: center;\"><strong>\u0418\u0441\u043f\u043e\u043b\u044c\u0437<\/strong><strong>\u043e\u0432\u0430\u043d\u0438\u0435:<\/strong> \u041e\u0441\u043d\u043e\u0432\u043d\u044b\u043c \u043b\u0435\u043a\u0430\u0440\u0441\u0442\u0432\u0435\u043d\u043d\u044b\u043c \u0441\u044b\u0440\u044c\u0435\u043c \u0438\u0440\u0438\u0441\u0430 \u044f\u0432\u043b\u044f\u044e\u0442\u0441\u044f \u043a\u043e\u0440\u043d\u0435\u0432\u0438\u0449\u0430. \u0421\u0432\u0435\u0436\u0438\u0435 \u043a\u043e\u0440\u043d\u0438 \u0438\u043c\u0435\u044e\u0442 \u043a\u0440\u0430\u0439\u043d\u0435 \u043d\u0435\u043f\u0440\u0438\u044f\u0442\u043d\u044b\u0439 \u0437\u0430\u043f\u0430\u0445, \u043f\u043e\u0441\u043b\u0435 3 \u043c\u0435\u0441\u044f\u0446\u0435\u0432 \u0442\u0449\u0430\u0442\u0435\u043b\u044c\u043d\u043e\u0439 \u0441\u0443\u0448\u043a\u0438 \u043f\u0440\u0438\u043e\u0431\u0440\u0435\u0442\u0430\u044e\u0442 \u043e\u0441\u043e\u0431\u044b\u0439 \u0444\u0438\u0430\u043b\u043a\u043e\u0432\u044b\u0439 \u0430\u0440\u043e\u043c\u0430\u0442. \u041a\u043e\u0440\u043d\u0435\u0432\u0438\u0449\u0430 \u0440\u0430\u0441\u0442\u0435\u043d\u0438\u044f \u0441\u043e\u0434\u0435\u0440\u0436\u0430\u0442 \u0437\u043d\u0430\u0447\u0438\u0442\u0435\u043b\u044c\u043d\u043e\u0435 \u043a\u043e\u043b\u0438\u0447\u0435\u0441\u0442\u0432\u043e \u044d\u0444\u0438\u0440\u043d\u043e\u0433\u043e \u043c\u0430\u0441\u043b\u0430. \u041d\u0430\u0438\u0431\u043e\u043b\u0435\u0435 \u0446\u0435\u043d\u043d\u044b\u043c\u0438 \u0434\u0435\u0439\u0441\u0442\u0432\u0443\u044e\u0449\u0438\u043c\u0438 \u0432\u0435\u0449\u0435\u0441\u0442\u0432\u0430\u043c\u0438 \u044f\u0432\u043b\u044f\u044e\u0442\u0441\u044f \u0436\u0435\u043b\u0435\u0437\u043e, \u0433\u043b\u044e\u043a\u043e\u0437\u0438\u0434 \u0438\u0440\u0438\u0434\u0438\u044f, \u043e\u0440\u0433\u0430\u043d\u0438\u0447\u0435\u0441\u043a\u0438\u0435 \u043a\u0438\u0441\u043b\u043e\u0442\u044b, \u0434\u0443\u0431\u0438\u043b\u044c\u043d\u044b\u0435 \u0432\u0435\u0449\u0435\u0441\u0442\u0432\u0430, \u043a\u0440\u0430\u0445\u043c\u0430\u043b \u0438 \u0441\u043f\u0435\u0446\u0438\u0430\u043b\u044c\u043d\u043e\u0435 \u0436\u0438\u0440\u043d\u043e\u0435 \u043c\u0430\u0441\u043b\u043e. \u041c\u0430\u0439\u0438 \u0438\u0441\u043f\u043e\u043b\u044c\u0437\u043e\u0432\u0430\u043b\u0438 \u043a\u043e\u0440\u0435\u043d\u044c \u0438\u0440\u0438\u0441\u0430 \u0442\u0430\u043a\u0436\u0435 \u0432 \u043a\u0430\u0447\u0435\u0441\u0442\u0432\u0435 \u0444\u0430\u043b\u043b\u043e\u0438\u043c\u0438\u0442\u0430\u0442\u043e\u0440\u0430 \u0438\u0437-\u0437\u0430 \u0435\u0433\u043e \u0442\u043e\u043b\u0449\u0438\u043d\u044b.<\/p>\n\t<\/div>\n<\/div>\n\n\n\n\n\t\t\t<\/div> \n\t\t<\/div>\n\t<\/div> \n<\/div><\/div>\n\t\t<div id=\"fws_69e0963183450\"  data-column-margin=\"default\" data-midnight=\"dark\"  class=\"wpb_row vc_row-fluid vc_row\"  style=\"padding-top: 0px; padding-bottom: 0px; \"><div class=\"row-bg-wrap\" data-bg-animation=\"none\" data-bg-animation-delay=\"\" data-bg-overlay=\"false\"><div class=\"inner-wrap row-bg-layer\" ><div class=\"row-bg viewport-desktop\"  style=\"\"><\/div><\/div><\/div><div class=\"row_col_wrap_12 col span_12 dark left\">\n\t<div  class=\"vc_col-sm-12 wpb_column column_container vc_column_container col no-extra-padding\"  data-padding-pos=\"all\" data-has-bg-color=\"false\" data-bg-color=\"\" data-bg-opacity=\"1\" data-animation=\"\" data-delay=\"0\" >\n\t\t<div class=\"vc_column-inner\" >\n\t\t\t<div class=\"wpb_wrapper\">\n\t\t\t\t<div class=\"divider-wrap\" data-alignment=\"default\"><div style=\"margin-top: 12.5px; height: 5px; margin-bottom: 12.5px;\" data-width=\"100%\" data-animate=\"\" data-animation-delay=\"\" data-color=\"accent-color\" class=\"divider-border\"><\/div><\/div>\n\t\t\t<\/div> \n\t\t<\/div>\n\t<\/div> \n<\/div><\/div>\n\t\t<div id=\"fws_69e096318441a\"  data-column-margin=\"default\" data-midnight=\"dark\"  class=\"wpb_row vc_row-fluid vc_row\"  style=\"padding-top: 0px; padding-bottom: 0px; \"><div class=\"row-bg-wrap\" data-bg-animation=\"none\" data-bg-animation-delay=\"\" data-bg-overlay=\"false\"><div class=\"inner-wrap row-bg-layer\" ><div class=\"row-bg viewport-desktop\"  style=\"\"><\/div><\/div><\/div><div class=\"row_col_wrap_12 col span_12 dark left\">\n\t<div  class=\"vc_col-sm-12 wpb_column column_container vc_column_container col no-extra-padding\"  data-padding-pos=\"all\" data-has-bg-color=\"false\" data-bg-color=\"\" data-bg-opacity=\"1\" data-animation=\"\" data-delay=\"0\" >\n\t\t<div class=\"vc_column-inner\" >\n\t\t\t<div class=\"wpb_wrapper\">\n\t\t\t\t\n<div class=\"wpb_text_column wpb_content_element\" >\n\t<div class=\"wpb_wrapper\">\n\t\t<h5><em>source: https:\/\/hu.wikipedia.org\/wiki\/Wikip%C3%A9dia<\/em><\/h5>\n<h5><em>https:\/\/www.thehealthsite.com\/ayurveda\/herbs\/mustard-seeds-health-benefits-uses-side-effects-and-more-855815\/<\/em><\/h5>\n<h5><em>https:\/\/koronakert.hu\/termek\/amerikai-vasfa-100cm-gymnocladus-dioicus\/?v=7a6ab3827192<\/em><\/h5>\n<h5><em>https:\/\/narancsinfo.hu\/narancs\/<\/em><\/h5>\n<h5><em>https:\/\/kertlap.hu\/angelika\/<\/em><\/h5>\n<h5><em>https:\/\/hu.techexpertolux.com\/cvety\/iris-borodatyj.html<\/em><\/h5>\n\t<\/div>\n<\/div>\n\n\n\n\n\t\t\t<\/div> \n\t\t<\/div>\n\t<\/div> \n<\/div><\/div>","protected":false},"excerpt":{"rendered":"\u00cdrisz Sz\u00e1rmaz\u00e1s:\u00a0Csak sz\u0171k k\u00f6rben terjedt el az \u00e9szaki m\u00e9rs\u00e9kelt \u00e9g\u00f6v\u00f6n. \u00c9l\u0151helye figyelemre m\u00e9lt\u00f3an v\u00e1ltozatos, a...","protected":false},"author":3,"featured_media":0,"parent":0,"menu_order":0,"comment_status":"closed","ping_status":"closed","template":"","meta":{"_monsterinsights_skip_tracking":false,"_monsterinsights_sitenote_active":false,"_monsterinsights_sitenote_note":"","_monsterinsights_sitenote_category":0,"footnotes":""},"class_list":["post-209546","page","type-page","status-publish"],"_links":{"self":[{"href":"https:\/\/unicumhaz.hu\/en\/wp-json\/wp\/v2\/pages\/209546","targetHints":{"allow":["GET"]}}],"collection":[{"href":"https:\/\/unicumhaz.hu\/en\/wp-json\/wp\/v2\/pages"}],"about":[{"href":"https:\/\/unicumhaz.hu\/en\/wp-json\/wp\/v2\/types\/page"}],"author":[{"embeddable":true,"href":"https:\/\/unicumhaz.hu\/en\/wp-json\/wp\/v2\/users\/3"}],"replies":[{"embeddable":true,"href":"https:\/\/unicumhaz.hu\/en\/wp-json\/wp\/v2\/comments?post=209546"}],"version-history":[{"count":3,"href":"https:\/\/unicumhaz.hu\/en\/wp-json\/wp\/v2\/pages\/209546\/revisions"}],"predecessor-version":[{"id":209571,"href":"https:\/\/unicumhaz.hu\/en\/wp-json\/wp\/v2\/pages\/209546\/revisions\/209571"}],"wp:attachment":[{"href":"https:\/\/unicumhaz.hu\/en\/wp-json\/wp\/v2\/media?parent=209546"}],"curies":[{"name":"wp","href":"https:\/\/api.w.org\/{rel}","templated":true}]}}