{"id":209549,"date":"2022-08-30T12:35:19","date_gmt":"2022-08-30T12:35:19","guid":{"rendered":"https:\/\/unicumhaz.hu\/?page_id=209549"},"modified":"2022-09-15T09:18:21","modified_gmt":"2022-09-15T09:18:21","slug":"izsopfu","status":"publish","type":"page","link":"https:\/\/unicumhaz.hu\/en\/izsopfu\/","title":{"rendered":"izsopfu"},"content":{"rendered":"<div id=\"fws_69e1ded026142\"  data-column-margin=\"default\" data-midnight=\"dark\"  class=\"wpb_row vc_row-fluid vc_row\"  style=\"padding-top: 0px; padding-bottom: 0px; \"><div class=\"row-bg-wrap\" data-bg-animation=\"none\" data-bg-animation-delay=\"\" data-bg-overlay=\"false\"><div class=\"inner-wrap row-bg-layer\" ><div class=\"row-bg viewport-desktop\"  style=\"\"><\/div><\/div><\/div><div class=\"row_col_wrap_12 col span_12 dark left\">\n\t<div  class=\"vc_col-sm-12 wpb_column column_container vc_column_container col no-extra-padding\"  data-padding-pos=\"all\" data-has-bg-color=\"false\" data-bg-color=\"\" data-bg-opacity=\"1\" data-animation=\"\" data-delay=\"0\" >\n\t\t<div class=\"vc_column-inner\" >\n\t\t\t<div class=\"wpb_wrapper\">\n\t\t\t\t<div class=\"img-with-aniamtion-wrap center\" data-max-width=\"100%\" data-max-width-mobile=\"100%\" data-shadow=\"none\" data-animation=\"fade-in\" >\n      <div class=\"inner\">\n        <div class=\"hover-wrap\"> \n          <div class=\"hover-wrap-inner\">\n            <img decoding=\"async\" class=\"img-with-animation skip-lazy\" data-delay=\"0\" height=\"500\" width=\"500\" data-animation=\"fade-in\" src=\"https:\/\/unicumhaz.hu\/wp-content\/uploads\/2022\/07\/izsopfu.jpg\" alt=\"\" srcset=\"https:\/\/unicumhaz.hu\/wp-content\/uploads\/2022\/07\/izsopfu.jpg 500w, https:\/\/unicumhaz.hu\/wp-content\/uploads\/2022\/07\/izsopfu-300x300.jpg 300w, https:\/\/unicumhaz.hu\/wp-content\/uploads\/2022\/07\/izsopfu-150x150.jpg 150w, https:\/\/unicumhaz.hu\/wp-content\/uploads\/2022\/07\/izsopfu-100x100.jpg 100w, https:\/\/unicumhaz.hu\/wp-content\/uploads\/2022\/07\/izsopfu-140x140.jpg 140w, https:\/\/unicumhaz.hu\/wp-content\/uploads\/2022\/07\/izsopfu-350x350.jpg 350w\" sizes=\"(max-width: 500px) 100vw, 500px\" \/>\n          <\/div>\n        <\/div>\n      <\/div>\n    <\/div>\n<div class=\"wpb_text_column wpb_content_element\" >\n\t<div class=\"wpb_wrapper\">\n\t\t<h3 style=\"text-align: center;\">Izs\u00f3pf\u0171<\/h3>\n<p style=\"text-align: center;\"><strong>Sz\u00e1rmaz\u00e1s:\u00a0<\/strong>\u00c9szak-Amerika \u00e9szaknyugati pr\u00e9rijeir\u0151l \u00e9s Kanada d\u00e9li ter\u00fcleteir\u0151l sz\u00e1rmazik. Hihetetlen\u00fcl b\u00edrja a sz\u00e1razs\u00e1got, eg\u00e9szen 2.500 m\u00e9teres tengerszint feletti magass\u00e1gig megtal\u00e1lhat\u00f3.<\/p>\n<p style=\"text-align: center;\"><strong>Felhaszn\u00e1l\u00e1sa:<\/strong>\u00a0Enyh\u00e9n izzaszt\u00f3 hat\u00e1s\u00fa te\u00e1j\u00e1t els\u0151sorban k\u00f6h\u00f6g\u00e9s, megh\u0171l\u00e9s eset\u00e9n alkalmazz\u00e1k. Em\u00e9szt\u00e9si panaszokra is hat\u00e1sos. Antiszeptikus hat\u00e1s\u00fa, a legk\u00fcl\u00f6nf\u00e9l\u00e9bb s\u00e9r\u00fcl\u00e9sek gy\u00f3gy\u00edt\u00e1s\u00e1ra, hasmen\u00e9s ellen haszn\u00e1lj\u00e1k, csillap\u00edtja a l\u00e1zat is.<\/p>\n<h3 style=\"text-align: center;\">Hyssop<\/h3>\n<p style=\"text-align: center;\"><strong>Origin:<\/strong>It originates from the Northwestern prairies of North America and the southern areas of Canada. It is incredibly drought tolerant and can be found up to 2,500 meters above sea level.<\/p>\n<p style=\"text-align: center;\"><strong>Uses:<\/strong>\u00a0Its slightly diaphoretic tea is mainly used for coughs and colds. It is also effective for digestive complaints.<\/p>\n<h3 style=\"text-align: center;\"><strong>\u0418\u0441\u0441\u043e\u043f<\/strong><\/h3>\n<p style=\"text-align: center;\"><strong>\u041f\u0440\u043e\u0438\u0441\u0445\u043e\u0436\u0434\u0435\u043d\u0438\u0435: <\/strong>\u041f\u0440\u043e\u0438\u0441\u0445\u043e\u0434\u0438\u0442 \u0438\u0437 \u0441\u0435\u0432\u0435\u0440\u043e-\u0437\u0430\u043f\u0430\u0434\u043d\u044b\u0445 \u043f\u0440\u0435\u0440\u0438\u0439 \u0421\u0435\u0432\u0435\u0440\u043d\u043e\u0439 \u0410\u043c\u0435\u0440\u0438\u043a\u0438 \u0438 \u044e\u0436\u043d\u044b\u0445 \u0440\u0430\u0439\u043e\u043d\u043e\u0432 \u041a\u0430\u043d\u0430\u0434\u044b. \u041e\u043d \u0438\u0441\u043a\u043b\u044e\u0447\u0438\u0442\u0435\u043b\u044c\u043d\u043e \u0437\u0430\u0441\u0443\u0445\u043e\u0443\u0441\u0442\u043e\u0439\u0447\u0438\u0432 \u0438 \u043c\u043e\u0436\u0435\u0442 \u0431\u044b\u0442\u044c \u043d\u0430\u0439\u0434\u0435\u043d \u043d\u0430 \u0432\u044b\u0441\u043e\u0442\u0435 \u0434\u043e 2500 \u043c\u0435\u0442\u0440\u043e\u0432 \u043d\u0430\u0434 \u0443\u0440\u043e\u0432\u043d\u0435\u043c \u043c\u043e\u0440\u044f.<\/p>\n<p style=\"text-align: center;\"><strong>\u0418\u0441\u043f\u043e\u043b\u044c\u0437\u0440\u0432\u0430\u043d\u0438\u0435: <\/strong>\u0415\u0433\u043e \u0441\u043b\u0435\u0433\u043a\u0430 \u043f\u043e\u0442\u043e\u0433\u043e\u043d\u043d\u044b\u0439 \u0447\u0430\u0439 \u0432 \u043e\u0441\u043e\u0431\u0435\u043d\u043d\u043e \u043f\u0440\u0438\u043c\u0435\u043d\u044f\u044e\u0442 \u043f\u0440\u0438 \u043a\u0430\u0448\u043b\u0435 \u0438 \u043f\u0440\u043e\u0441\u0442\u0443\u0434\u0435. \u041e\u043d \u0442\u0430\u043a\u0436\u0435 \u044d\u0444\u0444\u0435\u043a\u0442\u0438\u0432\u0435\u043d \u043f\u0440\u0438 \u0440\u0430\u0441\u0441\u0442\u0440\u043e\u0439\u0441\u0442\u0432\u0430\u0445 \u0436\u0435\u043b\u0443\u0434\u043a\u0430. \u041e\u0431\u043b\u0430\u0434\u0430\u0435\u0442 \u0430\u043d\u0442\u0438\u0441\u0435\u043f\u0442\u0438\u0447\u0435\u0441\u043a\u0438\u043c \u0434\u0435\u0439\u0441\u0442\u0432\u0438\u0435\u043c, \u043f\u0440\u0438\u043c\u0435\u043d\u044f\u0435\u0442\u0441\u044f \u0434\u043b\u044f \u0437\u0430\u0436\u0438\u0432\u043b\u0435\u043d\u0438\u044f \u0441\u0430\u043c\u044b\u0445 \u0440\u0430\u0437\u043d\u043e\u043e\u0431\u0440\u0430\u0437\u043d\u044b\u0445 \u0442\u0440\u0430\u0432\u043c, \u043f\u0440\u043e\u0442\u0438\u0432 \u0434\u0438\u0430\u0440\u0435\u0438, \u0430 \u0442\u0430\u043a\u0436\u0435 \u0441\u043d\u0438\u0436\u0430\u0435\u0442 \u0442\u0435\u043c\u043f\u0435\u0440\u0430\u0442\u0443\u0440\u0443.<\/p>\n\t<\/div>\n<\/div>\n\n\n\n\n\t\t\t<\/div> \n\t\t<\/div>\n\t<\/div> \n<\/div><\/div>\n\t\t<div id=\"fws_69e1ded02892f\"  data-column-margin=\"default\" data-midnight=\"dark\"  class=\"wpb_row vc_row-fluid vc_row\"  style=\"padding-top: 0px; padding-bottom: 0px; \"><div class=\"row-bg-wrap\" data-bg-animation=\"none\" data-bg-animation-delay=\"\" data-bg-overlay=\"false\"><div class=\"inner-wrap row-bg-layer\" ><div class=\"row-bg viewport-desktop\"  style=\"\"><\/div><\/div><\/div><div class=\"row_col_wrap_12 col span_12 dark left\">\n\t<div  class=\"vc_col-sm-12 wpb_column column_container vc_column_container col no-extra-padding\"  data-padding-pos=\"all\" data-has-bg-color=\"false\" data-bg-color=\"\" data-bg-opacity=\"1\" data-animation=\"\" data-delay=\"0\" >\n\t\t<div class=\"vc_column-inner\" >\n\t\t\t<div class=\"wpb_wrapper\">\n\t\t\t\t<div class=\"divider-wrap\" data-alignment=\"default\"><div style=\"margin-top: 12.5px; height: 5px; margin-bottom: 12.5px;\" data-width=\"100%\" data-animate=\"\" data-animation-delay=\"\" data-color=\"accent-color\" class=\"divider-border\"><\/div><\/div>\n\t\t\t<\/div> \n\t\t<\/div>\n\t<\/div> \n<\/div><\/div>\n\t\t<div id=\"fws_69e1ded02a74a\"  data-column-margin=\"default\" data-midnight=\"dark\"  class=\"wpb_row vc_row-fluid vc_row\"  style=\"padding-top: 0px; padding-bottom: 0px; \"><div class=\"row-bg-wrap\" data-bg-animation=\"none\" data-bg-animation-delay=\"\" data-bg-overlay=\"false\"><div class=\"inner-wrap row-bg-layer\" ><div class=\"row-bg viewport-desktop\"  style=\"\"><\/div><\/div><\/div><div class=\"row_col_wrap_12 col span_12 dark left\">\n\t<div  class=\"vc_col-sm-12 wpb_column column_container vc_column_container col no-extra-padding\"  data-padding-pos=\"all\" data-has-bg-color=\"false\" data-bg-color=\"\" data-bg-opacity=\"1\" data-animation=\"\" data-delay=\"0\" >\n\t\t<div class=\"vc_column-inner\" >\n\t\t\t<div class=\"wpb_wrapper\">\n\t\t\t\t\n<div class=\"wpb_text_column wpb_content_element\" >\n\t<div class=\"wpb_wrapper\">\n\t\t<h5><em>source: https:\/\/hu.wikipedia.org\/wiki\/Wikip%C3%A9dia<\/em><\/h5>\n<h5><em>https:\/\/www.thehealthsite.com\/ayurveda\/herbs\/mustard-seeds-health-benefits-uses-side-effects-and-more-855815\/<\/em><\/h5>\n<h5><em>https:\/\/koronakert.hu\/termek\/amerikai-vasfa-100cm-gymnocladus-dioicus\/?v=7a6ab3827192<\/em><\/h5>\n<h5><em>https:\/\/narancsinfo.hu\/narancs\/<\/em><\/h5>\n<h5><em>https:\/\/kertlap.hu\/angelika\/<\/em><\/h5>\n<h5><em>https:\/\/hu.techexpertolux.com\/cvety\/iris-borodatyj.html<\/em><\/h5>\n\t<\/div>\n<\/div>\n\n\n\n\n\t\t\t<\/div> \n\t\t<\/div>\n\t<\/div> \n<\/div><\/div>","protected":false},"excerpt":{"rendered":"Izs\u00f3pf\u0171 Sz\u00e1rmaz\u00e1s:\u00a0\u00c9szak-Amerika \u00e9szaknyugati pr\u00e9rijeir\u0151l \u00e9s Kanada d\u00e9li ter\u00fcleteir\u0151l sz\u00e1rmazik. Hihetetlen\u00fcl b\u00edrja a sz\u00e1razs\u00e1got, eg\u00e9szen 2.500...","protected":false},"author":3,"featured_media":0,"parent":0,"menu_order":0,"comment_status":"closed","ping_status":"closed","template":"","meta":{"_monsterinsights_skip_tracking":false,"_monsterinsights_sitenote_active":false,"_monsterinsights_sitenote_note":"","_monsterinsights_sitenote_category":0,"footnotes":""},"class_list":["post-209549","page","type-page","status-publish"],"_links":{"self":[{"href":"https:\/\/unicumhaz.hu\/en\/wp-json\/wp\/v2\/pages\/209549","targetHints":{"allow":["GET"]}}],"collection":[{"href":"https:\/\/unicumhaz.hu\/en\/wp-json\/wp\/v2\/pages"}],"about":[{"href":"https:\/\/unicumhaz.hu\/en\/wp-json\/wp\/v2\/types\/page"}],"author":[{"embeddable":true,"href":"https:\/\/unicumhaz.hu\/en\/wp-json\/wp\/v2\/users\/3"}],"replies":[{"embeddable":true,"href":"https:\/\/unicumhaz.hu\/en\/wp-json\/wp\/v2\/comments?post=209549"}],"version-history":[{"count":3,"href":"https:\/\/unicumhaz.hu\/en\/wp-json\/wp\/v2\/pages\/209549\/revisions"}],"predecessor-version":[{"id":209572,"href":"https:\/\/unicumhaz.hu\/en\/wp-json\/wp\/v2\/pages\/209549\/revisions\/209572"}],"wp:attachment":[{"href":"https:\/\/unicumhaz.hu\/en\/wp-json\/wp\/v2\/media?parent=209549"}],"curies":[{"name":"wp","href":"https:\/\/api.w.org\/{rel}","templated":true}]}}