{"id":212754,"date":"2025-07-28T09:45:55","date_gmt":"2025-07-28T09:45:55","guid":{"rendered":"https:\/\/unicumhaz.hu\/?page_id=212754"},"modified":"2025-07-28T10:18:13","modified_gmt":"2025-07-28T10:18:13","slug":"helyszini-jegyvasarlas","status":"publish","type":"page","link":"https:\/\/unicumhaz.hu\/en\/helyszini-jegyvasarlas\/","title":{"rendered":"Buy tickets on the spot"},"content":{"rendered":"<div id=\"fws_69d266cda1ffe\"  data-column-margin=\"default\" data-midnight=\"dark\"  class=\"wpb_row vc_row-fluid vc_row\"  style=\"padding-top: 0px; padding-bottom: 0px; \"><div class=\"row-bg-wrap\" data-bg-animation=\"none\" data-bg-animation-delay=\"\" data-bg-overlay=\"false\"><div class=\"inner-wrap row-bg-layer\" ><div class=\"row-bg viewport-desktop\"  style=\"\"><\/div><\/div><\/div><div class=\"row_col_wrap_12 col span_12 dark left\">\n\t<div  class=\"vc_col-sm-12 wpb_column column_container vc_column_container col no-extra-padding inherit_tablet inherit_phone\"  data-padding-pos=\"all\" data-has-bg-color=\"false\" data-bg-color=\"\" data-bg-opacity=\"1\" data-animation=\"\" data-delay=\"0\" >\n\t\t<div class=\"vc_column-inner\" >\n\t\t\t<div class=\"wpb_wrapper\">\n\t\t\t\t<div class=\"col span_12 section-title text-align-center extra-padding\"><h2>\n<h1 style=\"text-align: center\"><strong>Buy tickets on the spot<\/strong><\/h1>\n<\/h2><\/div><div class=\"clear\"><\/div>\n<div class=\"wpb_text_column wpb_content_element\" >\n\t<div class=\"wpb_wrapper\">\n\t\t<div id=\"GroupWiseSection_1753695739000_Szajbely@zwackunicum.hu_A383ACA00E780000BBFEEC004A000C00_\" class=\"GroupWiseMessageBody active\">\n<div><span id=\"GWPasted23d340a14ce15a3668573174e814fd703\">For our announced dates <span id=\"GWPasted23d340a14ce15a3668573174e814fd704\">during the opening hours of the museum, at <\/span>at the venue (Budapest, IX. Dand\u00e1r u. 1.) it is also possible to purchase tickets in advance by cash, credit card or SZ\u00c9P card. Please note that on the day of your visit we cannot guarantee free places for our programmes, so we recommend that you book your tickets in advance. <a href=\"mailto:muzeum@zwackunicum.hu\">mailto:muzeum@zwackunicum.hu<\/a> by email or at <a href=\"tel:14762383\">1\/476-2383<\/a>-to book in advance for the date of your choice!<\/span><\/div>\n<\/div>\n\t<\/div>\n<\/div>\n\n\n\n\n\t\t\t<\/div> \n\t\t<\/div>\n\t<\/div> \n<\/div><\/div>\n\t\t<div id=\"fws_69d266cda37e1\"  data-column-margin=\"default\" data-midnight=\"dark\"  class=\"wpb_row vc_row-fluid vc_row\"  style=\"padding-top: 0px; padding-bottom: 0px; \"><div class=\"row-bg-wrap\" data-bg-animation=\"none\" data-bg-animation-delay=\"\" data-bg-overlay=\"false\"><div class=\"inner-wrap row-bg-layer\" ><div class=\"row-bg viewport-desktop\"  style=\"\"><\/div><\/div><\/div><div class=\"row_col_wrap_12 col span_12 dark left\">\n\t<div  class=\"vc_col-sm-12 wpb_column column_container vc_column_container col no-extra-padding inherit_tablet inherit_phone\"  data-padding-pos=\"all\" data-has-bg-color=\"false\" data-bg-color=\"\" data-bg-opacity=\"1\" data-animation=\"\" data-delay=\"0\" >\n\t\t<div class=\"vc_column-inner\" >\n\t\t\t<div class=\"wpb_wrapper\">\n\t\t\t\t\n\t\t\t<\/div> \n\t\t<\/div>\n\t<\/div> \n<\/div><\/div>","protected":false},"excerpt":{"rendered":"Helysz\u00edni jegyv\u00e1s\u00e1rl\u00e1s Meghirdetett id\u0151pontjainkra a m\u00fazeum nyitvatart\u00e1si idej\u00e9ben, a helysz\u00ednen (Budapest, IX. Dand\u00e1r u. 1.)...","protected":false},"author":3,"featured_media":0,"parent":0,"menu_order":0,"comment_status":"closed","ping_status":"closed","template":"","meta":{"_monsterinsights_skip_tracking":false,"_monsterinsights_sitenote_active":false,"_monsterinsights_sitenote_note":"","_monsterinsights_sitenote_category":0,"footnotes":""},"class_list":["post-212754","page","type-page","status-publish"],"_links":{"self":[{"href":"https:\/\/unicumhaz.hu\/en\/wp-json\/wp\/v2\/pages\/212754","targetHints":{"allow":["GET"]}}],"collection":[{"href":"https:\/\/unicumhaz.hu\/en\/wp-json\/wp\/v2\/pages"}],"about":[{"href":"https:\/\/unicumhaz.hu\/en\/wp-json\/wp\/v2\/types\/page"}],"author":[{"embeddable":true,"href":"https:\/\/unicumhaz.hu\/en\/wp-json\/wp\/v2\/users\/3"}],"replies":[{"embeddable":true,"href":"https:\/\/unicumhaz.hu\/en\/wp-json\/wp\/v2\/comments?post=212754"}],"version-history":[{"count":3,"href":"https:\/\/unicumhaz.hu\/en\/wp-json\/wp\/v2\/pages\/212754\/revisions"}],"predecessor-version":[{"id":212764,"href":"https:\/\/unicumhaz.hu\/en\/wp-json\/wp\/v2\/pages\/212754\/revisions\/212764"}],"wp:attachment":[{"href":"https:\/\/unicumhaz.hu\/en\/wp-json\/wp\/v2\/media?parent=212754"}],"curies":[{"name":"wp","href":"https:\/\/api.w.org\/{rel}","templated":true}]}}